{"id":192,"date":"2017-04-09T09:45:51","date_gmt":"2017-04-09T07:45:51","guid":{"rendered":"http:\/\/wordpress.nibis.de\/gsasberg\/?page_id=192"},"modified":"2026-02-23T21:16:01","modified_gmt":"2026-02-23T19:16:01","slug":"beratungslehrerin","status":"publish","type":"page","link":"https:\/\/wordpress.nibis.de\/gsasberg\/beratungslehrerin\/","title":{"rendered":"Beratungslehrerin"},"content":{"rendered":"\n<p>Als Schule m\u00f6chten wir gerne gemeinsam zum Wohle der Sch\u00fcler und Sch\u00fclerinnen t\u00e4tig sein. Grunds\u00e4tzlich ist Ihr(e) Klassenlehrer\/in erster Ansprechpartner f\u00fcr alle schulischen Fragen. Bei einigen Fragen kann es helfen auch die Angebote der Schulberatung in Anspruch zu nehmen. Beratung ist ein Angebot, dass jedem an der Schule Beteiligten offen steht und bietet die M\u00f6glichkeit bei<\/p>\n\n\n\n<ul class=\"wp-block-list\">\n<li><strong>Lernschwierigkeiten ( z.B. Schulangst, Lernen lernen, Konzentrationsschw\u00e4chen)<\/strong><\/li>\n\n\n\n<li><strong>Verhaltensauff\u00e4lligkeiten, soziale Konflikte<\/strong><\/li>\n\n\n\n<li><strong>Schulschwierigkeiten oder anderen Sorgen<\/strong><\/li>\n<\/ul>\n\n\n\n<p>aus einer anderen Perspektive auf einen belastenden Sachverhalt einzugehen.<\/p>\n\n\n\n<p>Eine Beratung steht unter dem <strong>Schutz der Vertrauchlichkeit<\/strong> und findet nur auf eigenen Wunsch statt. Unter dem Prinzip &#8211;<strong>Hilfe zur Selbsthilfe<\/strong> &#8211; wird nach L\u00f6sungen gesucht.&nbsp;Beratung hei\u00dft hier gemeinsam m\u00f6gliche L\u00f6sungen und Ziele zu entwickeln und M\u00f6glichkeiten daf\u00fcr zu finden.<\/p>\n\n\n\n<p>Als Beratungslehrerin arbeite ich im direkten Kontakt mit der Schulpsychologie der Landesschulbeh\u00f6rde zusammen.<\/p>\n\n\n\n<figure class=\"wp-block-table\"><table><tbody><tr><td>Beratungslehrerin: Alexandra S\u00fc\u00df<br \/><strong>Termine nach Vereinbarung<\/strong><br \/>Sprechstunde: Freitag, 2. Stunde (8.30.- 09.15Uhr)<br \/>Email: b&#101;&#114;&#x61;&#x74;u&#110;&#103;&#x40;&#x67;&#x73;-&#97;&#115;&#x62;&#x2e;de<br \/>Telefon: 0531-470 5308 \u00a0<p>\u00a0<\/p><p><strong>Bitte diese Nummer nicht f\u00fcr Entschuldigungen\/\u00a0Krankheit\u00a0f\u00fcr Ihr Kind benutzen.\u00a0<\/strong><\/p><\/td><\/tr><\/tbody><\/table><\/figure>\n\n\n\n<p>Sie k\u00f6nnen mir auch eine Nachricht mit Ihrer\u00a0Telefonnummer in dem Beratungsbriefkasten hinterlegen oder \u00fcber das Sekretariat Kontakt mit mir aufnehmen.<\/p>\n","protected":false},"excerpt":{"rendered":"<p>Als Schule m\u00f6chten wir gerne gemeinsam zum Wohle der Sch\u00fcler und Sch\u00fclerinnen t\u00e4tig sein. Grunds\u00e4tzlich ist Ihr(e) Klassenlehrer\/in erster Ansprechpartner f\u00fcr alle schulischen Fragen. Bei einigen Fragen kann es helfen auch die Angebote der Schulberatung in Anspruch zu nehmen. Beratung &hellip; <a href=\"https:\/\/wordpress.nibis.de\/gsasberg\/beratungslehrerin\/\">Weiterlesen <span class=\"meta-nav\">&rarr;<\/span><\/a><\/p>\n","protected":false},"author":550,"featured_media":1664,"parent":0,"menu_order":0,"comment_status":"closed","ping_status":"closed","template":"sidebar-page.php","meta":{"footnotes":""},"class_list":["post-192","page","type-page","status-publish","has-post-thumbnail","hentry"],"_links":{"self":[{"href":"https:\/\/wordpress.nibis.de\/gsasberg\/wp-json\/wp\/v2\/pages\/192","targetHints":{"allow":["GET"]}}],"collection":[{"href":"https:\/\/wordpress.nibis.de\/gsasberg\/wp-json\/wp\/v2\/pages"}],"about":[{"href":"https:\/\/wordpress.nibis.de\/gsasberg\/wp-json\/wp\/v2\/types\/page"}],"author":[{"embeddable":true,"href":"https:\/\/wordpress.nibis.de\/gsasberg\/wp-json\/wp\/v2\/users\/550"}],"replies":[{"embeddable":true,"href":"https:\/\/wordpress.nibis.de\/gsasberg\/wp-json\/wp\/v2\/comments?post=192"}],"version-history":[{"count":109,"href":"https:\/\/wordpress.nibis.de\/gsasberg\/wp-json\/wp\/v2\/pages\/192\/revisions"}],"predecessor-version":[{"id":1635,"href":"https:\/\/wordpress.nibis.de\/gsasberg\/wp-json\/wp\/v2\/pages\/192\/revisions\/1635"}],"wp:featuredmedia":[{"embeddable":true,"href":"https:\/\/wordpress.nibis.de\/gsasberg\/wp-json\/wp\/v2\/media\/1664"}],"wp:attachment":[{"href":"https:\/\/wordpress.nibis.de\/gsasberg\/wp-json\/wp\/v2\/media?parent=192"}],"curies":[{"name":"wp","href":"https:\/\/api.w.org\/{rel}","templated":true}]}}