{"id":194,"date":"2017-04-09T09:46:08","date_gmt":"2017-04-09T07:46:08","guid":{"rendered":"http:\/\/wordpress.nibis.de\/gsasberg\/?page_id=194"},"modified":"2026-02-23T21:11:20","modified_gmt":"2026-02-23T19:11:20","slug":"schuelerrat","status":"publish","type":"page","link":"https:\/\/wordpress.nibis.de\/gsasberg\/schuelerrat\/","title":{"rendered":"Sch\u00fclerrat"},"content":{"rendered":"<p><strong><span style=\"color: #000000;font-size: large\"><span style=\"color: #008080\">Hallo !<\/span><br \/><\/span><\/strong><br \/>Wir sind der Sch\u00fclerrat der Grundschule Am Schwarzen Berge und m\u00f6chten unsere Arbeit und was wir so machen hier kurz vorstellen. Es gibt uns seit 2015 an der Schule und wir setzen uns zusammen aus den Klassensprechern und Klassensprecherinnen der Jahrg\u00e4nge 1 bis 4. Unser gr\u00fcnes Sch\u00fclerratsmaskottchen hat der erste Sch\u00fclerrat erfunden und sitzt selbstgen\u00e4ht im Beratungsraum der Schule.<br \/><span style=\"color: #33cccc\">Wir haben eine Sch\u00fclerratspause und treffen uns jeden\u00a0Donnerstag &#8211;\u00a0um uns auszutauschen und an unseren Ideen zu arbeiten.<\/span><\/p>\n<p>\u00a0<\/p>\n<table border=\"0\" width=\"100%\">\n<tbody>\n<tr>\n<td valign=\"top\">\n<div style=\"text-align: center\" align=\"left\"><span style=\"color: #0000ff\"><b>B\u00fcchersommer 2027<\/b><\/span><\/div>\n<div align=\"left\">\u00a0 \u00a0 \u00a0 \u00a0 \u00a0 \u00a0 \u00a0 \u00a0 \u00a0 \u00a0 \u00a0<\/div>\n<\/td>\n<\/tr>\n<\/tbody>\n<\/table>\n\n","protected":false},"excerpt":{"rendered":"<p>Hallo !Wir sind der Sch\u00fclerrat der Grundschule Am Schwarzen Berge und m\u00f6chten unsere Arbeit und was wir so machen hier kurz vorstellen. Es gibt uns seit 2015 an der Schule und wir setzen uns zusammen aus den Klassensprechern und Klassensprecherinnen &hellip; <a href=\"https:\/\/wordpress.nibis.de\/gsasberg\/schuelerrat\/\">Weiterlesen <span class=\"meta-nav\">&rarr;<\/span><\/a><\/p>\n","protected":false},"author":550,"featured_media":1663,"parent":0,"menu_order":0,"comment_status":"closed","ping_status":"closed","template":"sidebar-page.php","meta":{"footnotes":""},"class_list":["post-194","page","type-page","status-publish","has-post-thumbnail","hentry"],"_links":{"self":[{"href":"https:\/\/wordpress.nibis.de\/gsasberg\/wp-json\/wp\/v2\/pages\/194","targetHints":{"allow":["GET"]}}],"collection":[{"href":"https:\/\/wordpress.nibis.de\/gsasberg\/wp-json\/wp\/v2\/pages"}],"about":[{"href":"https:\/\/wordpress.nibis.de\/gsasberg\/wp-json\/wp\/v2\/types\/page"}],"author":[{"embeddable":true,"href":"https:\/\/wordpress.nibis.de\/gsasberg\/wp-json\/wp\/v2\/users\/550"}],"replies":[{"embeddable":true,"href":"https:\/\/wordpress.nibis.de\/gsasberg\/wp-json\/wp\/v2\/comments?post=194"}],"version-history":[{"count":58,"href":"https:\/\/wordpress.nibis.de\/gsasberg\/wp-json\/wp\/v2\/pages\/194\/revisions"}],"predecessor-version":[{"id":1642,"href":"https:\/\/wordpress.nibis.de\/gsasberg\/wp-json\/wp\/v2\/pages\/194\/revisions\/1642"}],"wp:featuredmedia":[{"embeddable":true,"href":"https:\/\/wordpress.nibis.de\/gsasberg\/wp-json\/wp\/v2\/media\/1663"}],"wp:attachment":[{"href":"https:\/\/wordpress.nibis.de\/gsasberg\/wp-json\/wp\/v2\/media?parent=194"}],"curies":[{"name":"wp","href":"https:\/\/api.w.org\/{rel}","templated":true}]}}