{"id":196,"date":"2017-04-09T09:46:22","date_gmt":"2017-04-09T07:46:22","guid":{"rendered":"http:\/\/wordpress.nibis.de\/gsasberg\/?page_id=196"},"modified":"2026-02-23T21:08:40","modified_gmt":"2026-02-23T19:08:40","slug":"kids","status":"publish","type":"page","link":"https:\/\/wordpress.nibis.de\/gsasberg\/kids\/","title":{"rendered":"KidS"},"content":{"rendered":"<div align=\"left\">\n<p><strong><i>KidS<\/i><\/strong> e.V. (<strong>K<\/strong>inder <strong>i<\/strong>n <strong>d<\/strong>er <strong>S<\/strong>chule) ist eine Elterninitiative, die 1996 als erste Einrichtung in einer Braunschweiger Schule, in der Grundschule\u00a0\u00a0<i>Am Schwarzen Berge <\/i>gegr\u00fcndet wurde.<\/p>\n<p>Seit 2012 sind wir Kooperationspartner f\u00fcr den Ganztagsbetrieb der Schule. Unser Team besteht aus vier qualifizierten Fachkr\u00e4ften und vier p\u00e4dagogischen Mitarbeitern.<\/p>\n<p><strong><em>KidS<\/em><\/strong> betreut zur Zeit drei Gruppen mit je 25 Kindern und eine Gruppe mit 20 Kindern:<\/p>\n<\/div>\n<div align=\"left\">Drei Gruppen von 13.00 &#8211; 15.00 Uhr (Betreuung kostenfrei, zzgl. Mittagessen) und eine Gruppe bis 16.00 Uhr (Betreuung 30,00 \u20ac im Monat, zzgl. Mittagessen).<\/div>\n<div align=\"left\"><\/div>\n<div align=\"left\">Kontakt:<\/div>\n<div align=\"left\">KidS e.V<\/div>\n<div align=\"left\">KOGS Am Schwarzen Berge<\/div>\n<div align=\"left\">Am Schwarzen Berge 73<\/div>\n<div align=\"left\">38122 Braunschweig<\/div>\n<div align=\"left\"><\/div>\n<div align=\"left\">Email: <a href=\"&#x6d;&#x61;&#105;&#108;&#116;o&#x3a;&#x6b;&#x69;&#100;&#115;-a&#x6d;&#x73;&#x63;&#104;&#119;a&#x72;&#x7a;&#x65;&#110;&#98;&#101;r&#x67;&#x40;&#x77;&#101;&#98;&#46;d&#x65;\">kids&#45;&#97;&#109;&#115;&#99;&#104;&#119;&#x61;&#x72;&#x7a;&#x65;&#x6e;&#x62;&#x65;&#x72;&#x67;&#64;web&#46;&#100;&#101;<\/a><\/div>\n<div align=\"left\">Telefon: 0170- 66 71 52 4<\/div>\n","protected":false},"excerpt":{"rendered":"<p>KidS e.V. (Kinder in der Schule) ist eine Elterninitiative, die 1996 als erste Einrichtung in einer Braunschweiger Schule, in der Grundschule\u00a0\u00a0Am Schwarzen Berge gegr\u00fcndet wurde. Seit 2012 sind wir Kooperationspartner f\u00fcr den Ganztagsbetrieb der Schule. Unser Team besteht aus vier &hellip; <a href=\"https:\/\/wordpress.nibis.de\/gsasberg\/kids\/\">Weiterlesen <span class=\"meta-nav\">&rarr;<\/span><\/a><\/p>\n","protected":false},"author":550,"featured_media":1662,"parent":0,"menu_order":0,"comment_status":"closed","ping_status":"closed","template":"sidebar-page.php","meta":{"footnotes":""},"class_list":["post-196","page","type-page","status-publish","has-post-thumbnail","hentry"],"_links":{"self":[{"href":"https:\/\/wordpress.nibis.de\/gsasberg\/wp-json\/wp\/v2\/pages\/196","targetHints":{"allow":["GET"]}}],"collection":[{"href":"https:\/\/wordpress.nibis.de\/gsasberg\/wp-json\/wp\/v2\/pages"}],"about":[{"href":"https:\/\/wordpress.nibis.de\/gsasberg\/wp-json\/wp\/v2\/types\/page"}],"author":[{"embeddable":true,"href":"https:\/\/wordpress.nibis.de\/gsasberg\/wp-json\/wp\/v2\/users\/550"}],"replies":[{"embeddable":true,"href":"https:\/\/wordpress.nibis.de\/gsasberg\/wp-json\/wp\/v2\/comments?post=196"}],"version-history":[{"count":5,"href":"https:\/\/wordpress.nibis.de\/gsasberg\/wp-json\/wp\/v2\/pages\/196\/revisions"}],"predecessor-version":[{"id":1073,"href":"https:\/\/wordpress.nibis.de\/gsasberg\/wp-json\/wp\/v2\/pages\/196\/revisions\/1073"}],"wp:featuredmedia":[{"embeddable":true,"href":"https:\/\/wordpress.nibis.de\/gsasberg\/wp-json\/wp\/v2\/media\/1662"}],"wp:attachment":[{"href":"https:\/\/wordpress.nibis.de\/gsasberg\/wp-json\/wp\/v2\/media?parent=196"}],"curies":[{"name":"wp","href":"https:\/\/api.w.org\/{rel}","templated":true}]}}