{"id":198,"date":"2017-04-09T09:46:48","date_gmt":"2017-04-09T07:46:48","guid":{"rendered":"http:\/\/wordpress.nibis.de\/gsasberg\/?page_id=198"},"modified":"2026-02-23T21:27:36","modified_gmt":"2026-02-23T19:27:36","slug":"foerderverein","status":"publish","type":"page","link":"https:\/\/wordpress.nibis.de\/gsasberg\/foerderverein\/","title":{"rendered":"Unser F\u00f6rderverein"},"content":{"rendered":"\n<p>Der F\u00f6rderverein f\u00fcr die Grundschule Am Schwarzen Berge wurde<br \/>am 02.11.2016 unter dem Namen \u201eF\u00f6rderverein der Grundschule<br \/>Am Schwarzen Berge e.V.\u201c ge-gr\u00fcndet.<br \/>Der Verein m\u00f6chte das Miteinander zwischen Sch\u00fclern, Eltern und<br \/>Lehrern f\u00f6rdern, sowie die Bildung und Erziehungsarbeit finanziell<br \/>unterst\u00fctzen.<br \/>Jeder, der sich mit der Schule verbunden f\u00fchlt, kann Mitglied im<br \/>F\u00f6rderverein werden.<br \/>Der Verein stimmt sich mit der Schule ab, welche schulischen und<br \/>au\u00dferschulischen Anschaffungen unterst\u00fctzt werden k\u00f6nnen, die<br \/>im Rahmen des normalen Etats nicht m\u00f6glich sind.<br \/>F\u00fcr nur 12 Euro im Jahr kann jeder Interessierte unsere Grundschule<br \/>unterst\u00fctzen!<\/p>\n\n\n\n<p><\/p>\n\n\n\n<div data-wp-interactive=\"core\/file\" class=\"wp-block-file\"><object data-wp-bind--hidden=\"!state.hasPdfPreview\" hidden class=\"wp-block-file__embed\" data=\"https:\/\/wordpress.nibis.de\/gsasberg\/files\/2023\/05\/Vorstellung-Foerderverein-GS-am-Schwarzen-Berge.pdf\" type=\"application\/pdf\" style=\"width:100%;height:600px\" aria-label=\"Einbettung von Vorstellung-Foerderverein-GS-am-Schwarzen-Berge.\"><\/object><a id=\"wp-block-file--media-a4d8e36b-74c9-4987-8ca9-643eab005de1\" href=\"https:\/\/wordpress.nibis.de\/gsasberg\/files\/2023\/05\/Vorstellung-Foerderverein-GS-am-Schwarzen-Berge.pdf\">Vorstellung-Foerderverein-GS-am-Schwarzen-Berge<\/a><\/div>\n\n\n\n<div class=\"wp-block-file\"><a id=\"wp-block-file--media-db02b6a2-3377-44c0-9545-909be8193cdf\" href=\"https:\/\/wordpress.nibis.de\/gsasberg\/files\/2021\/07\/Bestellung-T-Shirt.pdf\"><strong>Bestellung-T-Shirt<\/strong><\/a><\/div>\n\n\n\n<p><\/p>\n\n\n\n<div class=\"wp-block-file\"><a id=\"wp-block-file--media-67653f80-1619-448e-8048-7ec038dbf1e2\" href=\"https:\/\/wordpress.nibis.de\/gsasberg\/files\/2021\/07\/Schulengel.pdf\"><strong>Schulengel<\/strong><\/a><\/div>\n\n\n\n<p><\/p>\n\n\n\n<p><span style=\"color: #339966\"><strong><a href=\"https:\/\/wordpress.nibis.de\/gsasberg\/files\/2023\/02\/Satzung_GS-ASB_Stand_11_2016-1.pdf\">Satzung_GS-ASB_Stand_11_2016-1<\/a><\/strong><\/span><\/p>\n\n\n\n<div class=\"wp-block-columns is-layout-flex wp-container-core-columns-is-layout-abceabcf wp-block-columns-is-layout-flex\">\n<div class=\"wp-block-column is-layout-flow wp-block-column-is-layout-flow\" style=\"--col-width:100%;flex-basis:100%\"><\/div>\n<\/div>\n","protected":false},"excerpt":{"rendered":"<p>Der F\u00f6rderverein f\u00fcr die Grundschule Am Schwarzen Berge wurdeam 02.11.2016 unter dem Namen \u201eF\u00f6rderverein der GrundschuleAm Schwarzen Berge e.V.\u201c ge-gr\u00fcndet.Der Verein m\u00f6chte das Miteinander zwischen Sch\u00fclern, Eltern undLehrern f\u00f6rdern, sowie die Bildung und Erziehungsarbeit finanziellunterst\u00fctzen.Jeder, der sich mit der Schule &hellip; <a href=\"https:\/\/wordpress.nibis.de\/gsasberg\/foerderverein\/\">Weiterlesen <span class=\"meta-nav\">&rarr;<\/span><\/a><\/p>\n","protected":false},"author":550,"featured_media":1668,"parent":0,"menu_order":0,"comment_status":"closed","ping_status":"closed","template":"sidebar-page.php","meta":{"footnotes":""},"class_list":["post-198","page","type-page","status-publish","has-post-thumbnail","hentry"],"_links":{"self":[{"href":"https:\/\/wordpress.nibis.de\/gsasberg\/wp-json\/wp\/v2\/pages\/198","targetHints":{"allow":["GET"]}}],"collection":[{"href":"https:\/\/wordpress.nibis.de\/gsasberg\/wp-json\/wp\/v2\/pages"}],"about":[{"href":"https:\/\/wordpress.nibis.de\/gsasberg\/wp-json\/wp\/v2\/types\/page"}],"author":[{"embeddable":true,"href":"https:\/\/wordpress.nibis.de\/gsasberg\/wp-json\/wp\/v2\/users\/550"}],"replies":[{"embeddable":true,"href":"https:\/\/wordpress.nibis.de\/gsasberg\/wp-json\/wp\/v2\/comments?post=198"}],"version-history":[{"count":30,"href":"https:\/\/wordpress.nibis.de\/gsasberg\/wp-json\/wp\/v2\/pages\/198\/revisions"}],"predecessor-version":[{"id":1669,"href":"https:\/\/wordpress.nibis.de\/gsasberg\/wp-json\/wp\/v2\/pages\/198\/revisions\/1669"}],"wp:featuredmedia":[{"embeddable":true,"href":"https:\/\/wordpress.nibis.de\/gsasberg\/wp-json\/wp\/v2\/media\/1668"}],"wp:attachment":[{"href":"https:\/\/wordpress.nibis.de\/gsasberg\/wp-json\/wp\/v2\/media?parent=198"}],"curies":[{"name":"wp","href":"https:\/\/api.w.org\/{rel}","templated":true}]}}