{"id":207,"date":"2017-04-09T09:48:59","date_gmt":"2017-04-09T07:48:59","guid":{"rendered":"http:\/\/wordpress.nibis.de\/gsasberg\/?page_id=207"},"modified":"2023-02-22T15:43:54","modified_gmt":"2023-02-22T13:43:54","slug":"simsalabim","status":"publish","type":"page","link":"https:\/\/wordpress.nibis.de\/gsasberg\/simsalabim\/","title":{"rendered":"Simsalabim"},"content":{"rendered":"\n<div class=\"wp-block-image is-style-rounded\"><figure class=\"alignleft\"><img loading=\"lazy\" decoding=\"async\" width=\"750\" height=\"166\" src=\"http:\/\/wordpress.nibis.de\/gsasberg\/files\/2017\/04\/OGSASB_simsalabim.jpg\" alt=\"\" class=\"wp-image-606\" srcset=\"https:\/\/wordpress.nibis.de\/gsasberg\/files\/2017\/04\/OGSASB_simsalabim.jpg 750w, https:\/\/wordpress.nibis.de\/gsasberg\/files\/2017\/04\/OGSASB_simsalabim-300x66.jpg 300w, https:\/\/wordpress.nibis.de\/gsasberg\/files\/2017\/04\/OGSASB_simsalabim-500x111.jpg 500w\" sizes=\"auto, (max-width: 750px) 100vw, 750px\" \/><\/figure><\/div>\n\n\n\n<p>Die Gruppe <strong>Simsalabim<\/strong> wurde im November 2006 von der Schulleitung der GS Am Schwarzen Berge in Zusammenarbeit mit der Abteilung f\u00fcr P\u00e4dagogik an der TU Braunschweig und der Braunschweiger B\u00fcrgerstiftung ins Leben gerufen.In jedem Schulhalbjahr arbeiten Studentinnen und Studenten der TU meistens mit ca. 23 Kindern zusammen. Simsalabim ist mittlerweise ein fester Bestandteil an unserer Schule. Die Kinder haben bei den Auff\u00fchrungen immer sehr viel Spa\u00df. Das Ziel ist es, die Kinder an die verschiedenen M\u00f6glichkeiten des Umgangs mit der deutschen Sprache heranzuf\u00fchren und ihren Wortschatz zu erweitern. Das Selbstbewusstsein der Kinder vor anderen zu sprechen, soll durch die Arbeit an ihrem Projekt genauso gest\u00e4rkt werden, wie ihr Selbstvertrauen eigene Ideen zu entwickeln und auszuf\u00fchren.Simsalabim ist eine sehr bunte Gruppe- es wird mit Kindern unterschiedlichen Alters und mit unterschiedlichem kulturellen Hintergrund zusammengearbeitet.<\/p>\n","protected":false},"excerpt":{"rendered":"<p>Die Gruppe Simsalabim wurde im November 2006 von der Schulleitung der GS Am Schwarzen Berge in Zusammenarbeit mit der Abteilung f\u00fcr P\u00e4dagogik an der TU Braunschweig und der Braunschweiger B\u00fcrgerstiftung ins Leben gerufen.In jedem Schulhalbjahr arbeiten Studentinnen und Studenten der &hellip; <a href=\"https:\/\/wordpress.nibis.de\/gsasberg\/simsalabim\/\">Weiterlesen <span class=\"meta-nav\">&rarr;<\/span><\/a><\/p>\n","protected":false},"author":550,"featured_media":525,"parent":0,"menu_order":0,"comment_status":"closed","ping_status":"closed","template":"sidebar-page.php","meta":{"footnotes":""},"class_list":["post-207","page","type-page","status-publish","has-post-thumbnail","hentry"],"_links":{"self":[{"href":"https:\/\/wordpress.nibis.de\/gsasberg\/wp-json\/wp\/v2\/pages\/207","targetHints":{"allow":["GET"]}}],"collection":[{"href":"https:\/\/wordpress.nibis.de\/gsasberg\/wp-json\/wp\/v2\/pages"}],"about":[{"href":"https:\/\/wordpress.nibis.de\/gsasberg\/wp-json\/wp\/v2\/types\/page"}],"author":[{"embeddable":true,"href":"https:\/\/wordpress.nibis.de\/gsasberg\/wp-json\/wp\/v2\/users\/550"}],"replies":[{"embeddable":true,"href":"https:\/\/wordpress.nibis.de\/gsasberg\/wp-json\/wp\/v2\/comments?post=207"}],"version-history":[{"count":7,"href":"https:\/\/wordpress.nibis.de\/gsasberg\/wp-json\/wp\/v2\/pages\/207\/revisions"}],"predecessor-version":[{"id":1299,"href":"https:\/\/wordpress.nibis.de\/gsasberg\/wp-json\/wp\/v2\/pages\/207\/revisions\/1299"}],"wp:featuredmedia":[{"embeddable":true,"href":"https:\/\/wordpress.nibis.de\/gsasberg\/wp-json\/wp\/v2\/media\/525"}],"wp:attachment":[{"href":"https:\/\/wordpress.nibis.de\/gsasberg\/wp-json\/wp\/v2\/media?parent=207"}],"curies":[{"name":"wp","href":"https:\/\/api.w.org\/{rel}","templated":true}]}}