{"id":209,"date":"2017-04-09T09:49:23","date_gmt":"2017-04-09T07:49:23","guid":{"rendered":"http:\/\/wordpress.nibis.de\/gsasberg\/?page_id=209"},"modified":"2026-02-23T21:00:41","modified_gmt":"2026-02-23T19:00:41","slug":"info-abc-schulanfang","status":"publish","type":"page","link":"https:\/\/wordpress.nibis.de\/gsasberg\/info-abc-schulanfang\/","title":{"rendered":"Info-ABC Schulanfang"},"content":{"rendered":"<table border=\"0\" width=\"100%\">\n<tbody>\n<tr>\n<td valign=\"top\">\n<div align=\"left\"><u>Arbeitsmaterial<\/u><br \/>\nAm Ende eines jeden Schuljahres erh\u00e4lt jedes Kind die Schulbuch- und Materialliste f\u00fcr das kommende Schuljahr. Bitte an die Beschaffung und Bestellung\u00a0sofort\u00a0denken. Sie haben 6 Wochen Zeit.<br \/>\nMit entliehenen B\u00fcchern ist sorgsam umzugehen. In jedem Klassenraum gibt es Materialf\u00e4cher. Material, das nicht f\u00fcr die Hausaufgaben ben\u00f6tigt wird, kann in der Schule verbleiben. Auf diese Weise wird das Gewicht des Schulranzens geringer.<\/div>\n<\/td>\n<\/tr>\n<\/tbody>\n<\/table>\n<table border=\"0\" width=\"100%\">\n<tbody>\n<tr>\n<td valign=\"top\">\n<div align=\"left\"><u>B\u00fccherei<\/u><br \/>\nUnsere B\u00fccherei steht jeder Klasse w\u00f6chentlich f\u00fcr 1 Stunde zur Verf\u00fcgung.<\/div>\n<div align=\"left\">F\u00fcr jedes Lesealter und jede Lesef\u00e4higkeit gibt es ein gro\u00dfes Angebot an spannenden, lustigen, interessanten B\u00fcchern, Tiergeschichten oder Sach- und Fachb\u00fcchern. Die durchschnittliche Ausleihzeit betr\u00e4gt 2 Wochen.<\/div>\n<div align=\"left\"><\/div>\n<div align=\"left\"><u>Betreuung\u00a0<\/u><br \/>\nWir haben an unserer Schule die Elterninitiative \u201eKidS&#8220;. Von dort werden die Kinder des 1. und 2. Jahrgangs \u00a0im Rahmen der Verl\u00e4sslichen Grundschule bis 13.00 Uhr kostenlos betreut. Sie sind auch unser Kooperationspartner im Rahmen der Offenen Ganztagsschule.<\/div>\n<div align=\"left\"><\/div>\n<\/td>\n<\/tr>\n<\/tbody>\n<\/table>\n<table border=\"0\" width=\"100%\">\n<tbody>\n<tr>\n<td valign=\"top\">\n<div align=\"left\"><u>Elternrat<\/u><br \/>\nNach der Wahl aller Klassenelternr\u00e4te wird der Schulelternrat tagen, um Neuwahlen f\u00fcr den Elternratsvorsitz durchzuf\u00fchren. Es finden weitere Elternratssitzungen im Laufe des Schuljahres statt, um alle schulrelevanten Themen zu besprechen.<br \/>\n<u><\/u><\/div>\n<div align=\"left\"><\/div>\n<div align=\"left\"><u>F\u00f6rderverein<\/u><br \/>\nSeit 2016 gibt es den F\u00f6rderverein GS Am Schwarzen Berge e.V.<br \/>\nElternspenden werden hier verwaltet und Projekten der Schule zugef\u00fchrt. Eltern k\u00f6nnen Mitglied werden oder mit freiwilligen Spenden unterst\u00fctzen.<br \/>\nDank dieser finanziellen Unterst\u00fctzung konnten viele besondere Anschaffungen wie z. B. die Schaukel oder die L\u00fcmmelbank get\u00e4tigt werden. Hier k\u00f6nnen Sie auch das Schul-T-Shirt erwerben.<\/div>\n<div align=\"left\"><\/div>\n<div align=\"left\"><u>Elternarbeit<\/u><br \/>\nGrunds\u00e4tzlich w\u00fcnschen wir uns, dass Sie Ihre Kinder in ihrer Schularbeit unterst\u00fctzen. Dazu bieten wir an: Sprechstunden und Elternsprechtage sowie Elterninformationsbriefe.<br \/>\nDar\u00fcber hinaus freuen wir uns \u00fcber Unterst\u00fctzung bei:<br \/>\nElternabenden, Planung und Mitarbeit bei Festen, Feiern und Radfahrpr\u00fcfungen. Dringend ben\u00f6tigt wird Ihre Mitarbeit im Schulvorstand und bei Konferenzen.<\/div>\n<div align=\"left\"><\/div>\n<div align=\"left\"><u>Elternsprechtag<\/u><br \/>\nIm 1. Schulhalbjahr (Nov.) finden Elternsprechtage f\u00fcr alle Jahrg\u00e4nge statt. Dort k\u00f6nnen Eltern nach Anmeldung mit den Klassen- und FachlehrerInnen die schulischen Leistungen und das Verhalten ihrer Kinder besprechen. Im 2. Halbjahr wenden sich die Lehrkr\u00e4fte an Sie. Bitte suchen Sie bei Bedarf auch selbst den Kontakt zur Lehrkraft.<\/div>\n<\/td>\n<\/tr>\n<\/tbody>\n<\/table>\n<table border=\"0\" width=\"100%\">\n<tbody>\n<tr>\n<td valign=\"top\">\n<div align=\"left\"><u>Fahrrad<\/u><br \/>\nIn den ersten 4 Schuljahren kommen die Kinder in der Regel nicht mit dem Fahrrad zur Schule. Am Ende des 4. Schuljahres findet die Radfahrpr\u00fcfung statt.<\/div>\n<div align=\"left\"><\/div>\n<div align=\"left\"><span style=\"color: #ff0000\"><strong><i>Ferien<\/i><\/strong><\/span><\/div>\n<div align=\"left\"><strong>Bitte legen Sie Ihre Urlaubsplanungen auf jeden Fall immer in die vorgegebenen Ferienzeiten,<\/strong> da einer Bitte um Sondergenehmigung nur in ganz wichtigen und begr\u00fcndeten Ausnahmef\u00e4llen entsprochen werden kann.<\/div>\n<div align=\"left\">\n<p>An den Zeugnistagen endet der Unterricht immer nach der 3. Stunde. Es findet auch keine Betreuung im Rahmen der verl\u00e4sslichen Grundschule bis 13.00 Uhr statt, <strong>au\u00dfer f\u00fcr Kinder, die einen Ganztagsplatz bis 15.00 bzw. 16.00 Uhr haben.<\/strong><\/p>\n<p><u>Fr\u00fchst\u00fcck<\/u><br \/>\nNach der ersten Hofpause gibt es in jeder Klasse eine gemeinsame 10min\u00fctige Fr\u00fchst\u00fcckspause. So k\u00f6nnen die Kinder in Ruhe essen und trinken. Bitte geben Sie Ihrem Kind ein Brot, etwas Obst und ein Getr\u00e4nk mit (bitte keine S\u00fc\u00dfigkeiten!)<\/p>\n<\/div>\n<\/td>\n<\/tr>\n<\/tbody>\n<\/table>\n<table border=\"0\" width=\"100%\">\n<tbody>\n<tr>\n<td valign=\"top\">\n<div align=\"left\"><u>Geld<\/u><\/div>\n<div align=\"left\">F\u00fcr akutelle Anl\u00e4sse (z.B. Eintrittsgelder) wird Ihnen ein Termin f\u00fcr die Zahlung genannt. Zum Anfang des Schuljahres werden Beitr\u00e4ge f\u00fcr den Schulplaner, f\u00fcr Bastelmaterial und kleinere Ausgaben f\u00fcr den Unterricht eingesammelt.<\/div>\n<div align=\"left\"><\/div>\n<div align=\"left\"><u>Gespr\u00e4che<\/u><br \/>\nDie Lehrkraft Ihres Kindes steht Ihnen gern f\u00fcr ein Gespr\u00e4ch zur Verf\u00fcgung. Bitte vereinbaren Sie \u00fcber den Schulplaner einen Gespr\u00e4chstermin und kommen Sie <strong>nicht<\/strong> ohne Voranmeldung. Auch zeitintensive Telefontermine sollten vorher abgesprochen werden.<\/div>\n<\/td>\n<\/tr>\n<\/tbody>\n<\/table>\n<table border=\"0\" width=\"100%\">\n<tbody>\n<tr>\n<td valign=\"top\">\n<div align=\"left\"><u>Hausaufgaben<\/u><br \/>\nDie Hausaufgaben dienen der Nacharbeit, Festigung des Unterrichtsinhaltes und Vorbereitung auf n\u00e4chste Stunden.<br \/>\nWichtig sind aber auch die Aufgaben, Gegenst\u00e4nde von zu Hause oder anderswo mitzubringen (z. B. Besteck, Wolle, eine Tasse, Laubbl\u00e4tter, Blumen, ein Spielzeug usw.). Auch Fragen, die beantwortet und notiert werden m\u00fcssen, geh\u00f6ren zu den Hausaufgaben (z. B. \u00a0ein Kuchenrezept abschreiben,Fragen zur Kindheit usw.).<br \/>\nEine wichtige Aufgabe ist das Aufr\u00e4umen von Schulranzen und Etui. Hierbei sollten die Eltern t\u00e4glich helfen.<br \/>\nDie Sportsachen sollten nicht in der Schule verbleiben, sondern mit nach Hause genommen werden, damit sie regelm\u00e4\u00dfig gewaschen werden k\u00f6nnen.<\/div>\n<div align=\"left\"><\/div>\n<\/td>\n<\/tr>\n<\/tbody>\n<\/table>\n<table border=\"0\" width=\"100%\">\n<tbody>\n<tr>\n<td valign=\"top\">\n<div align=\"left\"><u>Schulweg<\/u><br \/>\nDie Eltern erhalten zum Beginn der 1. Klasse einen Schulwegplan. Sie sollten mit Ihrem Kind anhand dieses Planes den eingezeichneten sicheren Schulweg ein\u00fcben.<\/div>\n<div align=\"left\"><u>Schulplaner<\/u><\/div>\n<div align=\"left\">Jedes Kind erh\u00e4lt zum Anfang des Schuljahres einen Schulplaner (Kosten: 5,50 \u20ac) f\u00fcr wichtige Mitteilungen etc. <strong>Bitte schreiben Sie in jedem Fall Ihre Notfall-Telefonnummern hinein,<\/strong> damit Sie f\u00fcr jeden Mitarbeiter unserer Schule immer erreichbar sind.<\/div>\n<div align=\"left\"><\/div>\n<div align=\"left\"><u>Sportkleidung<\/u><br \/>\nWir haben an unserer Schule keine einheitliche Sportkleidung. Eine kurze Sporthose, ein nicht zu weites T-Shirt oder ein Gymnastikanzug sind angemessen.<br \/>\nDie Hallen-Turnschuhe m\u00fcssen eine helle abriebfeste Sohle haben &#8211; bitte keine Gymnastikschuhe, sondern feste Turnschuhe. Diese d\u00fcrfen nur in der Turnhalle getragen werden. Im Sommer findet der Sportunterricht oft drau\u00dfen statt. Dann m\u00fcssen die Kinder andere Turnschuhe f\u00fcr drau\u00dfen mitbringen.<br \/>\nUm die Sicherheit beim Sportunterricht zu gew\u00e4hrleisten, darf kein Schmuck getragen werden und lange Haare m\u00fcssen mit einem Haargummi zur\u00fcck gebunden werden. Wertsachen &#8211; auch Uhren &#8211; sollten an diesen Tagen m\u00f6glichst zu Hause bleiben, ansonsten werden sie von der Sportlehrkraft vor der Stunde eingesammelt.<\/div>\n<\/td>\n<\/tr>\n<\/tbody>\n<\/table>\n<table border=\"0\" width=\"100%\">\n<tbody>\n<tr>\n<td valign=\"top\">\n<div align=\"left\"><\/div>\n<div align=\"left\"><span style=\"color: #ff0080\"><strong>Traditionen<\/strong><\/span><br \/>\nIn unserer kleinen Grundschule gibt es feste Veranstaltungen f\u00fcr alle\u00a0 Sch\u00fcler(innen). Zu den traditionellen Veranstaltungen geh\u00f6ren:<\/div>\n<div align=\"left\"><\/div>\n<ul>\n<li>Faschingsfeier<\/li>\n<li>Gottesdienste zur Einschulung und am letzten Tag vor den Weihnachtsferien<\/li>\n<li>Schulausfl\u00fcge<\/li>\n<li>Besuch des Weihnachtsm\u00e4rchens<\/li>\n<li>Sportfest<\/li>\n<li>Nachtlauf<\/li>\n<li>Lesungen von Kinderbuchautoren \/ Lesewettbewerbe<\/li>\n<\/ul>\n<\/td>\n<\/tr>\n<\/tbody>\n<\/table>\n<table border=\"0\" width=\"100%\">\n<tbody>\n<tr>\n<td valign=\"top\">\n<div align=\"left\"><u>Unterricht<\/u><br \/>\nUm unseren Unterricht abwechslungsreich und allgemeinbildend zu gestalten, besuchen wir mit der ganzen Schule Theatervorstellungen und reisen zu au\u00dferschulischen Lernorten. Die KlassenlehrerInnen entscheiden dar\u00fcber hinaus, welche Angebote den Unterricht sinnvoll erg\u00e4nzen. Die Kosten f\u00fcr Transport und Eintritt m\u00fcssen von den Erziehungsberechtigten \u00fcbernommen werden. \u00dcber das Schuljahr verteilt m\u00fcssen Sie mit Kosten von etwa 45,&#8211; \u20ac rechnen. Es gibt M\u00f6glichkeiten zur Unterst\u00fctzung. Sprechen Sie die Klassenlehrkraft bitte an.<\/div>\n<div align=\"left\"><\/div>\n<div align=\"left\"><u>Unterrichtsbefreiung \/ Beurlaubung<\/u><br \/>\nManchmal lassen sich Arzttermine am Vormittag nicht vermeiden. Bitte geben Sie geplante Termine schon einige Tage vorher bekannt.<br \/>\nWenn Ihr Kind aus gesundheitlichen Gr\u00fcnden f\u00fcr l\u00e4ngere Zeit nicht am Sportunterricht teilnehmen kann oder sogar ganz davon befreit werden muss, legen Sie uns bitte ein \u00e4rztliches Attest vor. Da das Kind aber als Helfende\/r mit in die Halle geht, geben Sie die Turnschuhe bitte mit. Ansonsten reicht ein kurzes Schreiben von Ihnen, in dem die Notwendigkeit einer Unterrichtsbefreiung erl\u00e4utert wird.<br \/>\nAntr\u00e4ge auf Beurlaubungen reichen Sie uns bitte im 14 Tage vorher schriftlich bei der Schulleitung ein.<\/div>\n<div align=\"left\"><\/div>\n<div align=\"left\"><u>Unsere Unterrichtszeiten als Verl\u00e4ssliche Grundschule (VGS) &#8211; siehe Stundenplan!<\/u><br \/>\n08.00 bis 11.40 Uhr Unterricht, Schulschluss f\u00fcr Kinder ohne Betreuung. F\u00fcr Kinder mit Betreuung ist um 13.00 Uhr Schulschluss.<\/div>\n<div align=\"left\"><u>Kooperative Ganztagsschule\u00a0<\/u><br \/>\nAnschlie\u00dfend an VGS Zeiten bis 15.00 und 16.00 Uhr f\u00fcr angemeldete Kinder mit Essen.<\/div>\n<\/td>\n<\/tr>\n<\/tbody>\n<\/table>\n","protected":false},"excerpt":{"rendered":"<p>Arbeitsmaterial Am Ende eines jeden Schuljahres erh\u00e4lt jedes Kind die Schulbuch- und Materialliste f\u00fcr das kommende Schuljahr. Bitte an die Beschaffung und Bestellung\u00a0sofort\u00a0denken. Sie haben 6 Wochen Zeit. Mit entliehenen B\u00fcchern ist sorgsam umzugehen. In jedem Klassenraum gibt es Materialf\u00e4cher. &hellip; <a href=\"https:\/\/wordpress.nibis.de\/gsasberg\/info-abc-schulanfang\/\">Weiterlesen <span class=\"meta-nav\">&rarr;<\/span><\/a><\/p>\n","protected":false},"author":550,"featured_media":1654,"parent":0,"menu_order":0,"comment_status":"closed","ping_status":"closed","template":"sidebar-page.php","meta":{"footnotes":""},"class_list":["post-209","page","type-page","status-publish","has-post-thumbnail","hentry"],"_links":{"self":[{"href":"https:\/\/wordpress.nibis.de\/gsasberg\/wp-json\/wp\/v2\/pages\/209","targetHints":{"allow":["GET"]}}],"collection":[{"href":"https:\/\/wordpress.nibis.de\/gsasberg\/wp-json\/wp\/v2\/pages"}],"about":[{"href":"https:\/\/wordpress.nibis.de\/gsasberg\/wp-json\/wp\/v2\/types\/page"}],"author":[{"embeddable":true,"href":"https:\/\/wordpress.nibis.de\/gsasberg\/wp-json\/wp\/v2\/users\/550"}],"replies":[{"embeddable":true,"href":"https:\/\/wordpress.nibis.de\/gsasberg\/wp-json\/wp\/v2\/comments?post=209"}],"version-history":[{"count":25,"href":"https:\/\/wordpress.nibis.de\/gsasberg\/wp-json\/wp\/v2\/pages\/209\/revisions"}],"predecessor-version":[{"id":1443,"href":"https:\/\/wordpress.nibis.de\/gsasberg\/wp-json\/wp\/v2\/pages\/209\/revisions\/1443"}],"wp:featuredmedia":[{"embeddable":true,"href":"https:\/\/wordpress.nibis.de\/gsasberg\/wp-json\/wp\/v2\/media\/1654"}],"wp:attachment":[{"href":"https:\/\/wordpress.nibis.de\/gsasberg\/wp-json\/wp\/v2\/media?parent=209"}],"curies":[{"name":"wp","href":"https:\/\/api.w.org\/{rel}","templated":true}]}}