{"id":728,"date":"2018-05-10T13:44:13","date_gmt":"2018-05-10T11:44:13","guid":{"rendered":"http:\/\/wordpress.nibis.de\/gsasberg\/?page_id=728"},"modified":"2026-02-23T21:18:04","modified_gmt":"2026-02-23T19:18:04","slug":"schulsozialarbeit","status":"publish","type":"page","link":"https:\/\/wordpress.nibis.de\/gsasberg\/schulsozialarbeit\/","title":{"rendered":"Schulsozialarbeit"},"content":{"rendered":"<p>Schulsozialarbeit an der Grundschule Am Schwarzen Berge<\/p>\n<p>Schulsozialarbeit ist ein offenes sozialp\u00e4dagogisches Angebot und richtet sich an Sch\u00fcler, Eltern und Lehrer. Mittelpunkt der p\u00e4dagogischen Arbeit sind die Unterst\u00fctzung und F\u00f6rderung bei bestehenden Problemlagen neue Wege und L\u00f6sungsm\u00f6glichkeiten zu finden.<\/p>\n<p><strong>Angebot und Aufgabenbereiche sind:<\/strong><\/p>\n<ul>\n<li>Einzelfallarbeit (Regelm\u00e4\u00dfige Gespr\u00e4chstermine, St\u00e4rkung des Selbstbewusstseins, der Sozialkompetenz, individuelle Handlungsweisen)<\/li>\n<li>Klassen- und Kleingruppentrainings zu speziellen Themen (z.B Konflikten, Umgang mit Gef\u00fchlen, F\u00f6rderung soziale Kompetenzen)<\/li>\n<li>Projekt- und Pr\u00e4ventionsarbeit (z.B interkulturelle Angebote, Thema Gesundheit)<\/li>\n<li>Beratungsangebot f\u00fcr Sch\u00fcler, Lehrer und Eltern<\/li>\n<li>Netzwerkarbeit im und au\u00dferhalb des Stadtteils<\/li>\n<\/ul>\n<p>Alle Gespr\u00e4che werden selbstverst\u00e4ndlich vertraulich behandelt und unterliegen der gesetzlichen Schweigepflicht.<\/p>\n<table border=\"0\" width=\"100%\">\n<tbody>\n<tr>\n<td valign=\"top\"><strong>Schulsozialarbeiterin: Frau Wollkopf<\/strong>Telefon: 0531-470 5317<br \/>\nEmail: &#x79;v&#x6f;&#110;&#x6e;&#101;&#46;&#x77;o&#x6c;&#108;&#x6b;&#111;p&#x66;&#64;&#x67;&#115;-&#x61;s&#x62;&#46;&#x64;&#101;<\/td>\n<\/tr>\n<\/tbody>\n<\/table>\n","protected":false},"excerpt":{"rendered":"<p>Schulsozialarbeit an der Grundschule Am Schwarzen Berge Schulsozialarbeit ist ein offenes sozialp\u00e4dagogisches Angebot und richtet sich an Sch\u00fcler, Eltern und Lehrer. Mittelpunkt der p\u00e4dagogischen Arbeit sind die Unterst\u00fctzung und F\u00f6rderung bei bestehenden Problemlagen neue Wege und L\u00f6sungsm\u00f6glichkeiten zu finden. Angebot &hellip; <a href=\"https:\/\/wordpress.nibis.de\/gsasberg\/schulsozialarbeit\/\">Weiterlesen <span class=\"meta-nav\">&rarr;<\/span><\/a><\/p>\n","protected":false},"author":550,"featured_media":1665,"parent":0,"menu_order":0,"comment_status":"closed","ping_status":"closed","template":"sidebar-page.php","meta":{"footnotes":""},"class_list":["post-728","page","type-page","status-publish","has-post-thumbnail","hentry"],"_links":{"self":[{"href":"https:\/\/wordpress.nibis.de\/gsasberg\/wp-json\/wp\/v2\/pages\/728","targetHints":{"allow":["GET"]}}],"collection":[{"href":"https:\/\/wordpress.nibis.de\/gsasberg\/wp-json\/wp\/v2\/pages"}],"about":[{"href":"https:\/\/wordpress.nibis.de\/gsasberg\/wp-json\/wp\/v2\/types\/page"}],"author":[{"embeddable":true,"href":"https:\/\/wordpress.nibis.de\/gsasberg\/wp-json\/wp\/v2\/users\/550"}],"replies":[{"embeddable":true,"href":"https:\/\/wordpress.nibis.de\/gsasberg\/wp-json\/wp\/v2\/comments?post=728"}],"version-history":[{"count":7,"href":"https:\/\/wordpress.nibis.de\/gsasberg\/wp-json\/wp\/v2\/pages\/728\/revisions"}],"predecessor-version":[{"id":1666,"href":"https:\/\/wordpress.nibis.de\/gsasberg\/wp-json\/wp\/v2\/pages\/728\/revisions\/1666"}],"wp:featuredmedia":[{"embeddable":true,"href":"https:\/\/wordpress.nibis.de\/gsasberg\/wp-json\/wp\/v2\/media\/1665"}],"wp:attachment":[{"href":"https:\/\/wordpress.nibis.de\/gsasberg\/wp-json\/wp\/v2\/media?parent=728"}],"curies":[{"name":"wp","href":"https:\/\/api.w.org\/{rel}","templated":true}]}}