{"id":773,"date":"2018-11-12T14:37:27","date_gmt":"2018-11-12T12:37:27","guid":{"rendered":"http:\/\/wordpress.nibis.de\/gsasberg\/?page_id=773"},"modified":"2024-06-10T19:46:16","modified_gmt":"2024-06-10T17:46:16","slug":"datenschutz","status":"publish","type":"page","link":"https:\/\/wordpress.nibis.de\/gsasberg\/datenschutz\/","title":{"rendered":"Datenschutz"},"content":{"rendered":"<p><strong>Informationsblatt gem\u00e4\u00df Art. 13ff. Datenschutzgrundverordnung<\/strong><\/p>\n<p>Im Rahmen der Datenschutzgrundverordnung (DSGVO) muss die Schule \u00fcber die Verarbeitung personenbezogener Daten informieren. Da wir die Flut an Papier minimieren wolle, finden Sie hier das \u201eInformationsblatt gem\u00e4\u00df Art. 13ff. Datenschutzgrundverordnung\u201c.<\/p>\n<p>Informationsblatt DGSVO<br \/><a href=\"http:\/\/wordpress.nibis.de\/gsasberg\/files\/2018\/11\/GSASB_Info_DGSVO.pdf\">GSASB_Info_DGSVO<\/a><\/p>\n<p><a href=\"http:\/\/wordpress.nibis.de\/gsasberg\/files\/2018\/11\/GSASB_2018_Uebersicht-Verarbeitung-personenbezogener-Daten-schule.pdf\">GSASB_2018_Uebersicht-Verarbeitung-personenbezogener-Daten-schule<\/a><\/p>\n\n\n<div data-wp-interactive=\"core\/file\" class=\"wp-block-file\"><object data-wp-bind--hidden=\"!state.hasPdfPreview\" hidden class=\"wp-block-file__embed\" data=\"https:\/\/wordpress.nibis.de\/gsasberg\/files\/2024\/06\/Datenschutzblatt-Annahme-und-Vermittlung-von-Zuwendungen.pdf\" type=\"application\/pdf\" style=\"width:100%;height:200px\" aria-label=\"Einbettung von Einbettung von Datenschutzblatt-Annahme-und-Vermittlung-von-Zuwendungen..\"><\/object><a id=\"wp-block-file--media-f2930617-1b6c-4bed-a1fa-fe657083f66f\" href=\"https:\/\/wordpress.nibis.de\/gsasberg\/files\/2024\/06\/Datenschutzblatt-Annahme-und-Vermittlung-von-Zuwendungen.pdf\">Datenschutzblatt-Annahme-und-Vermittlung-von-Zuwendungen<\/a><a href=\"https:\/\/wordpress.nibis.de\/gsasberg\/files\/2024\/06\/Datenschutzblatt-Annahme-und-Vermittlung-von-Zuwendungen.pdf\" class=\"wp-block-file__button\" download aria-describedby=\"wp-block-file--media-f2930617-1b6c-4bed-a1fa-fe657083f66f\">Herunterladen<\/a><\/div>\n","protected":false},"excerpt":{"rendered":"<p>Informationsblatt gem\u00e4\u00df Art. 13ff. Datenschutzgrundverordnung Im Rahmen der Datenschutzgrundverordnung (DSGVO) muss die Schule \u00fcber die Verarbeitung personenbezogener Daten informieren. Da wir die Flut an Papier minimieren wolle, finden Sie hier das \u201eInformationsblatt gem\u00e4\u00df Art. 13ff. Datenschutzgrundverordnung\u201c. Informationsblatt DGSVOGSASB_Info_DGSVO GSASB_2018_Uebersicht-Verarbeitung-personenbezogener-Daten-schule<\/p>\n","protected":false},"author":550,"featured_media":0,"parent":0,"menu_order":0,"comment_status":"closed","ping_status":"closed","template":"","meta":{"footnotes":""},"class_list":["post-773","page","type-page","status-publish","hentry"],"_links":{"self":[{"href":"https:\/\/wordpress.nibis.de\/gsasberg\/wp-json\/wp\/v2\/pages\/773","targetHints":{"allow":["GET"]}}],"collection":[{"href":"https:\/\/wordpress.nibis.de\/gsasberg\/wp-json\/wp\/v2\/pages"}],"about":[{"href":"https:\/\/wordpress.nibis.de\/gsasberg\/wp-json\/wp\/v2\/types\/page"}],"author":[{"embeddable":true,"href":"https:\/\/wordpress.nibis.de\/gsasberg\/wp-json\/wp\/v2\/users\/550"}],"replies":[{"embeddable":true,"href":"https:\/\/wordpress.nibis.de\/gsasberg\/wp-json\/wp\/v2\/comments?post=773"}],"version-history":[{"count":6,"href":"https:\/\/wordpress.nibis.de\/gsasberg\/wp-json\/wp\/v2\/pages\/773\/revisions"}],"predecessor-version":[{"id":1464,"href":"https:\/\/wordpress.nibis.de\/gsasberg\/wp-json\/wp\/v2\/pages\/773\/revisions\/1464"}],"wp:attachment":[{"href":"https:\/\/wordpress.nibis.de\/gsasberg\/wp-json\/wp\/v2\/media?parent=773"}],"curies":[{"name":"wp","href":"https:\/\/api.w.org\/{rel}","templated":true}]}}