{"id":1003,"date":"2023-06-14T15:48:16","date_gmt":"2023-06-14T13:48:16","guid":{"rendered":"https:\/\/wordpress.nibis.de\/gsaugustfehn\/?page_id=1003"},"modified":"2023-06-14T15:48:16","modified_gmt":"2023-06-14T13:48:16","slug":"spielfest-der-ammerlaender-grundschulen","status":"publish","type":"page","link":"https:\/\/wordpress.nibis.de\/gsaugustfehn\/spielfest-der-ammerlaender-grundschulen\/","title":{"rendered":"Spielfest der Ammerl\u00e4nder Grundschulen"},"content":{"rendered":"\n<p>Am 06. Februar 2023 war es endlich wieder soweit. Das Spielfestteam Ammerland hatte endlich wieder zum beliebten Spielfest der Ammerl\u00e4nder Grundschulen eingeladen.<\/p>\n\n\n\n<p>Insgesamt hatten sich an diesem Vormittag ca. 180 Drittkl\u00e4ssler der GS Brakenhoffschule, GS Apen, Janosch GS Augustfehn, GS Nordloh und GS Gie\u00dfelhorst in der Brakenhoff-Sporthalle versammelt.<\/p>\n\n\n\n<p>Bei diesem Spielfest starteten die Mannschaften\/ Klassen nicht unter dem Namen der jeweiligen Schule, sondern unter einem bestimmten Tiernamen.<\/p>\n\n\n\n<p>Die Janosch GS Augustfehn hatte die Tiersymbole F\u00fcchse, Tiger und B\u00e4ren zugewiesen bekommen.<\/p>\n\n\n\n<p>Das Spielfestteam sorgte erneut f\u00fcr ein sehr abwechslungsreiches Programm und alle Kinder hatten eine Menge Spa\u00df.<\/p>\n\n\n\n<p>Mit gro\u00dfen Einsatz und Begeisterung spielten die Kinder Minihandball, h\u00fcpften auf der H\u00fcpfburg, hatten Spa\u00df bei der Rollbrettstaffel oder spielten Rodeo auf der gro\u00dfen Weichbodenmatte.<\/p>\n\n\n\n<p>Aber auch in der freien Spielzeit wurden tolle Spielangebote von den Kindern genutzt wie beispielsweise das Jonglieren mit T\u00fcchern, das Rollen von der schiefen Ebene oder das Rollbrettfahren. Aber auch Stelzen, H\u00fcpfb\u00e4lle, Moonhopper, Teller oder Diabolo standen zur Auswahl und wurden gerne benutzt.<\/p>\n\n\n\n<p>Am Ende gab es noch ein gemeinsames Abschlussspiel und bestimmt werden sich noch alle Beteiligten noch lange an diesen tollen, bewegungsreichen sowie lustigen Vormittag erinnern.<\/p>\n","protected":false},"excerpt":{"rendered":"<p>Am 06. Februar 2023 war es endlich wieder soweit. Das Spielfestteam Ammerland hatte endlich wieder zum beliebten Spielfest der Ammerl\u00e4nder Grundschulen eingeladen. Insgesamt hatten sich an diesem Vormittag ca. 180 Drittkl\u00e4ssler der GS Brakenhoffschule, GS Apen, Janosch GS Augustfehn, GS Nordloh und GS Gie\u00dfelhorst in der Brakenhoff-Sporthalle versammelt. Bei diesem Spielfest starteten die Mannschaften\/ Klassen nicht unter dem Namen der jeweiligen Schule, sondern unter einem bestimmten Tiernamen. Die Janosch GS Augustfehn hatte die Tiersymbole F\u00fcchse, Tiger und B\u00e4ren zugewiesen bekommen&#8230;.<\/p>\n<p class=\"read-more\"><a class=\"btn btn-default\" href=\"https:\/\/wordpress.nibis.de\/gsaugustfehn\/spielfest-der-ammerlaender-grundschulen\/\">Weiterlesen<span class=\"screen-reader-text\"> Weiterlesen<\/span><\/a><\/p>\n","protected":false},"author":9192395,"featured_media":0,"parent":0,"menu_order":0,"comment_status":"closed","ping_status":"closed","template":"","meta":{"footnotes":""},"class_list":["post-1003","page","type-page","status-publish","hentry"],"_links":{"self":[{"href":"https:\/\/wordpress.nibis.de\/gsaugustfehn\/wp-json\/wp\/v2\/pages\/1003","targetHints":{"allow":["GET"]}}],"collection":[{"href":"https:\/\/wordpress.nibis.de\/gsaugustfehn\/wp-json\/wp\/v2\/pages"}],"about":[{"href":"https:\/\/wordpress.nibis.de\/gsaugustfehn\/wp-json\/wp\/v2\/types\/page"}],"author":[{"embeddable":true,"href":"https:\/\/wordpress.nibis.de\/gsaugustfehn\/wp-json\/wp\/v2\/users\/9192395"}],"replies":[{"embeddable":true,"href":"https:\/\/wordpress.nibis.de\/gsaugustfehn\/wp-json\/wp\/v2\/comments?post=1003"}],"version-history":[{"count":1,"href":"https:\/\/wordpress.nibis.de\/gsaugustfehn\/wp-json\/wp\/v2\/pages\/1003\/revisions"}],"predecessor-version":[{"id":1005,"href":"https:\/\/wordpress.nibis.de\/gsaugustfehn\/wp-json\/wp\/v2\/pages\/1003\/revisions\/1005"}],"wp:attachment":[{"href":"https:\/\/wordpress.nibis.de\/gsaugustfehn\/wp-json\/wp\/v2\/media?parent=1003"}],"curies":[{"name":"wp","href":"https:\/\/api.w.org\/{rel}","templated":true}]}}