{"id":2,"date":"2017-09-29T16:16:32","date_gmt":"2017-09-29T14:16:32","guid":{"rendered":"http:\/\/wordpress.nibis.de\/gsaugustfehn\/?page_id=2"},"modified":"2025-01-14T14:04:04","modified_gmt":"2025-01-14T13:04:04","slug":"beispiel-seite","status":"publish","type":"page","link":"https:\/\/wordpress.nibis.de\/gsaugustfehn\/beispiel-seite\/","title":{"rendered":"Die Schule"},"content":{"rendered":"<p style=\"text-align: left\">Unsere Schule liegt mitten im Ort Augustfehn und wird von ca. 240 Sch\u00fclerinnen und Sch\u00fclern besucht.<\/p>\n<p style=\"text-align: left\">Neben der verl\u00e4sslichen Grundschule sind wir seit 2015 auch eine offene Ganztagsschule.<\/p>\n<p style=\"text-align: left\">Dies bedeutet f\u00fcr Ihre Kinder eine verl\u00e4ssliche Betreuung in der Zeit von 7:45 Uhr \u2013 12:45 Uhr.<\/p>\n<p style=\"text-align: left\">Danach findet das Ganztagsangebot mit Mittagessen, Lernzeit und wechselnden Aktionen bis 15:15 Uhr statt.<\/p>\n","protected":false},"excerpt":{"rendered":"<p>Unsere Schule liegt mitten im Ort Augustfehn und wird von ca. 240 Sch\u00fclerinnen und Sch\u00fclern besucht. Neben der verl\u00e4sslichen Grundschule sind wir seit 2015 auch eine offene Ganztagsschule. Dies bedeutet f\u00fcr Ihre Kinder eine verl\u00e4ssliche Betreuung in der Zeit von 7:45 Uhr \u2013 12:45 Uhr. Danach findet das Ganztagsangebot mit Mittagessen, Lernzeit und wechselnden Aktionen bis 15:15 Uhr statt.<\/p>\n","protected":false},"author":9192395,"featured_media":0,"parent":0,"menu_order":0,"comment_status":"closed","ping_status":"open","template":"","meta":{"footnotes":""},"class_list":["post-2","page","type-page","status-publish","hentry"],"_links":{"self":[{"href":"https:\/\/wordpress.nibis.de\/gsaugustfehn\/wp-json\/wp\/v2\/pages\/2","targetHints":{"allow":["GET"]}}],"collection":[{"href":"https:\/\/wordpress.nibis.de\/gsaugustfehn\/wp-json\/wp\/v2\/pages"}],"about":[{"href":"https:\/\/wordpress.nibis.de\/gsaugustfehn\/wp-json\/wp\/v2\/types\/page"}],"author":[{"embeddable":true,"href":"https:\/\/wordpress.nibis.de\/gsaugustfehn\/wp-json\/wp\/v2\/users\/9192395"}],"replies":[{"embeddable":true,"href":"https:\/\/wordpress.nibis.de\/gsaugustfehn\/wp-json\/wp\/v2\/comments?post=2"}],"version-history":[{"count":8,"href":"https:\/\/wordpress.nibis.de\/gsaugustfehn\/wp-json\/wp\/v2\/pages\/2\/revisions"}],"predecessor-version":[{"id":1170,"href":"https:\/\/wordpress.nibis.de\/gsaugustfehn\/wp-json\/wp\/v2\/pages\/2\/revisions\/1170"}],"wp:attachment":[{"href":"https:\/\/wordpress.nibis.de\/gsaugustfehn\/wp-json\/wp\/v2\/media?parent=2"}],"curies":[{"name":"wp","href":"https:\/\/api.w.org\/{rel}","templated":true}]}}