{"id":438,"date":"2018-09-21T18:30:25","date_gmt":"2018-09-21T16:30:25","guid":{"rendered":"http:\/\/wordpress.nibis.de\/gsaugustfehn\/?page_id=438"},"modified":"2023-06-14T15:55:37","modified_gmt":"2023-06-14T13:55:37","slug":"veranstaltungen-projekte-2","status":"publish","type":"page","link":"https:\/\/wordpress.nibis.de\/gsaugustfehn\/veranstaltungen-projekte-2\/","title":{"rendered":"Veranstaltungen \/ Projekte"},"content":{"rendered":"<p style=\"text-align: center\"><span style=\"font-size: 14pt\"><em><strong>Schuljahr 2022\/2023<\/strong><\/em><\/span><\/p>\n<p style=\"text-align: center\">\n<p style=\"text-align: center\"><a href=\"https:\/\/wordpress.nibis.de\/gsaugustfehn\/besuch-im-tier-und-freizeitpark-thuele\/\">Besuch im Tier- und Freizeitpark Th\u00fcle<\/a><\/p>\n<p style=\"text-align: center\"><a href=\"https:\/\/wordpress.nibis.de\/gsaugustfehn\/sinfonie-der-tiere\/\">Sinfonie der Tiere<\/a><\/p>\n<p style=\"text-align: center\"><a href=\"https:\/\/wordpress.nibis.de\/gsaugustfehn\/spielfest-der-ammerlaender-grundschulen\/\"><u>Spielfest der Ammerl\u00e4nder Grundschulen &#8211; 3. Schuljahr<\/u><\/a><\/p>\n<p style=\"text-align: center\"><a class=\"row-title\" href=\"https:\/\/wordpress.nibis.de\/gsaugustfehn\/trommelwoche\/\" target=\"_blank\" rel=\"noopener\" aria-label=\"\u201eTrommelwoche\u201c (Bearbeiten)\">Trommelwoche<\/a><\/p>\n<p style=\"text-align: center\"><a class=\"row-title\" href=\"https:\/\/wordpress.nibis.de\/gsaugustfehn\/gemuetliches-zusammensein-in-der-adventszeit\/\" target=\"_blank\" rel=\"noopener\" aria-label=\"\u201eGem\u00fctliches Zusammensein in der Adventszeit\u201c (Bearbeiten)\">Advent im Azurit-Pflegezentrum<\/a><\/p>\n<p style=\"text-align: center\"><a class=\"row-title\" href=\"https:\/\/wordpress.nibis.de\/gsaugustfehn\/weihnachtsbaeckerei\/\" target=\"_blank\" rel=\"noopener\" aria-label=\"\u201eWeihnachtsb\u00e4ckerei\u201c (Bearbeiten)\">Weihnachtsb\u00e4ckerei<\/a><\/p>\n<p style=\"text-align: center\"><a class=\"row-title\" href=\"https:\/\/wordpress.nibis.de\/gsaugustfehn\/die-2-klassen-beim-znt-in-aurich\/\" target=\"_blank\" rel=\"noopener\" aria-label=\"\u201eDie 2. Klassen beim ZNT in Aurich\u201c (Bearbeiten)\">Die 2. Klassen beim ZNT in Aurich<\/a><\/p>\n<p style=\"text-align: center\"><a class=\"row-title\" href=\"https:\/\/wordpress.nibis.de\/gsaugustfehn\/handball-grundschulaktionstag-an-der-janosch-gs\/\" target=\"_blank\" rel=\"noopener\" aria-label=\"\u201eHandball-Grundschulaktionstag an der Janosch GS\u201c (Bearbeiten)\">Handball-Grundschulaktionstag an der Janosch GS<\/a><\/p>\n<p style=\"text-align: center\"><span style=\"font-size: 14pt\"><em><strong>Schuljahr 2021\/2022<\/strong><\/em><\/span><\/p>\n<p style=\"text-align: center\"><a href=\"https:\/\/wordpress.nibis.de\/gsaugustfehn\/verkehrssicherheitstag\/\" target=\"_blank\" rel=\"noopener\">Verkehrssicherheitstage<\/a><\/p>\n<p style=\"text-align: center\"><span style=\"font-size: 14pt\"><em><strong>Schuljahr 2020\/2021<\/strong><\/em><\/span><\/p>\n<p style=\"text-align: center\">Wegen der Corona-Pandemie fanden in diesem Schuljahr leider keine Veranstaltungen statt.<\/p>\n<p style=\"text-align: center\"><span style=\"font-size: 14pt\"><em><strong>Schuljahr 2019\/2020<\/strong><\/em><\/span><\/p>\n<p style=\"text-align: center\">Ab M\u00e4rz 2020 wurden leider alle geplanten Veranstaltungen und Ausfl\u00fcge wegen der Corona-Pandemie abgesagt.<\/p>\n<p style=\"text-align: center\"><a href=\"https:\/\/wordpress.nibis.de\/gsaugustfehn\/1a-und-1b-bei-annes-buehne\/\" target=\"_blank\" rel=\"noopener noreferrer\">Die ersten Klassen im Weihnachtstheater<\/a><\/p>\n<p style=\"text-align: center\"><a href=\"https:\/\/wordpress.nibis.de\/gsaugustfehn\/schulchor-singt-zum-advent\/\" target=\"_blank\" rel=\"noopener noreferrer\">Schulchor singt im Advent<\/a><\/p>\n<p style=\"text-align: center\"><a href=\"https:\/\/wordpress.nibis.de\/gsaugustfehn\/spielenachmittag\/\" target=\"_blank\" rel=\"noopener noreferrer\">Spielenachmittag<\/a><\/p>\n<p style=\"text-align: center\"><a href=\"https:\/\/wordpress.nibis.de\/gsaugustfehn\/erntedankfruehstueck\/\" target=\"_blank\" rel=\"noopener noreferrer\">Erntedankfr\u00fchst\u00fcck<\/a><\/p>\n<p style=\"text-align: center\"><span style=\"font-size: 14pt\"><em><strong>Schuljahr 2018\/2019<\/strong><\/em><\/span><\/p>\n<p style=\"text-align: center\"><a href=\"http:\/\/wordpress.nibis.de\/gsaugustfehn\/schulchor-singt-fuer-senioren\/\">Schulchor singt f\u00fcr Senioren<\/a><\/p>\n<p style=\"text-align: center\"><a href=\"http:\/\/wordpress.nibis.de\/gsaugustfehn\/die-klasse-4a-in-der-ammerlandklinik\/\">Die Klasse 4a in der Ammerlandklinik<\/a><\/p>\n<p style=\"text-align: center\"><a href=\"http:\/\/wordpress.nibis.de\/gsaugustfehn\/erster-kinderkleider-und-spielzeugflohmarkt\/\">Erster Kinderkleider- und Spielzeugflohmarkt in der Janosch-Grundschule<\/a><\/p>\n<p style=\"text-align: center\"><a href=\"http:\/\/wordpress.nibis.de\/gsaugustfehn\/erstes-kinderbasteln-an-der-janosch-grundschule\/\">Erstes Kinderbasteln an der Janosch-Grundschule<\/a><\/p>\n<p style=\"text-align: center\"><a href=\"http:\/\/wordpress.nibis.de\/gsaugustfehn\/gruenes-klassenzimmer-2\/\">Gr\u00fcnes Klassenzimmer<\/a><\/p>\n<p style=\"text-align: center\"><a href=\"http:\/\/wordpress.nibis.de\/gsaugustfehn\/handball-grundschul-aktionstag\/\">Handball-Grundschul-Aktionstag<\/a><\/p>\n<p style=\"text-align: center\"><a href=\"http:\/\/wordpress.nibis.de\/gsaugustfehn\/projekt-weihnachtsbasteln\/\">Projekt Weihnachtsbasteln<\/a><\/p>\n<p style=\"text-align: center\"><a href=\"https:\/\/wordpress.nibis.de\/gsaugustfehn\/der-schulchor-im-azurit\/\">Der Schulchor im Azurit<\/a><\/p>\n<p style=\"text-align: center\"><a href=\"https:\/\/wordpress.nibis.de\/gsaugustfehn\/spielefest-2019\/\" target=\"_blank\" rel=\"noopener noreferrer\">Spielefest<\/a><\/p>\n<p style=\"text-align: center\"><a href=\"https:\/\/wordpress.nibis.de\/gsaugustfehn\/handballturnier\/\" target=\"_blank\" rel=\"noopener noreferrer\">Handballturnier<\/a><\/p>\n<p style=\"text-align: center\"><a href=\"https:\/\/wordpress.nibis.de\/gsaugustfehn\/lesewettbewerb\/\" target=\"_blank\" rel=\"noopener noreferrer\">Lesewettbewerb<\/a><\/p>\n<p style=\"text-align: center\"><a href=\"https:\/\/wordpress.nibis.de\/gsaugustfehn\/trommelfest-der-tiere\/\" target=\"_blank\" rel=\"noopener noreferrer\">Trommelfest der Tiere<\/a><\/p>\n<p style=\"text-align: center\"><a href=\"https:\/\/wordpress.nibis.de\/gsaugustfehn\/kraeuterspirale\/\" target=\"_blank\" rel=\"noopener noreferrer\">Kr\u00e4uterspirale<\/a><\/p>\n<p style=\"text-align: center\"><a href=\"https:\/\/wordpress.nibis.de\/gsaugustfehn\/znt\/\" target=\"_blank\" rel=\"noopener noreferrer\">Die zweiten Klassen im ZNT<\/a><\/p>\n","protected":false},"excerpt":{"rendered":"<p>Schuljahr 2022\/2023 Besuch im Tier- und Freizeitpark Th\u00fcle Sinfonie der Tiere Spielfest der Ammerl\u00e4nder Grundschulen &#8211; 3. Schuljahr Trommelwoche Advent im Azurit-Pflegezentrum Weihnachtsb\u00e4ckerei Die 2. Klassen beim ZNT in Aurich Handball-Grundschulaktionstag an der Janosch GS Schuljahr 2021\/2022 Verkehrssicherheitstage Schuljahr 2020\/2021 Wegen der Corona-Pandemie fanden in diesem Schuljahr leider keine Veranstaltungen statt. Schuljahr 2019\/2020 Ab M\u00e4rz 2020 wurden leider alle geplanten Veranstaltungen und Ausfl\u00fcge wegen der Corona-Pandemie abgesagt. Die ersten Klassen im Weihnachtstheater Schulchor singt im Advent Spielenachmittag Erntedankfr\u00fchst\u00fcck Schuljahr 2018\/2019&#8230;<\/p>\n<p class=\"read-more\"><a class=\"btn btn-default\" href=\"https:\/\/wordpress.nibis.de\/gsaugustfehn\/veranstaltungen-projekte-2\/\">Weiterlesen<span class=\"screen-reader-text\"> Weiterlesen<\/span><\/a><\/p>\n","protected":false},"author":9192395,"featured_media":0,"parent":0,"menu_order":0,"comment_status":"closed","ping_status":"closed","template":"","meta":{"footnotes":""},"class_list":["post-438","page","type-page","status-publish","hentry"],"_links":{"self":[{"href":"https:\/\/wordpress.nibis.de\/gsaugustfehn\/wp-json\/wp\/v2\/pages\/438","targetHints":{"allow":["GET"]}}],"collection":[{"href":"https:\/\/wordpress.nibis.de\/gsaugustfehn\/wp-json\/wp\/v2\/pages"}],"about":[{"href":"https:\/\/wordpress.nibis.de\/gsaugustfehn\/wp-json\/wp\/v2\/types\/page"}],"author":[{"embeddable":true,"href":"https:\/\/wordpress.nibis.de\/gsaugustfehn\/wp-json\/wp\/v2\/users\/9192395"}],"replies":[{"embeddable":true,"href":"https:\/\/wordpress.nibis.de\/gsaugustfehn\/wp-json\/wp\/v2\/comments?post=438"}],"version-history":[{"count":35,"href":"https:\/\/wordpress.nibis.de\/gsaugustfehn\/wp-json\/wp\/v2\/pages\/438\/revisions"}],"predecessor-version":[{"id":1013,"href":"https:\/\/wordpress.nibis.de\/gsaugustfehn\/wp-json\/wp\/v2\/pages\/438\/revisions\/1013"}],"wp:attachment":[{"href":"https:\/\/wordpress.nibis.de\/gsaugustfehn\/wp-json\/wp\/v2\/media?parent=438"}],"curies":[{"name":"wp","href":"https:\/\/api.w.org\/{rel}","templated":true}]}}