{"id":44,"date":"2017-10-09T12:31:08","date_gmt":"2017-10-09T10:31:08","guid":{"rendered":"http:\/\/wordpress.nibis.de\/gsaugustfehn\/?page_id=44"},"modified":"2023-11-15T10:58:28","modified_gmt":"2023-11-15T09:58:28","slug":"impressum","status":"publish","type":"page","link":"https:\/\/wordpress.nibis.de\/gsaugustfehn\/impressum\/","title":{"rendered":"Impressum \/ Datenschutzerkl\u00e4rung"},"content":{"rendered":"<div class=\"entry-content\">\n<p><a href=\"http:\/\/wordpress.nibis.de\/gsaugustfehn\/datenschutzerklaerung\/\">Datenschutzerkl\u00e4rung (bitte hier klicken)<\/a><\/p>\n<p>Land Niedersachsen (Diensteanbieter im Sinne des Telemediengesetzes)<\/p>\n<p>Das Land Niedersachsen ist eine juristische Person des \u00f6ffentlichen Rechts<br \/>\nvertreten durch<\/p>\n<p>Schulleitung:<br \/>\nTanja Glaubke, Schulleiterin<\/p>\n<p>Janosch-Grundschule Augustfehn<br \/>\nM\u00fchlenstra\u00dfe 25<br \/>\n26689 Apen<br \/>\nTel.: 04489 4096280<br \/>\nFax: 04489 40962829<br \/>\nE-Mail: info(at)gs-janosch.apen.de<\/p>\n<p>Verantwortlicher f\u00fcr redaktionell-journalistische Angebote i. S. d. \u00a7 55 Abs. 2 Rundfunkstaatsvertrag:<\/p>\n<p>Tanja Glaubke<br \/>\nJanosch-Grundschule Augustfehn<br \/>\nM\u00fchlenstra\u00dfe 25<br \/>\n26689 Apen<br \/>\nTel.: 04489 4096280<\/p>\n<p>Disclaimer<\/p>\n<p>Diese Webseite beinhaltet externe Links. Deren Inhalte entziehen sich unserer Einflussnahme, sodass eine Gew\u00e4hr f\u00fcr solche Inhalte von uns nicht \u00fcbernommen werden kann.<\/p>\n<p>Die Verantwortung liegt stets beim jeweiligen Betreiber der externen Seiten. Zum Zeitpunkt der Verkn\u00fcpfung der externen Links waren keine Rechtsverst\u00f6\u00dfe ersichtlich. Die permanente \u00dcberwachung fremder Inhalte auf Rechtsverst\u00f6\u00dfe ohne konkrete Hinweise ist uns nicht zumutbar.<\/p>\n<p>Sollten wir Kenntnis von Rechtsverletzungen erlangen, werden wir die entsprechenden externen Links unverz\u00fcglich entfernen.<\/p>\n<\/div>\n","protected":false},"excerpt":{"rendered":"<p>Datenschutzerkl\u00e4rung (bitte hier klicken) Land Niedersachsen (Diensteanbieter im Sinne des Telemediengesetzes) Das Land Niedersachsen ist eine juristische Person des \u00f6ffentlichen Rechts vertreten durch Schulleitung: Tanja Glaubke, Schulleiterin Janosch-Grundschule Augustfehn M\u00fchlenstra\u00dfe 25 26689 Apen Tel.: 04489 4096280 Fax: 04489 40962829 E-Mail: info(at)gs-janosch.apen.de Verantwortlicher f\u00fcr redaktionell-journalistische Angebote i. S. d. \u00a7 55 Abs. 2 Rundfunkstaatsvertrag: Tanja Glaubke Janosch-Grundschule Augustfehn M\u00fchlenstra\u00dfe 25 26689 Apen Tel.: 04489 4096280 Disclaimer Diese Webseite beinhaltet externe Links. Deren Inhalte entziehen sich unserer Einflussnahme, sodass eine Gew\u00e4hr f\u00fcr&#8230;<\/p>\n<p class=\"read-more\"><a class=\"btn btn-default\" href=\"https:\/\/wordpress.nibis.de\/gsaugustfehn\/impressum\/\">Weiterlesen<span class=\"screen-reader-text\"> Weiterlesen<\/span><\/a><\/p>\n","protected":false},"author":9192395,"featured_media":0,"parent":0,"menu_order":0,"comment_status":"closed","ping_status":"closed","template":"","meta":{"footnotes":""},"class_list":["post-44","page","type-page","status-publish","hentry"],"_links":{"self":[{"href":"https:\/\/wordpress.nibis.de\/gsaugustfehn\/wp-json\/wp\/v2\/pages\/44","targetHints":{"allow":["GET"]}}],"collection":[{"href":"https:\/\/wordpress.nibis.de\/gsaugustfehn\/wp-json\/wp\/v2\/pages"}],"about":[{"href":"https:\/\/wordpress.nibis.de\/gsaugustfehn\/wp-json\/wp\/v2\/types\/page"}],"author":[{"embeddable":true,"href":"https:\/\/wordpress.nibis.de\/gsaugustfehn\/wp-json\/wp\/v2\/users\/9192395"}],"replies":[{"embeddable":true,"href":"https:\/\/wordpress.nibis.de\/gsaugustfehn\/wp-json\/wp\/v2\/comments?post=44"}],"version-history":[{"count":11,"href":"https:\/\/wordpress.nibis.de\/gsaugustfehn\/wp-json\/wp\/v2\/pages\/44\/revisions"}],"predecessor-version":[{"id":1032,"href":"https:\/\/wordpress.nibis.de\/gsaugustfehn\/wp-json\/wp\/v2\/pages\/44\/revisions\/1032"}],"wp:attachment":[{"href":"https:\/\/wordpress.nibis.de\/gsaugustfehn\/wp-json\/wp\/v2\/media?parent=44"}],"curies":[{"name":"wp","href":"https:\/\/api.w.org\/{rel}","templated":true}]}}