{"id":45,"date":"2017-10-09T12:31:09","date_gmt":"2017-10-09T10:31:09","guid":{"rendered":"http:\/\/wordpress.nibis.de\/gsaugustfehn\/?page_id=45"},"modified":"2025-01-14T10:32:53","modified_gmt":"2025-01-14T09:32:53","slug":"unterrichtszeiten","status":"publish","type":"page","link":"https:\/\/wordpress.nibis.de\/gsaugustfehn\/unterrichtszeiten\/","title":{"rendered":"Unterrichtszeiten"},"content":{"rendered":"\n<p>Der Unterricht beginnt um 07:45 Uhr und endet f\u00fcr alle Jahrg\u00e4nge um 12:45 Uhr. F\u00fcr Jahrgang 1 und 2 ist die Betreuung in dieser Zeit inbegriffen.<\/p>\n\n\n<table style=\"border-collapse: collapse;width: 100%;height: 338px\">\n<tbody>\n<tr style=\"height: 26px\">\n<td style=\"width: 100%;text-align: center;height: 26px\" colspan=\"2\"><strong>Tagesablauf Unterricht <\/strong>(Stand 01\/2025)<\/td>\n<\/tr>\n<tr style=\"height: 26px\">\n<td style=\"width: 30.8333%;height: 26px\">07:45 Uhr \u2013 07:55 Uhr<\/td>\n<td style=\"width: 69.1667%;height: 26px\">Sichere Basis (Jg 1), Lesezeit (Jg 2, 3, 4)<\/td>\n<\/tr>\n<tr style=\"height: 26px\">\n<td style=\"width: 30.8333%;height: 26px\">07:55 Uhr \u2013 08:40 Uhr<\/td>\n<td style=\"width: 69.1667%;height: 26px\">1. Unterrichtsstunde<\/td>\n<\/tr>\n<tr style=\"height: 26px\">\n<td style=\"width: 30.8333%;height: 26px\">08:40 Uhr \u2013 08:45 Uhr<\/td>\n<td style=\"width: 69.1667%;height: 26px\">Wechselpause \/ Bewegung in der Klasse<\/td>\n<\/tr>\n<tr style=\"height: 26px\">\n<td style=\"width: 30.8333%;height: 26px\">08:45 Uhr \u2013 09:30 Uhr<\/td>\n<td style=\"width: 69.1667%;height: 26px\">2. Unterrichtsstunde<\/td>\n<\/tr>\n<tr style=\"height: 26px\">\n<td style=\"width: 30.8333%;height: 26px\">09:30 Uhr \u2013 09:50 Uhr<\/td>\n<td style=\"width: 69.1667%;height: 26px\">Hofpause<\/td>\n<\/tr>\n<tr style=\"height: 26px\">\n<td style=\"width: 30.8333%;height: 26px\">09:50 Uhr \u2013 10:05 Uhr<\/td>\n<td style=\"width: 69.1667%;height: 26px\">Fr\u00fchst\u00fcckszeit<\/td>\n<\/tr>\n<tr style=\"height: 26px\">\n<td style=\"width: 30.8333%;height: 26px\">10:05 Uhr \u2013 10:50 Uhr<\/td>\n<td style=\"width: 69.1667%;height: 26px\">3. Unterrichtsstunde<\/td>\n<\/tr>\n<tr style=\"height: 26px\">\n<td style=\"width: 30.8333%;height: 26px\">10:50 Uhr \u2013 10:55 Uhr<\/td>\n<td style=\"width: 69.1667%;height: 26px\">Wechselpause \/ Bewegung in der Klasse<\/td>\n<\/tr>\n<tr style=\"height: 26px\">\n<td style=\"width: 30.8333%;height: 26px\">10:55 Uhr \u2013 11:40 Uhr<\/td>\n<td style=\"width: 69.1667%;height: 26px\">4. Unterrichtsstunde<\/td>\n<\/tr>\n<tr style=\"height: 26px\">\n<td style=\"width: 30.8333%;height: 26px\">11:40 Uhr \u2013 11:55 Uhr<\/td>\n<td style=\"width: 69.1667%;height: 26px\">Hofpause<\/td>\n<\/tr>\n<tr style=\"height: 26px\">\n<td style=\"width: 30.8333%;height: 26px\">11:55 Uhr \u2013 12:00 Uhr<\/td>\n<td style=\"width: 69.1667%;height: 26px\">H\u00e4ndewaschen<\/td>\n<\/tr>\n<tr style=\"height: 26px\">\n<td style=\"width: 30.8333%;height: 26px\">12:00 Uhr \u2013 12:45 Uhr<\/td>\n<td style=\"width: 69.1667%;height: 26px\">5. Unterrichtsstunde<\/td>\n<\/tr>\n<\/tbody>\n<\/table>\n<p>\u00a0<\/p>\n<p>\u00a0<\/p>","protected":false},"excerpt":{"rendered":"<p>Der Unterricht beginnt um 07:45 Uhr und endet f\u00fcr alle Jahrg\u00e4nge um 12:45 Uhr. F\u00fcr Jahrgang 1 und 2 ist die Betreuung in dieser Zeit inbegriffen. Tagesablauf Unterricht (Stand 01\/2025) 07:45 Uhr \u2013 07:55 Uhr Sichere Basis (Jg 1), Lesezeit (Jg 2, 3, 4) 07:55 Uhr \u2013 08:40 Uhr 1. Unterrichtsstunde 08:40 Uhr \u2013 08:45 Uhr Wechselpause \/ Bewegung in der Klasse 08:45 Uhr \u2013 09:30 Uhr 2. Unterrichtsstunde 09:30 Uhr \u2013 09:50 Uhr Hofpause 09:50 Uhr \u2013 10:05 Uhr&#8230;<\/p>\n<p class=\"read-more\"><a class=\"btn btn-default\" href=\"https:\/\/wordpress.nibis.de\/gsaugustfehn\/unterrichtszeiten\/\">Weiterlesen<span class=\"screen-reader-text\"> Weiterlesen<\/span><\/a><\/p>\n","protected":false},"author":9192395,"featured_media":0,"parent":0,"menu_order":0,"comment_status":"closed","ping_status":"closed","template":"","meta":{"footnotes":""},"class_list":["post-45","page","type-page","status-publish","hentry"],"_links":{"self":[{"href":"https:\/\/wordpress.nibis.de\/gsaugustfehn\/wp-json\/wp\/v2\/pages\/45","targetHints":{"allow":["GET"]}}],"collection":[{"href":"https:\/\/wordpress.nibis.de\/gsaugustfehn\/wp-json\/wp\/v2\/pages"}],"about":[{"href":"https:\/\/wordpress.nibis.de\/gsaugustfehn\/wp-json\/wp\/v2\/types\/page"}],"author":[{"embeddable":true,"href":"https:\/\/wordpress.nibis.de\/gsaugustfehn\/wp-json\/wp\/v2\/users\/9192395"}],"replies":[{"embeddable":true,"href":"https:\/\/wordpress.nibis.de\/gsaugustfehn\/wp-json\/wp\/v2\/comments?post=45"}],"version-history":[{"count":26,"href":"https:\/\/wordpress.nibis.de\/gsaugustfehn\/wp-json\/wp\/v2\/pages\/45\/revisions"}],"predecessor-version":[{"id":1096,"href":"https:\/\/wordpress.nibis.de\/gsaugustfehn\/wp-json\/wp\/v2\/pages\/45\/revisions\/1096"}],"wp:attachment":[{"href":"https:\/\/wordpress.nibis.de\/gsaugustfehn\/wp-json\/wp\/v2\/media?parent=45"}],"curies":[{"name":"wp","href":"https:\/\/api.w.org\/{rel}","templated":true}]}}