{"id":50,"date":"2017-10-09T12:31:09","date_gmt":"2017-10-09T10:31:09","guid":{"rendered":"http:\/\/wordpress.nibis.de\/gsaugustfehn\/?page_id=50"},"modified":"2025-01-27T20:34:05","modified_gmt":"2025-01-27T19:34:05","slug":"schulvorstand","status":"publish","type":"page","link":"https:\/\/wordpress.nibis.de\/gsaugustfehn\/schulvorstand\/","title":{"rendered":"Schulvorstand"},"content":{"rendered":"<h1>Mitglieder des Schulvorstandes<\/h1>\n<p>Stand Januar 2025<\/p>\n<p><strong>Vertretung Lehrkr\u00e4fte<\/strong><strong>:<\/strong><\/p>\n<p>T. Glaubke, I. Greinert, N. Gollenstede, S. Sch\u00e4fer<\/p>\n<p><strong>Vertretung Eltern:<\/strong><\/p>\n<p>U. M\u00f6hlmann, S. M\u00fcller<\/p>\n<p>\u00a0<\/p>\n<p>Die wichtigsten Fragen zum Schulvorstand einer eigenverantwortlichen Schule beantwortet der Flyer des Nieders\u00e4chsischen Kultusministeriums, den Sie <a href=\"http:\/\/www.mk.niedersachsen.de\/download\/4984\">hier<\/a> im word-Format herunterladen k\u00f6nnen. Die <strong>gesetzlichen Grundlagen<\/strong> der eigenverantwortlichen Schule hat das Nieders\u00e4chsische Kultusministerium <a href=\"http:\/\/www.mk.niedersachsen.de\/download\/4801\">hier<\/a> im pdf-Format zusammengefasst.<\/p>\n\n\n<p><\/p>\n","protected":false},"excerpt":{"rendered":"<p>Mitglieder des Schulvorstandes Stand Januar 2025 Vertretung Lehrkr\u00e4fte: T. Glaubke, I. Greinert, N. Gollenstede, S. Sch\u00e4fer Vertretung Eltern: U. M\u00f6hlmann, S. M\u00fcller \u00a0 Die wichtigsten Fragen zum Schulvorstand einer eigenverantwortlichen Schule beantwortet der Flyer des Nieders\u00e4chsischen Kultusministeriums, den Sie hier im word-Format herunterladen k\u00f6nnen. Die gesetzlichen Grundlagen der eigenverantwortlichen Schule hat das Nieders\u00e4chsische Kultusministerium hier im pdf-Format zusammengefasst.<\/p>\n","protected":false},"author":9192395,"featured_media":0,"parent":0,"menu_order":0,"comment_status":"closed","ping_status":"closed","template":"","meta":{"footnotes":""},"class_list":["post-50","page","type-page","status-publish","hentry"],"_links":{"self":[{"href":"https:\/\/wordpress.nibis.de\/gsaugustfehn\/wp-json\/wp\/v2\/pages\/50","targetHints":{"allow":["GET"]}}],"collection":[{"href":"https:\/\/wordpress.nibis.de\/gsaugustfehn\/wp-json\/wp\/v2\/pages"}],"about":[{"href":"https:\/\/wordpress.nibis.de\/gsaugustfehn\/wp-json\/wp\/v2\/types\/page"}],"author":[{"embeddable":true,"href":"https:\/\/wordpress.nibis.de\/gsaugustfehn\/wp-json\/wp\/v2\/users\/9192395"}],"replies":[{"embeddable":true,"href":"https:\/\/wordpress.nibis.de\/gsaugustfehn\/wp-json\/wp\/v2\/comments?post=50"}],"version-history":[{"count":12,"href":"https:\/\/wordpress.nibis.de\/gsaugustfehn\/wp-json\/wp\/v2\/pages\/50\/revisions"}],"predecessor-version":[{"id":1209,"href":"https:\/\/wordpress.nibis.de\/gsaugustfehn\/wp-json\/wp\/v2\/pages\/50\/revisions\/1209"}],"wp:attachment":[{"href":"https:\/\/wordpress.nibis.de\/gsaugustfehn\/wp-json\/wp\/v2\/media?parent=50"}],"curies":[{"name":"wp","href":"https:\/\/api.w.org\/{rel}","templated":true}]}}