{"id":501,"date":"2018-12-23T17:54:33","date_gmt":"2018-12-23T16:54:33","guid":{"rendered":"http:\/\/wordpress.nibis.de\/gsaugustfehn\/?page_id=501"},"modified":"2019-01-18T16:36:10","modified_gmt":"2019-01-18T15:36:10","slug":"schulchor-singt-fuer-senioren","status":"publish","type":"page","link":"https:\/\/wordpress.nibis.de\/gsaugustfehn\/schulchor-singt-fuer-senioren\/","title":{"rendered":"Schulchor singt f\u00fcr Senioren"},"content":{"rendered":"<p>Am 17. Oktober war unser Schulchor zu Gast bei einem Seniorennachmittag in der evangelisch-lutherischen Kirchengemeinde in Augustfehn. Nach den Sommerferien hatten wir intensiv ge\u00fcbt, damit wir ein sch\u00f6nes Programm bieten konnten. Wir sangen in einem Herbstlied, warum die B\u00e4ume ihre Bl\u00e4tter verlieren, erz\u00e4hlten von der Oma aus Oklahoma, lie\u00dfen einen Troll lebendig werden und Motor Rik seine Bewegungen machen. Die Senioren freuten sich sehr \u00fcber unseren Besuch. Sie spendeten nach jedem Lied gro\u00dfen Beifall und berichteten nach unserem letzten Lied, wie sehr sie den Gesang genossen hatten.<br \/>\nAls Dank wurden die Kinder, und auch die begleitenden Eltern mit leckerem Kuchen und Getr\u00e4nken versorgt.<\/p>\n","protected":false},"excerpt":{"rendered":"<p>Am 17. Oktober war unser Schulchor zu Gast bei einem Seniorennachmittag in der evangelisch-lutherischen Kirchengemeinde in Augustfehn. Nach den Sommerferien hatten wir intensiv ge\u00fcbt, damit wir ein sch\u00f6nes Programm bieten konnten. Wir sangen in einem Herbstlied, warum die B\u00e4ume ihre Bl\u00e4tter verlieren, erz\u00e4hlten von der Oma aus Oklahoma, lie\u00dfen einen Troll lebendig werden und Motor Rik seine Bewegungen machen. Die Senioren freuten sich sehr \u00fcber unseren Besuch. Sie spendeten nach jedem Lied gro\u00dfen Beifall und berichteten nach unserem letzten Lied,&#8230;<\/p>\n<p class=\"read-more\"><a class=\"btn btn-default\" href=\"https:\/\/wordpress.nibis.de\/gsaugustfehn\/schulchor-singt-fuer-senioren\/\">Weiterlesen<span class=\"screen-reader-text\"> Weiterlesen<\/span><\/a><\/p>\n","protected":false},"author":9192395,"featured_media":0,"parent":0,"menu_order":0,"comment_status":"closed","ping_status":"closed","template":"","meta":{"footnotes":""},"class_list":["post-501","page","type-page","status-publish","hentry"],"_links":{"self":[{"href":"https:\/\/wordpress.nibis.de\/gsaugustfehn\/wp-json\/wp\/v2\/pages\/501","targetHints":{"allow":["GET"]}}],"collection":[{"href":"https:\/\/wordpress.nibis.de\/gsaugustfehn\/wp-json\/wp\/v2\/pages"}],"about":[{"href":"https:\/\/wordpress.nibis.de\/gsaugustfehn\/wp-json\/wp\/v2\/types\/page"}],"author":[{"embeddable":true,"href":"https:\/\/wordpress.nibis.de\/gsaugustfehn\/wp-json\/wp\/v2\/users\/9192395"}],"replies":[{"embeddable":true,"href":"https:\/\/wordpress.nibis.de\/gsaugustfehn\/wp-json\/wp\/v2\/comments?post=501"}],"version-history":[{"count":1,"href":"https:\/\/wordpress.nibis.de\/gsaugustfehn\/wp-json\/wp\/v2\/pages\/501\/revisions"}],"predecessor-version":[{"id":502,"href":"https:\/\/wordpress.nibis.de\/gsaugustfehn\/wp-json\/wp\/v2\/pages\/501\/revisions\/502"}],"wp:attachment":[{"href":"https:\/\/wordpress.nibis.de\/gsaugustfehn\/wp-json\/wp\/v2\/media?parent=501"}],"curies":[{"name":"wp","href":"https:\/\/api.w.org\/{rel}","templated":true}]}}