{"id":505,"date":"2018-12-23T17:56:27","date_gmt":"2018-12-23T16:56:27","guid":{"rendered":"http:\/\/wordpress.nibis.de\/gsaugustfehn\/?page_id=505"},"modified":"2019-01-18T16:37:53","modified_gmt":"2019-01-18T15:37:53","slug":"handball-grundschul-aktionstag","status":"publish","type":"page","link":"https:\/\/wordpress.nibis.de\/gsaugustfehn\/handball-grundschul-aktionstag\/","title":{"rendered":"Handball-Grundschul-Aktionstag"},"content":{"rendered":"<p>Am 09. November 2018 war es wieder so weit: der AOK-Handball-Grundschulaktionstag des HVN fand statt und die Janosch-Grundschule war beteiligt. In diesem Jahr durften alle handballbegeisterten und interessierten Jungen der 1.-4. Klasse teilnehmen. So kam es, dass sich rund 20 Erst- und Zweitkl\u00e4ssler sowie etwa 40 Dritt- und Viertkl\u00e4ssler jeweils zwei Sportstunden in der Turnhalle versammelten. Nach einem gemeinsamen Aufw\u00e4rmspiel, lernten die Jungen \u00dcbungen des Handballs kennen und trainierten hierbei ihre Schnelligkeit, Ausdauer, Reaktion und Kraft. Im Anschluss daran durften alle selbst Handball spielen. Alle hatten viel Spa\u00df und einige Jungen entdeckten dabei sogar v\u00f6llig neue sportliche Interessen.<br \/>\nEin gro\u00dfer Dank geht an dieser Stelle an Trainerinnen und Spielerinnen des TuS Augustfehns! Durch ihr gro\u00dfes Engagement wurde der Handball-Tag f\u00fcr alle Beteiligten ein voller Erfolg!<\/p>\n","protected":false},"excerpt":{"rendered":"<p>Am 09. November 2018 war es wieder so weit: der AOK-Handball-Grundschulaktionstag des HVN fand statt und die Janosch-Grundschule war beteiligt. In diesem Jahr durften alle handballbegeisterten und interessierten Jungen der 1.-4. Klasse teilnehmen. So kam es, dass sich rund 20 Erst- und Zweitkl\u00e4ssler sowie etwa 40 Dritt- und Viertkl\u00e4ssler jeweils zwei Sportstunden in der Turnhalle versammelten. Nach einem gemeinsamen Aufw\u00e4rmspiel, lernten die Jungen \u00dcbungen des Handballs kennen und trainierten hierbei ihre Schnelligkeit, Ausdauer, Reaktion und Kraft. Im Anschluss daran durften&#8230;<\/p>\n<p class=\"read-more\"><a class=\"btn btn-default\" href=\"https:\/\/wordpress.nibis.de\/gsaugustfehn\/handball-grundschul-aktionstag\/\">Weiterlesen<span class=\"screen-reader-text\"> Weiterlesen<\/span><\/a><\/p>\n","protected":false},"author":9192395,"featured_media":0,"parent":0,"menu_order":0,"comment_status":"closed","ping_status":"closed","template":"","meta":{"footnotes":""},"class_list":["post-505","page","type-page","status-publish","hentry"],"_links":{"self":[{"href":"https:\/\/wordpress.nibis.de\/gsaugustfehn\/wp-json\/wp\/v2\/pages\/505","targetHints":{"allow":["GET"]}}],"collection":[{"href":"https:\/\/wordpress.nibis.de\/gsaugustfehn\/wp-json\/wp\/v2\/pages"}],"about":[{"href":"https:\/\/wordpress.nibis.de\/gsaugustfehn\/wp-json\/wp\/v2\/types\/page"}],"author":[{"embeddable":true,"href":"https:\/\/wordpress.nibis.de\/gsaugustfehn\/wp-json\/wp\/v2\/users\/9192395"}],"replies":[{"embeddable":true,"href":"https:\/\/wordpress.nibis.de\/gsaugustfehn\/wp-json\/wp\/v2\/comments?post=505"}],"version-history":[{"count":1,"href":"https:\/\/wordpress.nibis.de\/gsaugustfehn\/wp-json\/wp\/v2\/pages\/505\/revisions"}],"predecessor-version":[{"id":506,"href":"https:\/\/wordpress.nibis.de\/gsaugustfehn\/wp-json\/wp\/v2\/pages\/505\/revisions\/506"}],"wp:attachment":[{"href":"https:\/\/wordpress.nibis.de\/gsaugustfehn\/wp-json\/wp\/v2\/media?parent=505"}],"curies":[{"name":"wp","href":"https:\/\/api.w.org\/{rel}","templated":true}]}}