{"id":507,"date":"2018-12-23T17:57:27","date_gmt":"2018-12-23T16:57:27","guid":{"rendered":"http:\/\/wordpress.nibis.de\/gsaugustfehn\/?page_id=507"},"modified":"2019-01-18T16:37:33","modified_gmt":"2019-01-18T15:37:33","slug":"gruenes-klassenzimmer-2","status":"publish","type":"page","link":"https:\/\/wordpress.nibis.de\/gsaugustfehn\/gruenes-klassenzimmer-2\/","title":{"rendered":"Gr\u00fcnes Klassenzimmer"},"content":{"rendered":"<p>Nach f\u00fcnfmonatiger Wartezeit auf die Tafel und das Mittelpodest, haben wir am zweiten Novemberwochenende der fr\u00fch einsetzenden Dunkelheit getrotzt und das \u201eGr\u00fcne Klassenzimmer&#8220; mit vereinten Kr\u00e4ften fertigstellen k\u00f6nnen. Die Kinder haben es sofort als beliebten Ort zum Spielen und Verweilen dankbar angenommen. In den Pausen ist es immer \u201ebesetzt&#8220;. Im laufe des Jahres ist der Innenhof mit dem h\u00fcbsch angelegten Naschgarten, dem wiederbelebten Teich und dem \u201eGr\u00fcnen Klassenzimmer&#8220; mittendrin ein wirklich h\u00fcbsches Pl\u00e4tzchen geworden, was nur finanzierbar war aufgrund der hohen Spendenbereitschaft zum Sponsorenlauf im Mai dieses Jahres. Auf diesem Weg nochmal herzlichen Dank daf\u00fcr.<br \/>\nWir danken au\u00dferdem der Schulleitung, dem Bauamt der Gemeinde Apen, ganz besonders den freundlichen und hilfsbereiten Mitarbeitern des Bauhofs und nat\u00fcrlich allen kleinen und gro\u00dfen Helfern f\u00fcr jede Menge Manpower bei br\u00fctender Hitze und auch bei K\u00e4lte.<\/p>\n","protected":false},"excerpt":{"rendered":"<p>Nach f\u00fcnfmonatiger Wartezeit auf die Tafel und das Mittelpodest, haben wir am zweiten Novemberwochenende der fr\u00fch einsetzenden Dunkelheit getrotzt und das \u201eGr\u00fcne Klassenzimmer&#8220; mit vereinten Kr\u00e4ften fertigstellen k\u00f6nnen. Die Kinder haben es sofort als beliebten Ort zum Spielen und Verweilen dankbar angenommen. In den Pausen ist es immer \u201ebesetzt&#8220;. Im laufe des Jahres ist der Innenhof mit dem h\u00fcbsch angelegten Naschgarten, dem wiederbelebten Teich und dem \u201eGr\u00fcnen Klassenzimmer&#8220; mittendrin ein wirklich h\u00fcbsches Pl\u00e4tzchen geworden, was nur finanzierbar war aufgrund der&#8230;<\/p>\n<p class=\"read-more\"><a class=\"btn btn-default\" href=\"https:\/\/wordpress.nibis.de\/gsaugustfehn\/gruenes-klassenzimmer-2\/\">Weiterlesen<span class=\"screen-reader-text\"> Weiterlesen<\/span><\/a><\/p>\n","protected":false},"author":9192395,"featured_media":0,"parent":0,"menu_order":0,"comment_status":"closed","ping_status":"closed","template":"","meta":{"footnotes":""},"class_list":["post-507","page","type-page","status-publish","hentry"],"_links":{"self":[{"href":"https:\/\/wordpress.nibis.de\/gsaugustfehn\/wp-json\/wp\/v2\/pages\/507","targetHints":{"allow":["GET"]}}],"collection":[{"href":"https:\/\/wordpress.nibis.de\/gsaugustfehn\/wp-json\/wp\/v2\/pages"}],"about":[{"href":"https:\/\/wordpress.nibis.de\/gsaugustfehn\/wp-json\/wp\/v2\/types\/page"}],"author":[{"embeddable":true,"href":"https:\/\/wordpress.nibis.de\/gsaugustfehn\/wp-json\/wp\/v2\/users\/9192395"}],"replies":[{"embeddable":true,"href":"https:\/\/wordpress.nibis.de\/gsaugustfehn\/wp-json\/wp\/v2\/comments?post=507"}],"version-history":[{"count":1,"href":"https:\/\/wordpress.nibis.de\/gsaugustfehn\/wp-json\/wp\/v2\/pages\/507\/revisions"}],"predecessor-version":[{"id":508,"href":"https:\/\/wordpress.nibis.de\/gsaugustfehn\/wp-json\/wp\/v2\/pages\/507\/revisions\/508"}],"wp:attachment":[{"href":"https:\/\/wordpress.nibis.de\/gsaugustfehn\/wp-json\/wp\/v2\/media?parent=507"}],"curies":[{"name":"wp","href":"https:\/\/api.w.org\/{rel}","templated":true}]}}