{"id":51,"date":"2017-10-09T12:31:09","date_gmt":"2017-10-09T10:31:09","guid":{"rendered":"http:\/\/wordpress.nibis.de\/gsaugustfehn\/?page_id=51"},"modified":"2025-01-14T15:28:03","modified_gmt":"2025-01-14T14:28:03","slug":"gebaeudegelaende","status":"publish","type":"page","link":"https:\/\/wordpress.nibis.de\/gsaugustfehn\/gebaeudegelaende\/","title":{"rendered":"Geb\u00e4ude \/ Gel\u00e4nde"},"content":{"rendered":"<h3 style=\"text-align: center\">Schulgeb\u00e4ude<\/h3>\n<p style=\"text-align: left\">In unserem heutigen Schulgeb\u00e4ude gibt es insgesamt <strong>12 Klassenr\u00e4ume<\/strong> mit kleinen Gruppen- und Jahrgangsr\u00e4umen, einen Werkraum, einen Musikraum, einen F\u00f6rderraum, einen Betreuungsraum, eine Mensa, eine B\u00fccherei, eine Pausenhalle sowie eine Sporthalle. Im Foyer unserer Schule ist ein sch\u00f6nes Wandmosaik zu bewundern. Im Eingangsbereich sowie in den Jahrgangsfluren sind die Arbeiten der Kinder &#8211; Kunstprojekte, Sachplakate &#8211; ausgestellt.<\/p>\n\n\n<figure class=\"wp-block-gallery has-nested-images columns-default is-cropped wp-block-gallery-1 is-layout-flex wp-block-gallery-is-layout-flex\">\n<figure class=\"wp-block-image size-large\"><img loading=\"lazy\" decoding=\"async\" width=\"1024\" height=\"768\" data-id=\"1125\" src=\"https:\/\/wordpress.nibis.de\/gsaugustfehn\/files\/2025\/01\/IMG_20250114_120333-1-1024x768.jpg\" alt=\"\" class=\"wp-image-1125\" srcset=\"https:\/\/wordpress.nibis.de\/gsaugustfehn\/files\/2025\/01\/IMG_20250114_120333-1-1024x768.jpg 1024w, https:\/\/wordpress.nibis.de\/gsaugustfehn\/files\/2025\/01\/IMG_20250114_120333-1-300x225.jpg 300w, https:\/\/wordpress.nibis.de\/gsaugustfehn\/files\/2025\/01\/IMG_20250114_120333-1-768x576.jpg 768w, https:\/\/wordpress.nibis.de\/gsaugustfehn\/files\/2025\/01\/IMG_20250114_120333-1-1536x1152.jpg 1536w, https:\/\/wordpress.nibis.de\/gsaugustfehn\/files\/2025\/01\/IMG_20250114_120333-1-2048x1536.jpg 2048w, https:\/\/wordpress.nibis.de\/gsaugustfehn\/files\/2025\/01\/IMG_20250114_120333-1-360x270.jpg 360w\" sizes=\"auto, (max-width: 1024px) 100vw, 1024px\" \/><figcaption>Mensa<\/figcaption><\/figure>\n\n\n\n<figure class=\"wp-block-image size-large\"><img loading=\"lazy\" decoding=\"async\" width=\"1024\" height=\"768\" data-id=\"1127\" src=\"https:\/\/wordpress.nibis.de\/gsaugustfehn\/files\/2025\/01\/IMG_20250114_115653-1-1024x768.jpg\" alt=\"\" class=\"wp-image-1127\" srcset=\"https:\/\/wordpress.nibis.de\/gsaugustfehn\/files\/2025\/01\/IMG_20250114_115653-1-1024x768.jpg 1024w, https:\/\/wordpress.nibis.de\/gsaugustfehn\/files\/2025\/01\/IMG_20250114_115653-1-300x225.jpg 300w, https:\/\/wordpress.nibis.de\/gsaugustfehn\/files\/2025\/01\/IMG_20250114_115653-1-768x576.jpg 768w, https:\/\/wordpress.nibis.de\/gsaugustfehn\/files\/2025\/01\/IMG_20250114_115653-1-1536x1152.jpg 1536w, https:\/\/wordpress.nibis.de\/gsaugustfehn\/files\/2025\/01\/IMG_20250114_115653-1-2048x1536.jpg 2048w, https:\/\/wordpress.nibis.de\/gsaugustfehn\/files\/2025\/01\/IMG_20250114_115653-1-360x270.jpg 360w\" sizes=\"auto, (max-width: 1024px) 100vw, 1024px\" \/><figcaption>Werkraum<\/figcaption><\/figure>\n\n\n\n<figure class=\"wp-block-image size-large\"><img loading=\"lazy\" decoding=\"async\" width=\"1024\" height=\"665\" data-id=\"1123\" src=\"https:\/\/wordpress.nibis.de\/gsaugustfehn\/files\/2025\/01\/IMG_20250114_120609-1-1024x665.jpg\" alt=\"\" class=\"wp-image-1123\" srcset=\"https:\/\/wordpress.nibis.de\/gsaugustfehn\/files\/2025\/01\/IMG_20250114_120609-1-1024x665.jpg 1024w, https:\/\/wordpress.nibis.de\/gsaugustfehn\/files\/2025\/01\/IMG_20250114_120609-1-300x195.jpg 300w, https:\/\/wordpress.nibis.de\/gsaugustfehn\/files\/2025\/01\/IMG_20250114_120609-1-768x499.jpg 768w, https:\/\/wordpress.nibis.de\/gsaugustfehn\/files\/2025\/01\/IMG_20250114_120609-1-1536x998.jpg 1536w, https:\/\/wordpress.nibis.de\/gsaugustfehn\/files\/2025\/01\/IMG_20250114_120609-1-2048x1331.jpg 2048w, https:\/\/wordpress.nibis.de\/gsaugustfehn\/files\/2025\/01\/IMG_20250114_120609-1-416x270.jpg 416w\" sizes=\"auto, (max-width: 1024px) 100vw, 1024px\" \/><figcaption>Spieleangebot im Betreuungsraum<\/figcaption><\/figure>\n\n\n\n<figure class=\"wp-block-image size-large\"><img loading=\"lazy\" decoding=\"async\" width=\"1024\" height=\"768\" data-id=\"1126\" src=\"https:\/\/wordpress.nibis.de\/gsaugustfehn\/files\/2025\/01\/IMG_20250114_120408-2-1024x768.jpg\" alt=\"\" class=\"wp-image-1126\" srcset=\"https:\/\/wordpress.nibis.de\/gsaugustfehn\/files\/2025\/01\/IMG_20250114_120408-2-1024x768.jpg 1024w, https:\/\/wordpress.nibis.de\/gsaugustfehn\/files\/2025\/01\/IMG_20250114_120408-2-300x225.jpg 300w, https:\/\/wordpress.nibis.de\/gsaugustfehn\/files\/2025\/01\/IMG_20250114_120408-2-768x576.jpg 768w, https:\/\/wordpress.nibis.de\/gsaugustfehn\/files\/2025\/01\/IMG_20250114_120408-2-1536x1152.jpg 1536w, https:\/\/wordpress.nibis.de\/gsaugustfehn\/files\/2025\/01\/IMG_20250114_120408-2-2048x1536.jpg 2048w, https:\/\/wordpress.nibis.de\/gsaugustfehn\/files\/2025\/01\/IMG_20250114_120408-2-360x270.jpg 360w\" sizes=\"auto, (max-width: 1024px) 100vw, 1024px\" \/><figcaption>Kunstprojekt Jahrgang 2<\/figcaption><\/figure>\n\n\n\n<figure class=\"wp-block-image size-large\"><img loading=\"lazy\" decoding=\"async\" width=\"1024\" height=\"768\" data-id=\"1186\" src=\"https:\/\/wordpress.nibis.de\/gsaugustfehn\/files\/2025\/01\/IMG_20250114_145649-1024x768.jpg\" alt=\"\" class=\"wp-image-1186\" srcset=\"https:\/\/wordpress.nibis.de\/gsaugustfehn\/files\/2025\/01\/IMG_20250114_145649-1024x768.jpg 1024w, https:\/\/wordpress.nibis.de\/gsaugustfehn\/files\/2025\/01\/IMG_20250114_145649-300x225.jpg 300w, https:\/\/wordpress.nibis.de\/gsaugustfehn\/files\/2025\/01\/IMG_20250114_145649-768x576.jpg 768w, https:\/\/wordpress.nibis.de\/gsaugustfehn\/files\/2025\/01\/IMG_20250114_145649-1536x1152.jpg 1536w, https:\/\/wordpress.nibis.de\/gsaugustfehn\/files\/2025\/01\/IMG_20250114_145649-2048x1536.jpg 2048w, https:\/\/wordpress.nibis.de\/gsaugustfehn\/files\/2025\/01\/IMG_20250114_145649-360x270.jpg 360w\" sizes=\"auto, (max-width: 1024px) 100vw, 1024px\" \/><figcaption>Kunstprojekt Jahrgang 3<\/figcaption><\/figure>\n\n\n\n<figure class=\"wp-block-image size-large\"><img loading=\"lazy\" decoding=\"async\" width=\"854\" height=\"1024\" data-id=\"1122\" src=\"https:\/\/wordpress.nibis.de\/gsaugustfehn\/files\/2025\/01\/IMG_20250114_120557-1-854x1024.jpg\" alt=\"\" class=\"wp-image-1122\" srcset=\"https:\/\/wordpress.nibis.de\/gsaugustfehn\/files\/2025\/01\/IMG_20250114_120557-1-854x1024.jpg 854w, https:\/\/wordpress.nibis.de\/gsaugustfehn\/files\/2025\/01\/IMG_20250114_120557-1-250x300.jpg 250w, https:\/\/wordpress.nibis.de\/gsaugustfehn\/files\/2025\/01\/IMG_20250114_120557-1-768x921.jpg 768w, https:\/\/wordpress.nibis.de\/gsaugustfehn\/files\/2025\/01\/IMG_20250114_120557-1-1280x1536.jpg 1280w, https:\/\/wordpress.nibis.de\/gsaugustfehn\/files\/2025\/01\/IMG_20250114_120557-1-1707x2048.jpg 1707w, https:\/\/wordpress.nibis.de\/gsaugustfehn\/files\/2025\/01\/IMG_20250114_120557-1-225x270.jpg 225w, https:\/\/wordpress.nibis.de\/gsaugustfehn\/files\/2025\/01\/IMG_20250114_120557-1.jpg 1728w\" sizes=\"auto, (max-width: 854px) 100vw, 854px\" \/><figcaption>Kunstprojekt Jahrgang 1<\/figcaption><\/figure>\n<\/figure>\n\n\n<h3 style=\"text-align: center\">Schulhof<\/h3>\n<p>In den Pausen k\u00f6nnen sich die Kinder drau\u00dfen auf zwei getrennten Schulh\u00f6fen austoben. F\u00fcr Ballspiele wie Fu\u00dfball und Basketball stehen gepflasterte Fl\u00e4chen zur Verf\u00fcgung. Die begr\u00fcnte Spielinsel bietet den Kindern neben einigen Spielger\u00e4ten auch viele M\u00f6glichkeiten zum Spielen und Verstecken. In der Sandfl\u00e4che befindet sich neben den gro\u00dfen Rutschen eine Schaukelanlage sowie eine Wippe. Dar\u00fcber hinaus k\u00f6nnen die Kinder auf der beliebten Kletterspielle <em>Tripoli<\/em> (zur Zeit leider defekt, wird erneuert; Stand 01\/25) herumklettern. Im gr\u00fcnen Klassenzimmer, welches von den Klassen als eine Art Open-Air-Klassenraum genutzt wird, finden die Kinder die rote <em>Freundschaftsbank<\/em>. Auf diese k\u00f6nnen sie sich setzen, wenn sie in der Pause Mitspielerinnen und Mitspieler oder Gesellschaft suchen. Die Sponsorenbeete, die im Rahmen der Aktion <em>Tulpen f\u00fcr Brot<\/em> erstellt wurden, erbl\u00fchen in wunderbarer Pracht.<\/p>\n\n\n<hr class=\"wp-block-separator\" \/>\n\n\n\n<figure class=\"wp-block-gallery has-nested-images columns-default is-cropped wp-block-gallery-2 is-layout-flex wp-block-gallery-is-layout-flex\">\n<figure class=\"wp-block-image size-large\"><img loading=\"lazy\" decoding=\"async\" width=\"300\" height=\"225\" data-id=\"1124\" src=\"https:\/\/wordpress.nibis.de\/gsaugustfehn\/files\/2025\/01\/Foto-Spielinsel-1.jpg\" alt=\"\" class=\"wp-image-1124\" \/><figcaption>Spielinsel<\/figcaption><\/figure>\n\n\n\n<figure class=\"wp-block-image size-large\"><img loading=\"lazy\" decoding=\"async\" width=\"1024\" height=\"768\" data-id=\"1131\" src=\"https:\/\/wordpress.nibis.de\/gsaugustfehn\/files\/2025\/01\/IMG_20250114_120223-1-1024x768.jpg\" alt=\"\" class=\"wp-image-1131\" srcset=\"https:\/\/wordpress.nibis.de\/gsaugustfehn\/files\/2025\/01\/IMG_20250114_120223-1-1024x768.jpg 1024w, https:\/\/wordpress.nibis.de\/gsaugustfehn\/files\/2025\/01\/IMG_20250114_120223-1-300x225.jpg 300w, https:\/\/wordpress.nibis.de\/gsaugustfehn\/files\/2025\/01\/IMG_20250114_120223-1-768x576.jpg 768w, https:\/\/wordpress.nibis.de\/gsaugustfehn\/files\/2025\/01\/IMG_20250114_120223-1-1536x1152.jpg 1536w, https:\/\/wordpress.nibis.de\/gsaugustfehn\/files\/2025\/01\/IMG_20250114_120223-1-2048x1536.jpg 2048w, https:\/\/wordpress.nibis.de\/gsaugustfehn\/files\/2025\/01\/IMG_20250114_120223-1-360x270.jpg 360w\" sizes=\"auto, (max-width: 1024px) 100vw, 1024px\" \/><figcaption>Spielger\u00e4t auf der Spielinsel<\/figcaption><\/figure>\n\n\n\n<figure class=\"wp-block-image size-large\"><img loading=\"lazy\" decoding=\"async\" width=\"1024\" height=\"768\" data-id=\"1129\" src=\"https:\/\/wordpress.nibis.de\/gsaugustfehn\/files\/2025\/01\/IMG_20250114_115912-1024x768.jpg\" alt=\"\" class=\"wp-image-1129\" srcset=\"https:\/\/wordpress.nibis.de\/gsaugustfehn\/files\/2025\/01\/IMG_20250114_115912-1024x768.jpg 1024w, https:\/\/wordpress.nibis.de\/gsaugustfehn\/files\/2025\/01\/IMG_20250114_115912-300x225.jpg 300w, https:\/\/wordpress.nibis.de\/gsaugustfehn\/files\/2025\/01\/IMG_20250114_115912-768x576.jpg 768w, https:\/\/wordpress.nibis.de\/gsaugustfehn\/files\/2025\/01\/IMG_20250114_115912-1536x1152.jpg 1536w, https:\/\/wordpress.nibis.de\/gsaugustfehn\/files\/2025\/01\/IMG_20250114_115912-2048x1536.jpg 2048w, https:\/\/wordpress.nibis.de\/gsaugustfehn\/files\/2025\/01\/IMG_20250114_115912-360x270.jpg 360w\" sizes=\"auto, (max-width: 1024px) 100vw, 1024px\" \/><figcaption>Hinterhof<\/figcaption><\/figure>\n\n\n\n<figure class=\"wp-block-image size-large tw-width-100\"><img loading=\"lazy\" decoding=\"async\" width=\"1024\" height=\"768\" data-id=\"1128\" src=\"https:\/\/wordpress.nibis.de\/gsaugustfehn\/files\/2025\/01\/IMG_20250114_120159-2-1024x768.jpg\" alt=\"\" class=\"wp-image-1128\" srcset=\"https:\/\/wordpress.nibis.de\/gsaugustfehn\/files\/2025\/01\/IMG_20250114_120159-2-1024x768.jpg 1024w, https:\/\/wordpress.nibis.de\/gsaugustfehn\/files\/2025\/01\/IMG_20250114_120159-2-300x225.jpg 300w, https:\/\/wordpress.nibis.de\/gsaugustfehn\/files\/2025\/01\/IMG_20250114_120159-2-768x576.jpg 768w, https:\/\/wordpress.nibis.de\/gsaugustfehn\/files\/2025\/01\/IMG_20250114_120159-2-1536x1152.jpg 1536w, https:\/\/wordpress.nibis.de\/gsaugustfehn\/files\/2025\/01\/IMG_20250114_120159-2-2048x1536.jpg 2048w, https:\/\/wordpress.nibis.de\/gsaugustfehn\/files\/2025\/01\/IMG_20250114_120159-2-360x270.jpg 360w\" sizes=\"auto, (max-width: 1024px) 100vw, 1024px\" \/><figcaption>Sandfl\u00e4che mit Schaukeln, Wippe und Rutschen<\/figcaption><\/figure>\n\n\n\n<figure class=\"wp-block-image size-large\"><img loading=\"lazy\" decoding=\"async\" width=\"768\" height=\"1024\" data-id=\"1132\" src=\"https:\/\/wordpress.nibis.de\/gsaugustfehn\/files\/2025\/01\/IMG_20250114_120247-768x1024.jpg\" alt=\"\" class=\"wp-image-1132\" srcset=\"https:\/\/wordpress.nibis.de\/gsaugustfehn\/files\/2025\/01\/IMG_20250114_120247-768x1024.jpg 768w, https:\/\/wordpress.nibis.de\/gsaugustfehn\/files\/2025\/01\/IMG_20250114_120247-225x300.jpg 225w, https:\/\/wordpress.nibis.de\/gsaugustfehn\/files\/2025\/01\/IMG_20250114_120247-1152x1536.jpg 1152w, https:\/\/wordpress.nibis.de\/gsaugustfehn\/files\/2025\/01\/IMG_20250114_120247-1536x2048.jpg 1536w, https:\/\/wordpress.nibis.de\/gsaugustfehn\/files\/2025\/01\/IMG_20250114_120247-203x270.jpg 203w, https:\/\/wordpress.nibis.de\/gsaugustfehn\/files\/2025\/01\/IMG_20250114_120247-scaled.jpg 1920w\" sizes=\"auto, (max-width: 768px) 100vw, 768px\" \/><figcaption>Tripoli<\/figcaption><\/figure>\n\n\n\n<figure class=\"wp-block-image size-large\"><img loading=\"lazy\" decoding=\"async\" width=\"1024\" height=\"576\" data-id=\"1177\" src=\"https:\/\/wordpress.nibis.de\/gsaugustfehn\/files\/2025\/01\/Rueckseite-Foto-Franziska-Nee-1-1024x576.jpg\" alt=\"\" class=\"wp-image-1177\" srcset=\"https:\/\/wordpress.nibis.de\/gsaugustfehn\/files\/2025\/01\/Rueckseite-Foto-Franziska-Nee-1-1024x576.jpg 1024w, https:\/\/wordpress.nibis.de\/gsaugustfehn\/files\/2025\/01\/Rueckseite-Foto-Franziska-Nee-1-300x169.jpg 300w, https:\/\/wordpress.nibis.de\/gsaugustfehn\/files\/2025\/01\/Rueckseite-Foto-Franziska-Nee-1-768x432.jpg 768w, https:\/\/wordpress.nibis.de\/gsaugustfehn\/files\/2025\/01\/Rueckseite-Foto-Franziska-Nee-1-1536x864.jpg 1536w, https:\/\/wordpress.nibis.de\/gsaugustfehn\/files\/2025\/01\/Rueckseite-Foto-Franziska-Nee-1-2048x1152.jpg 2048w, https:\/\/wordpress.nibis.de\/gsaugustfehn\/files\/2025\/01\/Rueckseite-Foto-Franziska-Nee-1-480x270.jpg 480w\" sizes=\"auto, (max-width: 1024px) 100vw, 1024px\" \/><figcaption>Gr\u00fcnes Klassenzimmer<\/figcaption><\/figure>\n<\/figure>\n\n\n\n<figure class=\"wp-block-gallery has-nested-images columns-default is-cropped wp-block-gallery-3 is-layout-flex wp-block-gallery-is-layout-flex\">\n<figure class=\"wp-block-image size-large\"><img loading=\"lazy\" decoding=\"async\" width=\"1024\" height=\"768\" data-id=\"1178\" src=\"https:\/\/wordpress.nibis.de\/gsaugustfehn\/files\/2025\/01\/IMG_20250114_120110-1-1024x768.jpg\" alt=\"\" class=\"wp-image-1178\" srcset=\"https:\/\/wordpress.nibis.de\/gsaugustfehn\/files\/2025\/01\/IMG_20250114_120110-1-1024x768.jpg 1024w, https:\/\/wordpress.nibis.de\/gsaugustfehn\/files\/2025\/01\/IMG_20250114_120110-1-300x225.jpg 300w, https:\/\/wordpress.nibis.de\/gsaugustfehn\/files\/2025\/01\/IMG_20250114_120110-1-768x576.jpg 768w, https:\/\/wordpress.nibis.de\/gsaugustfehn\/files\/2025\/01\/IMG_20250114_120110-1-1536x1152.jpg 1536w, https:\/\/wordpress.nibis.de\/gsaugustfehn\/files\/2025\/01\/IMG_20250114_120110-1-2048x1536.jpg 2048w, https:\/\/wordpress.nibis.de\/gsaugustfehn\/files\/2025\/01\/IMG_20250114_120110-1-360x270.jpg 360w\" sizes=\"auto, (max-width: 1024px) 100vw, 1024px\" \/><figcaption>Rote Freundschaftsbank<\/figcaption><\/figure>\n\n\n\n<figure class=\"wp-block-image size-large\"><img loading=\"lazy\" decoding=\"async\" width=\"683\" height=\"1024\" data-id=\"1134\" src=\"https:\/\/wordpress.nibis.de\/gsaugustfehn\/files\/2025\/01\/Tulpen-Collage-683x1024.jpg\" alt=\"\" class=\"wp-image-1134\" srcset=\"https:\/\/wordpress.nibis.de\/gsaugustfehn\/files\/2025\/01\/Tulpen-Collage-683x1024.jpg 683w, https:\/\/wordpress.nibis.de\/gsaugustfehn\/files\/2025\/01\/Tulpen-Collage-200x300.jpg 200w, https:\/\/wordpress.nibis.de\/gsaugustfehn\/files\/2025\/01\/Tulpen-Collage-768x1152.jpg 768w, https:\/\/wordpress.nibis.de\/gsaugustfehn\/files\/2025\/01\/Tulpen-Collage-1024x1536.jpg 1024w, https:\/\/wordpress.nibis.de\/gsaugustfehn\/files\/2025\/01\/Tulpen-Collage-1365x2048.jpg 1365w, https:\/\/wordpress.nibis.de\/gsaugustfehn\/files\/2025\/01\/Tulpen-Collage-180x270.jpg 180w, https:\/\/wordpress.nibis.de\/gsaugustfehn\/files\/2025\/01\/Tulpen-Collage-scaled.jpg 1707w\" sizes=\"auto, (max-width: 683px) 100vw, 683px\" \/><figcaption>Tulpenbeet JANOSCH-Schriftzug<\/figcaption><\/figure>\n\n\n\n<figure class=\"wp-block-image size-large\"><img loading=\"lazy\" decoding=\"async\" width=\"1024\" height=\"576\" data-id=\"1133\" src=\"https:\/\/wordpress.nibis.de\/gsaugustfehn\/files\/2025\/01\/Tulpen-1024x576.jpg\" alt=\"\" class=\"wp-image-1133\" srcset=\"https:\/\/wordpress.nibis.de\/gsaugustfehn\/files\/2025\/01\/Tulpen-1024x576.jpg 1024w, https:\/\/wordpress.nibis.de\/gsaugustfehn\/files\/2025\/01\/Tulpen-300x169.jpg 300w, https:\/\/wordpress.nibis.de\/gsaugustfehn\/files\/2025\/01\/Tulpen-768x432.jpg 768w, https:\/\/wordpress.nibis.de\/gsaugustfehn\/files\/2025\/01\/Tulpen-1536x864.jpg 1536w, https:\/\/wordpress.nibis.de\/gsaugustfehn\/files\/2025\/01\/Tulpen-2048x1153.jpg 2048w, https:\/\/wordpress.nibis.de\/gsaugustfehn\/files\/2025\/01\/Tulpen-480x270.jpg 480w\" sizes=\"auto, (max-width: 1024px) 100vw, 1024px\" \/><figcaption>Tulpenbeet<\/figcaption><\/figure>\n<\/figure>\n\n\n\n<p><\/p>\n","protected":false},"excerpt":{"rendered":"<p>Schulgeb\u00e4ude In unserem heutigen Schulgeb\u00e4ude gibt es insgesamt 12 Klassenr\u00e4ume mit kleinen Gruppen- und Jahrgangsr\u00e4umen, einen Werkraum, einen Musikraum, einen F\u00f6rderraum, einen Betreuungsraum, eine Mensa, eine B\u00fccherei, eine Pausenhalle sowie eine Sporthalle. Im Foyer unserer Schule ist ein sch\u00f6nes Wandmosaik zu bewundern. Im Eingangsbereich sowie in den Jahrgangsfluren sind die Arbeiten der Kinder &#8211; Kunstprojekte, Sachplakate &#8211; ausgestellt. Schulhof In den Pausen k\u00f6nnen sich die Kinder drau\u00dfen auf zwei getrennten Schulh\u00f6fen austoben. F\u00fcr Ballspiele wie Fu\u00dfball und Basketball stehen gepflasterte&#8230;<\/p>\n<p class=\"read-more\"><a class=\"btn btn-default\" href=\"https:\/\/wordpress.nibis.de\/gsaugustfehn\/gebaeudegelaende\/\">Weiterlesen<span class=\"screen-reader-text\"> Weiterlesen<\/span><\/a><\/p>\n","protected":false},"author":9192395,"featured_media":0,"parent":0,"menu_order":0,"comment_status":"closed","ping_status":"closed","template":"","meta":{"footnotes":""},"class_list":["post-51","page","type-page","status-publish","hentry"],"_links":{"self":[{"href":"https:\/\/wordpress.nibis.de\/gsaugustfehn\/wp-json\/wp\/v2\/pages\/51","targetHints":{"allow":["GET"]}}],"collection":[{"href":"https:\/\/wordpress.nibis.de\/gsaugustfehn\/wp-json\/wp\/v2\/pages"}],"about":[{"href":"https:\/\/wordpress.nibis.de\/gsaugustfehn\/wp-json\/wp\/v2\/types\/page"}],"author":[{"embeddable":true,"href":"https:\/\/wordpress.nibis.de\/gsaugustfehn\/wp-json\/wp\/v2\/users\/9192395"}],"replies":[{"embeddable":true,"href":"https:\/\/wordpress.nibis.de\/gsaugustfehn\/wp-json\/wp\/v2\/comments?post=51"}],"version-history":[{"count":19,"href":"https:\/\/wordpress.nibis.de\/gsaugustfehn\/wp-json\/wp\/v2\/pages\/51\/revisions"}],"predecessor-version":[{"id":1205,"href":"https:\/\/wordpress.nibis.de\/gsaugustfehn\/wp-json\/wp\/v2\/pages\/51\/revisions\/1205"}],"wp:attachment":[{"href":"https:\/\/wordpress.nibis.de\/gsaugustfehn\/wp-json\/wp\/v2\/media?parent=51"}],"curies":[{"name":"wp","href":"https:\/\/api.w.org\/{rel}","templated":true}]}}