{"id":511,"date":"2018-12-23T17:59:05","date_gmt":"2018-12-23T16:59:05","guid":{"rendered":"http:\/\/wordpress.nibis.de\/gsaugustfehn\/?page_id=511"},"modified":"2019-01-18T16:38:20","modified_gmt":"2019-01-18T15:38:20","slug":"projekt-weihnachtsbasteln","status":"publish","type":"page","link":"https:\/\/wordpress.nibis.de\/gsaugustfehn\/projekt-weihnachtsbasteln\/","title":{"rendered":"Projekt Weihnachtsbasteln"},"content":{"rendered":"<p>Am Projekttag am 6.12.2018 haben die Kinder unterschiedliche Projekte durchlaufen. Sie dauerten immer eine halbe Stunde, sodass die Kinder ein abwechslungsreiches Programm hatten. Es gab unterschiedliche Angebote f\u00fcr die Klassen 1 und 2 sowie f\u00fcr 3 und 4. Weihnachtslieder wurden gesungen, Sterne unterschiedlicher Art gebastelt, Weihnachtskarten hergestellt, Geschichten vorgelesen und dazu gemalt, Adventskalender gestaltet, Engel, Rentiere und Hexenh\u00e4uschen aus Keksen hergestellt, mit Kork gebastelt und lustige Schneem\u00e4nner gestalte. Alle waren eifrig dabei. Auch einige Eltern haben die Projekte tatkr\u00e4ftig unterst\u00fctzt.<br \/>\nDer Projekttag war also ein voller Erfolg.<\/p>\n","protected":false},"excerpt":{"rendered":"<p>Am Projekttag am 6.12.2018 haben die Kinder unterschiedliche Projekte durchlaufen. Sie dauerten immer eine halbe Stunde, sodass die Kinder ein abwechslungsreiches Programm hatten. Es gab unterschiedliche Angebote f\u00fcr die Klassen 1 und 2 sowie f\u00fcr 3 und 4. Weihnachtslieder wurden gesungen, Sterne unterschiedlicher Art gebastelt, Weihnachtskarten hergestellt, Geschichten vorgelesen und dazu gemalt, Adventskalender gestaltet, Engel, Rentiere und Hexenh\u00e4uschen aus Keksen hergestellt, mit Kork gebastelt und lustige Schneem\u00e4nner gestalte. Alle waren eifrig dabei. Auch einige Eltern haben die Projekte tatkr\u00e4ftig unterst\u00fctzt&#8230;.<\/p>\n<p class=\"read-more\"><a class=\"btn btn-default\" href=\"https:\/\/wordpress.nibis.de\/gsaugustfehn\/projekt-weihnachtsbasteln\/\">Weiterlesen<span class=\"screen-reader-text\"> Weiterlesen<\/span><\/a><\/p>\n","protected":false},"author":9192395,"featured_media":0,"parent":0,"menu_order":0,"comment_status":"closed","ping_status":"closed","template":"","meta":{"footnotes":""},"class_list":["post-511","page","type-page","status-publish","hentry"],"_links":{"self":[{"href":"https:\/\/wordpress.nibis.de\/gsaugustfehn\/wp-json\/wp\/v2\/pages\/511","targetHints":{"allow":["GET"]}}],"collection":[{"href":"https:\/\/wordpress.nibis.de\/gsaugustfehn\/wp-json\/wp\/v2\/pages"}],"about":[{"href":"https:\/\/wordpress.nibis.de\/gsaugustfehn\/wp-json\/wp\/v2\/types\/page"}],"author":[{"embeddable":true,"href":"https:\/\/wordpress.nibis.de\/gsaugustfehn\/wp-json\/wp\/v2\/users\/9192395"}],"replies":[{"embeddable":true,"href":"https:\/\/wordpress.nibis.de\/gsaugustfehn\/wp-json\/wp\/v2\/comments?post=511"}],"version-history":[{"count":1,"href":"https:\/\/wordpress.nibis.de\/gsaugustfehn\/wp-json\/wp\/v2\/pages\/511\/revisions"}],"predecessor-version":[{"id":512,"href":"https:\/\/wordpress.nibis.de\/gsaugustfehn\/wp-json\/wp\/v2\/pages\/511\/revisions\/512"}],"wp:attachment":[{"href":"https:\/\/wordpress.nibis.de\/gsaugustfehn\/wp-json\/wp\/v2\/media?parent=511"}],"curies":[{"name":"wp","href":"https:\/\/api.w.org\/{rel}","templated":true}]}}