{"id":52,"date":"2017-10-09T12:31:09","date_gmt":"2017-10-09T10:31:09","guid":{"rendered":"http:\/\/wordpress.nibis.de\/gsaugustfehn\/?page_id=52"},"modified":"2025-01-14T15:23:48","modified_gmt":"2025-01-14T14:23:48","slug":"buecherei","status":"publish","type":"page","link":"https:\/\/wordpress.nibis.de\/gsaugustfehn\/buecherei\/","title":{"rendered":"B\u00fccherei"},"content":{"rendered":"\n<figure class=\"wp-block-image size-large\"><img loading=\"lazy\" decoding=\"async\" width=\"1024\" height=\"768\" src=\"https:\/\/wordpress.nibis.de\/gsaugustfehn\/files\/2025\/01\/IMG_20250114_150012-3-1024x768.jpg\" alt=\"\" class=\"wp-image-1201\" srcset=\"https:\/\/wordpress.nibis.de\/gsaugustfehn\/files\/2025\/01\/IMG_20250114_150012-3-1024x768.jpg 1024w, https:\/\/wordpress.nibis.de\/gsaugustfehn\/files\/2025\/01\/IMG_20250114_150012-3-300x225.jpg 300w, https:\/\/wordpress.nibis.de\/gsaugustfehn\/files\/2025\/01\/IMG_20250114_150012-3-768x576.jpg 768w, https:\/\/wordpress.nibis.de\/gsaugustfehn\/files\/2025\/01\/IMG_20250114_150012-3-1536x1152.jpg 1536w, https:\/\/wordpress.nibis.de\/gsaugustfehn\/files\/2025\/01\/IMG_20250114_150012-3-2048x1536.jpg 2048w, https:\/\/wordpress.nibis.de\/gsaugustfehn\/files\/2025\/01\/IMG_20250114_150012-3-360x270.jpg 360w\" sizes=\"auto, (max-width: 1024px) 100vw, 1024px\" \/><figcaption>B\u00fccherei der Janosch-Grundschule<\/figcaption><\/figure>\n\n\n<hr \/>\n<p>Was hat die Janosch-Grundschule, was andere Schulen vielleicht nicht haben?<\/p>\n<p>Eine <strong>B\u00dcCHEREI <\/strong>\u2013 mit wilden Abenteuern, romantischen Pferdegeschichten, tollen Sachb\u00fcchern, Klassikern der Kinderliteratur, passenden Titeln f\u00fcr Leseanf\u00e4ngerinnen und Leseanf\u00e4nger und vielem mehr. Mittels Buchpatenschaften und B\u00fccherspenden wird die Auswahl an B\u00fcchern immer wieder um neu erschienene Titel erweitert.<\/p>\n<p>Um auch zuk\u00fcnftig gew\u00e4hrleisten zu k\u00f6nnen, dass die B\u00fccherei an unserer Schule w\u00e4hrend der Schulzeit f\u00fcr die Kinder ge\u00f6ffnet ist, w\u00fcrden wir uns sehr \u00fcber personelle Unterst\u00fctzung freuen.<\/p>\n<p>Wenden Sie sich dazu gerne an das Sekretariat.<\/p>\n<p>(Bericht von: Jessika Stempel und Tanja Hamjediers, F\u00f6rderverein)<\/p>\n\n\n<hr class=\"wp-block-separator is-style-wide\" \/>\n\n\n\n<figure class=\"wp-block-gallery has-nested-images columns-default is-cropped wp-block-gallery-1 is-layout-flex wp-block-gallery-is-layout-flex\">\n<figure class=\"wp-block-image size-large is-style-default\"><img loading=\"lazy\" decoding=\"async\" width=\"1024\" height=\"768\" data-id=\"1194\" src=\"https:\/\/wordpress.nibis.de\/gsaugustfehn\/files\/2025\/01\/IMG_20250114_150007-2-1024x768.jpg\" alt=\"\" class=\"wp-image-1194\" srcset=\"https:\/\/wordpress.nibis.de\/gsaugustfehn\/files\/2025\/01\/IMG_20250114_150007-2-1024x768.jpg 1024w, https:\/\/wordpress.nibis.de\/gsaugustfehn\/files\/2025\/01\/IMG_20250114_150007-2-300x225.jpg 300w, https:\/\/wordpress.nibis.de\/gsaugustfehn\/files\/2025\/01\/IMG_20250114_150007-2-768x576.jpg 768w, https:\/\/wordpress.nibis.de\/gsaugustfehn\/files\/2025\/01\/IMG_20250114_150007-2-1536x1152.jpg 1536w, https:\/\/wordpress.nibis.de\/gsaugustfehn\/files\/2025\/01\/IMG_20250114_150007-2-2048x1536.jpg 2048w, https:\/\/wordpress.nibis.de\/gsaugustfehn\/files\/2025\/01\/IMG_20250114_150007-2-360x270.jpg 360w\" sizes=\"auto, (max-width: 1024px) 100vw, 1024px\" \/><figcaption>B\u00fccherei der Janosch-Grundschule<\/figcaption><\/figure>\n<\/figure>\n","protected":false},"excerpt":{"rendered":"<p>Was hat die Janosch-Grundschule, was andere Schulen vielleicht nicht haben? Eine B\u00dcCHEREI \u2013 mit wilden Abenteuern, romantischen Pferdegeschichten, tollen Sachb\u00fcchern, Klassikern der Kinderliteratur, passenden Titeln f\u00fcr Leseanf\u00e4ngerinnen und Leseanf\u00e4nger und vielem mehr. Mittels Buchpatenschaften und B\u00fccherspenden wird die Auswahl an B\u00fcchern immer wieder um neu erschienene Titel erweitert. Um auch zuk\u00fcnftig gew\u00e4hrleisten zu k\u00f6nnen, dass die B\u00fccherei an unserer Schule w\u00e4hrend der Schulzeit f\u00fcr die Kinder ge\u00f6ffnet ist, w\u00fcrden wir uns sehr \u00fcber personelle Unterst\u00fctzung freuen. Wenden Sie sich dazu&#8230;<\/p>\n<p class=\"read-more\"><a class=\"btn btn-default\" href=\"https:\/\/wordpress.nibis.de\/gsaugustfehn\/buecherei\/\">Weiterlesen<span class=\"screen-reader-text\"> Weiterlesen<\/span><\/a><\/p>\n","protected":false},"author":9192395,"featured_media":0,"parent":0,"menu_order":0,"comment_status":"closed","ping_status":"closed","template":"","meta":{"footnotes":""},"class_list":["post-52","page","type-page","status-publish","hentry"],"_links":{"self":[{"href":"https:\/\/wordpress.nibis.de\/gsaugustfehn\/wp-json\/wp\/v2\/pages\/52","targetHints":{"allow":["GET"]}}],"collection":[{"href":"https:\/\/wordpress.nibis.de\/gsaugustfehn\/wp-json\/wp\/v2\/pages"}],"about":[{"href":"https:\/\/wordpress.nibis.de\/gsaugustfehn\/wp-json\/wp\/v2\/types\/page"}],"author":[{"embeddable":true,"href":"https:\/\/wordpress.nibis.de\/gsaugustfehn\/wp-json\/wp\/v2\/users\/9192395"}],"replies":[{"embeddable":true,"href":"https:\/\/wordpress.nibis.de\/gsaugustfehn\/wp-json\/wp\/v2\/comments?post=52"}],"version-history":[{"count":11,"href":"https:\/\/wordpress.nibis.de\/gsaugustfehn\/wp-json\/wp\/v2\/pages\/52\/revisions"}],"predecessor-version":[{"id":1202,"href":"https:\/\/wordpress.nibis.de\/gsaugustfehn\/wp-json\/wp\/v2\/pages\/52\/revisions\/1202"}],"wp:attachment":[{"href":"https:\/\/wordpress.nibis.de\/gsaugustfehn\/wp-json\/wp\/v2\/media?parent=52"}],"curies":[{"name":"wp","href":"https:\/\/api.w.org\/{rel}","templated":true}]}}