{"id":543,"date":"2019-05-26T13:31:46","date_gmt":"2019-05-26T11:31:46","guid":{"rendered":"https:\/\/wordpress.nibis.de\/gsaugustfehn\/?page_id=543"},"modified":"2019-05-26T13:31:46","modified_gmt":"2019-05-26T11:31:46","slug":"lesewettbewerb","status":"publish","type":"page","link":"https:\/\/wordpress.nibis.de\/gsaugustfehn\/lesewettbewerb\/","title":{"rendered":"Lesewettbewerb"},"content":{"rendered":"\n<p>Im M\u00e4rz haben die dritten und vierten Klassen zuerst in ihren Klassen, dann auf Schulebene einen Lesewettbewerb durchgef\u00fchrt.<\/p>\n<p>Amelie Ha\u00df (3a), Simon Wienken (3b), Skadi Gersema (4a), Lilly Zimmermann (4b), Maila Dillh\u00f6ffer (4c) und Larissa Platt (GS am Stahlwerk) sind als unsere Schulsieger am Mittwoch, den 3. April in das Rathaus zum Gemeinde-Lesewettbewerb gefahren.<\/p>\n<p>Nach der Begr\u00fc\u00dfung durch den B\u00fcrgermeister Herrn Huber wurde flei\u00dfig vorgelesen. Bei der Siegerehrung wurde es dann noch einmal spannend.<\/p>\n<p>Wir gratulieren allen Teilnehmern f\u00fcr eine tolle Leseleistung und konnten den Sieg auf Gemeindeebene in Klasse 3 an die Janosch Grundschule holen.<\/p>\n<p>Ein gro\u00dfes Lob an Amelie Ha\u00df aus der Klasse 3a.<\/p>\n<p>\u00a0<\/p>\n<p>\u00a0<\/p>\n<p>Janina Bo\u00dfelmann<\/p>\n","protected":false},"excerpt":{"rendered":"<p>Im M\u00e4rz haben die dritten und vierten Klassen zuerst in ihren Klassen, dann auf Schulebene einen Lesewettbewerb durchgef\u00fchrt. Amelie Ha\u00df (3a), Simon Wienken (3b), Skadi Gersema (4a), Lilly Zimmermann (4b), Maila Dillh\u00f6ffer (4c) und Larissa Platt (GS am Stahlwerk) sind als unsere Schulsieger am Mittwoch, den 3. April in das Rathaus zum Gemeinde-Lesewettbewerb gefahren. Nach der Begr\u00fc\u00dfung durch den B\u00fcrgermeister Herrn Huber wurde flei\u00dfig vorgelesen. Bei der Siegerehrung wurde es dann noch einmal spannend. Wir gratulieren allen Teilnehmern f\u00fcr eine&#8230;<\/p>\n<p class=\"read-more\"><a class=\"btn btn-default\" href=\"https:\/\/wordpress.nibis.de\/gsaugustfehn\/lesewettbewerb\/\">Weiterlesen<span class=\"screen-reader-text\"> Weiterlesen<\/span><\/a><\/p>\n","protected":false},"author":9192395,"featured_media":0,"parent":0,"menu_order":0,"comment_status":"closed","ping_status":"closed","template":"","meta":{"footnotes":""},"class_list":["post-543","page","type-page","status-publish","hentry"],"_links":{"self":[{"href":"https:\/\/wordpress.nibis.de\/gsaugustfehn\/wp-json\/wp\/v2\/pages\/543","targetHints":{"allow":["GET"]}}],"collection":[{"href":"https:\/\/wordpress.nibis.de\/gsaugustfehn\/wp-json\/wp\/v2\/pages"}],"about":[{"href":"https:\/\/wordpress.nibis.de\/gsaugustfehn\/wp-json\/wp\/v2\/types\/page"}],"author":[{"embeddable":true,"href":"https:\/\/wordpress.nibis.de\/gsaugustfehn\/wp-json\/wp\/v2\/users\/9192395"}],"replies":[{"embeddable":true,"href":"https:\/\/wordpress.nibis.de\/gsaugustfehn\/wp-json\/wp\/v2\/comments?post=543"}],"version-history":[{"count":1,"href":"https:\/\/wordpress.nibis.de\/gsaugustfehn\/wp-json\/wp\/v2\/pages\/543\/revisions"}],"predecessor-version":[{"id":544,"href":"https:\/\/wordpress.nibis.de\/gsaugustfehn\/wp-json\/wp\/v2\/pages\/543\/revisions\/544"}],"wp:attachment":[{"href":"https:\/\/wordpress.nibis.de\/gsaugustfehn\/wp-json\/wp\/v2\/media?parent=543"}],"curies":[{"name":"wp","href":"https:\/\/api.w.org\/{rel}","templated":true}]}}