{"id":545,"date":"2019-05-26T13:35:49","date_gmt":"2019-05-26T11:35:49","guid":{"rendered":"https:\/\/wordpress.nibis.de\/gsaugustfehn\/?page_id=545"},"modified":"2019-05-26T13:35:49","modified_gmt":"2019-05-26T11:35:49","slug":"trommelfest-der-tiere","status":"publish","type":"page","link":"https:\/\/wordpress.nibis.de\/gsaugustfehn\/trommelfest-der-tiere\/","title":{"rendered":"Trommelfest der Tiere"},"content":{"rendered":"\n<p>Unsere Grundschule veranstaltete in der letzten Woche eine Projektwoche rund ums Trommeln.\u00a0Die Trommelwoche wurde von TAM TAM Thomas, Thomas Uken geleitet.\u00a0 Die Trommelwoche hat uns allen sehr viel Spa\u00df gemacht.\u00a0Wir lernten viele afrikanische Lieder, T\u00e4nze und Rhythmen auf Trommeln.\u00a0In unserem St\u00fcck gab es Elefanten, V\u00f6gel, Zebras, Krokodile und Sterne.\u00a0<\/p>\n<p>Im Unterricht bastelten wir Trommeln aus Blument\u00f6pfen, malten Tiere und gestalteten Masken und Kulissen.\u00a0Bei den Hauptdarstellern ging manchmal die ein oder andere Pause drauf, um zu \u00fcben.<\/p>\n<p>Der H\u00f6hepunkt der Woche waren die beiden Trommelvorf\u00fchrungen am Freitag. Bei der Nachmittagsvorstellung war es so voll, dass viele Zuschauer stehen mussten.<\/p>\n<p>Nach der Vorstellung gab es Kaffee und Kuchen. Au\u00dferdem verkaufte TAM TAM Thomas kleine Umh\u00e4ngetrommeln und CD\u00b4s.<\/p>\n<p>Klasse 4b: Henriette, Johanna, Lara und Lilly<\/p>\n<hr \/>\n<p>\u00a0<\/p>\n<p>Der aufregende Weg zum Trommelfest der Tiere<\/p>\n<p>Als der Schulvorstand im vergangenen Jahr beschlossen hatte, eine Projektwoche mit einem Trommler zu organisieren, konnte sich der Vorstand des F\u00f6rdervereins noch nicht allzu viel unter dieser Aktion vorstellen, war aber gerne bereit, die auf den ersten Blick doch ziemlich hohen Kosten &#8211; alles in allem rund 4000,- Euro &#8211; zu \u00fcbernehmen. Die Erwartungen waren nun nat\u00fcrlich hoch.<\/p>\n<p>Dann begann die \u201eTrommelwoche\u201c, die Kinder kamen mit den ersten sch\u00f6nen Erfahrungen, die sie mit \u201eTAM TAM Thomas\u201c gemacht hatten, nach Hause, und in der Schule machte sich eine ungew\u00f6hnlich gel\u00f6ste, fr\u00f6hliche Stimmung breit. Bei t\u00e4glichen Trommel-und Tanz\u00fcbungen mit dem Trommelp\u00e4dagogen und abwechslungsreichen Bastelaktionen f\u00fcr die Kost\u00fcme und Kulissen, lie\u00dfen die Kinder gemeinsam mit ihren Lehrerinnen und Lehrern ihr ganz eigenes \u201eTrommelfest der Tiere\u201c zum Leben erwecken.<\/p>\n<p>Alle begeisterten gro\u00dfen und kleinen Besucher der Generalprobe am Freitagvormittag und des \u00a0gro\u00dfen Trommelfests am Freitagnachmittag konnten sich selbst davon \u00fcberzeugen: Ein riesiges, aufregendes Trommelfest mit allen Kindern und Lehrerinnen und Lehrern und beim gro\u00dfen Finale sogar mit allen Zuschauern, die auch zum Mitmachen aufgefordert wurden.<\/p>\n<p>Unsere Erwartungen als F\u00f6rderverein an diese Projektwoche wurden mehr als erf\u00fcllt. Wir freuen uns, es mit Ihrer finanziellen Unterst\u00fctzung m\u00f6glich gemacht zu haben und sagen Dankesch\u00f6n an alle Eltern, Gro\u00dfeltern und Freunde, die etwas in die Spendendosen getan haben. Mit Ihren Spenden und dem Erl\u00f6s der Cafeteria zur Auff\u00fchrung des Trommelfests konnten rund 1080,- Euro zum Trommelprojekt zugesteuert werden.<\/p>\n<p>\u00a0<\/p>\n<p>Nadine Bruns und Monika Pehl, F\u00f6rderverein<\/p>\n","protected":false},"excerpt":{"rendered":"<p>Unsere Grundschule veranstaltete in der letzten Woche eine Projektwoche rund ums Trommeln.\u00a0Die Trommelwoche wurde von TAM TAM Thomas, Thomas Uken geleitet.\u00a0 Die Trommelwoche hat uns allen sehr viel Spa\u00df gemacht.\u00a0Wir lernten viele afrikanische Lieder, T\u00e4nze und Rhythmen auf Trommeln.\u00a0In unserem St\u00fcck gab es Elefanten, V\u00f6gel, Zebras, Krokodile und Sterne.\u00a0 Im Unterricht bastelten wir Trommeln aus Blument\u00f6pfen, malten Tiere und gestalteten Masken und Kulissen.\u00a0Bei den Hauptdarstellern ging manchmal die ein oder andere Pause drauf, um zu \u00fcben. Der H\u00f6hepunkt der Woche&#8230;<\/p>\n<p class=\"read-more\"><a class=\"btn btn-default\" href=\"https:\/\/wordpress.nibis.de\/gsaugustfehn\/trommelfest-der-tiere\/\">Weiterlesen<span class=\"screen-reader-text\"> Weiterlesen<\/span><\/a><\/p>\n","protected":false},"author":9192395,"featured_media":0,"parent":0,"menu_order":0,"comment_status":"closed","ping_status":"closed","template":"","meta":{"footnotes":""},"class_list":["post-545","page","type-page","status-publish","hentry"],"_links":{"self":[{"href":"https:\/\/wordpress.nibis.de\/gsaugustfehn\/wp-json\/wp\/v2\/pages\/545","targetHints":{"allow":["GET"]}}],"collection":[{"href":"https:\/\/wordpress.nibis.de\/gsaugustfehn\/wp-json\/wp\/v2\/pages"}],"about":[{"href":"https:\/\/wordpress.nibis.de\/gsaugustfehn\/wp-json\/wp\/v2\/types\/page"}],"author":[{"embeddable":true,"href":"https:\/\/wordpress.nibis.de\/gsaugustfehn\/wp-json\/wp\/v2\/users\/9192395"}],"replies":[{"embeddable":true,"href":"https:\/\/wordpress.nibis.de\/gsaugustfehn\/wp-json\/wp\/v2\/comments?post=545"}],"version-history":[{"count":1,"href":"https:\/\/wordpress.nibis.de\/gsaugustfehn\/wp-json\/wp\/v2\/pages\/545\/revisions"}],"predecessor-version":[{"id":546,"href":"https:\/\/wordpress.nibis.de\/gsaugustfehn\/wp-json\/wp\/v2\/pages\/545\/revisions\/546"}],"wp:attachment":[{"href":"https:\/\/wordpress.nibis.de\/gsaugustfehn\/wp-json\/wp\/v2\/media?parent=545"}],"curies":[{"name":"wp","href":"https:\/\/api.w.org\/{rel}","templated":true}]}}