{"id":555,"date":"2019-05-26T13:50:17","date_gmt":"2019-05-26T11:50:17","guid":{"rendered":"https:\/\/wordpress.nibis.de\/gsaugustfehn\/?page_id=555"},"modified":"2019-05-26T13:50:17","modified_gmt":"2019-05-26T11:50:17","slug":"znt","status":"publish","type":"page","link":"https:\/\/wordpress.nibis.de\/gsaugustfehn\/znt\/","title":{"rendered":"ZNT"},"content":{"rendered":"\n<p>Forschen und programmieren \u2013 ein Tag voller Erlebnisse<\/p>\n<p>Am 26. M\u00e4rz 2019 besuchten wir (die Klasse 2a) das Zentrum f\u00fcr Natur und Technik in Aurich. Aufgeteilt in 2 Gruppen wurde den ganzen Vormittag flei\u00dfig an verschiedenen Aufgaben aus dem naturwissenschaftlichen und technischen Bereich gearbeitet und geforscht. Wir mussten herausfinden, welche Gegenst\u00e4nde schwimmen oder sinken &#8211; liegt es am Gewicht, der Gr\u00f6\u00dfe, dem Material, der eingeschlossenen Luft oder doch der Form? Im Anschluss bauten wir eigene Boote um diese schlussendlich mit gro\u00dfer Begeisterung im Wasserkanal zu testen.<\/p>\n<p>Nach einer kleinen Fr\u00fchst\u00fcckspause ging es im zweiten Teil des Tages um das Programmieren einer kleinen Roboterbiene. Erstmal mussten wir herausfinden, wie die kleine Biene denn auf bestimmte Befehle reagiert. Dann konnte es losgehen, programmieren, testen, ver\u00e4ndern und nochmals testen, so lange bis die kleine Biene auf dem richtigen Weg alle Blumen besucht und allein den Weg zur\u00fcck zu ihrem Bienenstock gefunden hatte. So machten wir uns nach einem erlebnisreichen Vormittag mit vielen neuen Erkenntnis auf den Weg zur\u00fcck nach Augustfehn.<\/p>\n<p>Steffi Tangemann, 2a<\/p>\n","protected":false},"excerpt":{"rendered":"<p>Forschen und programmieren \u2013 ein Tag voller Erlebnisse Am 26. M\u00e4rz 2019 besuchten wir (die Klasse 2a) das Zentrum f\u00fcr Natur und Technik in Aurich. Aufgeteilt in 2 Gruppen wurde den ganzen Vormittag flei\u00dfig an verschiedenen Aufgaben aus dem naturwissenschaftlichen und technischen Bereich gearbeitet und geforscht. Wir mussten herausfinden, welche Gegenst\u00e4nde schwimmen oder sinken &#8211; liegt es am Gewicht, der Gr\u00f6\u00dfe, dem Material, der eingeschlossenen Luft oder doch der Form? Im Anschluss bauten wir eigene Boote um diese schlussendlich mit&#8230;<\/p>\n<p class=\"read-more\"><a class=\"btn btn-default\" href=\"https:\/\/wordpress.nibis.de\/gsaugustfehn\/znt\/\">Weiterlesen<span class=\"screen-reader-text\"> Weiterlesen<\/span><\/a><\/p>\n","protected":false},"author":9192395,"featured_media":0,"parent":0,"menu_order":0,"comment_status":"closed","ping_status":"closed","template":"","meta":{"footnotes":""},"class_list":["post-555","page","type-page","status-publish","hentry"],"_links":{"self":[{"href":"https:\/\/wordpress.nibis.de\/gsaugustfehn\/wp-json\/wp\/v2\/pages\/555","targetHints":{"allow":["GET"]}}],"collection":[{"href":"https:\/\/wordpress.nibis.de\/gsaugustfehn\/wp-json\/wp\/v2\/pages"}],"about":[{"href":"https:\/\/wordpress.nibis.de\/gsaugustfehn\/wp-json\/wp\/v2\/types\/page"}],"author":[{"embeddable":true,"href":"https:\/\/wordpress.nibis.de\/gsaugustfehn\/wp-json\/wp\/v2\/users\/9192395"}],"replies":[{"embeddable":true,"href":"https:\/\/wordpress.nibis.de\/gsaugustfehn\/wp-json\/wp\/v2\/comments?post=555"}],"version-history":[{"count":1,"href":"https:\/\/wordpress.nibis.de\/gsaugustfehn\/wp-json\/wp\/v2\/pages\/555\/revisions"}],"predecessor-version":[{"id":556,"href":"https:\/\/wordpress.nibis.de\/gsaugustfehn\/wp-json\/wp\/v2\/pages\/555\/revisions\/556"}],"wp:attachment":[{"href":"https:\/\/wordpress.nibis.de\/gsaugustfehn\/wp-json\/wp\/v2\/media?parent=555"}],"curies":[{"name":"wp","href":"https:\/\/api.w.org\/{rel}","templated":true}]}}