{"id":584,"date":"2019-11-03T12:54:33","date_gmt":"2019-11-03T11:54:33","guid":{"rendered":"https:\/\/wordpress.nibis.de\/gsaugustfehn\/?page_id=584"},"modified":"2019-11-03T12:54:33","modified_gmt":"2019-11-03T11:54:33","slug":"spielenachmittag","status":"publish","type":"page","link":"https:\/\/wordpress.nibis.de\/gsaugustfehn\/spielenachmittag\/","title":{"rendered":"Spielenachmittag"},"content":{"rendered":"\n<p>Am Freitag, den 6. September 2019 veranstaltete die Janosch-Grundschule einen bunten Spielenachmittag.<\/p>\n<p>Nach einer Begr\u00fc\u00dfung durch die Schulhymne konnte der sch\u00f6ne Nachmittag beginnen. Jede 2., 3. und 4. Klasse hatte eine Spielestation aufgebaut. An diesen tollen Stationen konnten sich die Kinder austoben. W\u00e4hrend die Kinder spielten, gab es f\u00fcr die Eltern und weitere G\u00e4ste frische W\u00fcrstchen und ein vielf\u00e4ltiges Buffet.<\/p>\n<p>Vor allem die \u00dcbernahme von Diensten an den eigenen Stationen gefiel den Kindern sehr.<\/p>\n<p>Der Verkauf von Kuchen, Geb\u00e4ck und Getr\u00e4nken zugunsten des F\u00f6rdervereins ergab eine Spende von \u00fcber 500\u20ac.<\/p>\n","protected":false},"excerpt":{"rendered":"<p>Am Freitag, den 6. September 2019 veranstaltete die Janosch-Grundschule einen bunten Spielenachmittag. Nach einer Begr\u00fc\u00dfung durch die Schulhymne konnte der sch\u00f6ne Nachmittag beginnen. Jede 2., 3. und 4. Klasse hatte eine Spielestation aufgebaut. An diesen tollen Stationen konnten sich die Kinder austoben. W\u00e4hrend die Kinder spielten, gab es f\u00fcr die Eltern und weitere G\u00e4ste frische W\u00fcrstchen und ein vielf\u00e4ltiges Buffet. Vor allem die \u00dcbernahme von Diensten an den eigenen Stationen gefiel den Kindern sehr. Der Verkauf von Kuchen, Geb\u00e4ck und&#8230;<\/p>\n<p class=\"read-more\"><a class=\"btn btn-default\" href=\"https:\/\/wordpress.nibis.de\/gsaugustfehn\/spielenachmittag\/\">Weiterlesen<span class=\"screen-reader-text\"> Weiterlesen<\/span><\/a><\/p>\n","protected":false},"author":9192395,"featured_media":0,"parent":0,"menu_order":0,"comment_status":"closed","ping_status":"closed","template":"","meta":{"footnotes":""},"class_list":["post-584","page","type-page","status-publish","hentry"],"_links":{"self":[{"href":"https:\/\/wordpress.nibis.de\/gsaugustfehn\/wp-json\/wp\/v2\/pages\/584","targetHints":{"allow":["GET"]}}],"collection":[{"href":"https:\/\/wordpress.nibis.de\/gsaugustfehn\/wp-json\/wp\/v2\/pages"}],"about":[{"href":"https:\/\/wordpress.nibis.de\/gsaugustfehn\/wp-json\/wp\/v2\/types\/page"}],"author":[{"embeddable":true,"href":"https:\/\/wordpress.nibis.de\/gsaugustfehn\/wp-json\/wp\/v2\/users\/9192395"}],"replies":[{"embeddable":true,"href":"https:\/\/wordpress.nibis.de\/gsaugustfehn\/wp-json\/wp\/v2\/comments?post=584"}],"version-history":[{"count":1,"href":"https:\/\/wordpress.nibis.de\/gsaugustfehn\/wp-json\/wp\/v2\/pages\/584\/revisions"}],"predecessor-version":[{"id":585,"href":"https:\/\/wordpress.nibis.de\/gsaugustfehn\/wp-json\/wp\/v2\/pages\/584\/revisions\/585"}],"wp:attachment":[{"href":"https:\/\/wordpress.nibis.de\/gsaugustfehn\/wp-json\/wp\/v2\/media?parent=584"}],"curies":[{"name":"wp","href":"https:\/\/api.w.org\/{rel}","templated":true}]}}