{"id":601,"date":"2019-12-12T22:57:34","date_gmt":"2019-12-12T21:57:34","guid":{"rendered":"https:\/\/wordpress.nibis.de\/gsaugustfehn\/?page_id=601"},"modified":"2019-12-12T22:57:34","modified_gmt":"2019-12-12T21:57:34","slug":"schulchor-singt-zum-advent","status":"publish","type":"page","link":"https:\/\/wordpress.nibis.de\/gsaugustfehn\/schulchor-singt-zum-advent\/","title":{"rendered":"Schulchor singt zum Advent"},"content":{"rendered":"\n<p>Am 5.12.2019 war der Schulchor wieder zu Gast im Pflegezentrum Azurit in Augustfehn. In diesem Jahr hatte der Chor die Weihnachtsgeschichte mit kurzen Texten und Liedern unter der \u00dcberschrift \u201eLeuchten wieder Kerzen\u201c vorbereitet.<\/p>\n<p>Die Lieder erz\u00e4hlten von der Reise nach Bethlehem, der erfolglosen Herbergssuche, den Besuchern und Tieren in der Krippe und der gro\u00dfen Freude \u00fcber die Geburt des Kindes in der Krippe. Mit Begeisterung sangen und lasen die Kinder des Schulchores die Lieder und Texte und erfreuten die Senioren bei Ihrem Adventsnachmittag.<\/p>\n<p>Auch viele Eltern der Chorkinder haben den Liedern zuh\u00f6ren k\u00f6nnen und freuten sich \u00fcber den gelungenen Auftritt des Chores.<\/p>\n<p>Als Dank erhielten die Kinder einen gro\u00dfen Schokoweihnachtsmann.<\/p>\n","protected":false},"excerpt":{"rendered":"<p>Am 5.12.2019 war der Schulchor wieder zu Gast im Pflegezentrum Azurit in Augustfehn. In diesem Jahr hatte der Chor die Weihnachtsgeschichte mit kurzen Texten und Liedern unter der \u00dcberschrift \u201eLeuchten wieder Kerzen\u201c vorbereitet. Die Lieder erz\u00e4hlten von der Reise nach Bethlehem, der erfolglosen Herbergssuche, den Besuchern und Tieren in der Krippe und der gro\u00dfen Freude \u00fcber die Geburt des Kindes in der Krippe. Mit Begeisterung sangen und lasen die Kinder des Schulchores die Lieder und Texte und erfreuten die Senioren&#8230;<\/p>\n<p class=\"read-more\"><a class=\"btn btn-default\" href=\"https:\/\/wordpress.nibis.de\/gsaugustfehn\/schulchor-singt-zum-advent\/\">Weiterlesen<span class=\"screen-reader-text\"> Weiterlesen<\/span><\/a><\/p>\n","protected":false},"author":9192395,"featured_media":0,"parent":0,"menu_order":0,"comment_status":"closed","ping_status":"closed","template":"","meta":{"footnotes":""},"class_list":["post-601","page","type-page","status-publish","hentry"],"_links":{"self":[{"href":"https:\/\/wordpress.nibis.de\/gsaugustfehn\/wp-json\/wp\/v2\/pages\/601","targetHints":{"allow":["GET"]}}],"collection":[{"href":"https:\/\/wordpress.nibis.de\/gsaugustfehn\/wp-json\/wp\/v2\/pages"}],"about":[{"href":"https:\/\/wordpress.nibis.de\/gsaugustfehn\/wp-json\/wp\/v2\/types\/page"}],"author":[{"embeddable":true,"href":"https:\/\/wordpress.nibis.de\/gsaugustfehn\/wp-json\/wp\/v2\/users\/9192395"}],"replies":[{"embeddable":true,"href":"https:\/\/wordpress.nibis.de\/gsaugustfehn\/wp-json\/wp\/v2\/comments?post=601"}],"version-history":[{"count":1,"href":"https:\/\/wordpress.nibis.de\/gsaugustfehn\/wp-json\/wp\/v2\/pages\/601\/revisions"}],"predecessor-version":[{"id":604,"href":"https:\/\/wordpress.nibis.de\/gsaugustfehn\/wp-json\/wp\/v2\/pages\/601\/revisions\/604"}],"wp:attachment":[{"href":"https:\/\/wordpress.nibis.de\/gsaugustfehn\/wp-json\/wp\/v2\/media?parent=601"}],"curies":[{"name":"wp","href":"https:\/\/api.w.org\/{rel}","templated":true}]}}