{"id":901,"date":"2022-07-11T20:36:26","date_gmt":"2022-07-11T18:36:26","guid":{"rendered":"https:\/\/wordpress.nibis.de\/gsaugustfehn\/?page_id=901"},"modified":"2022-08-22T16:53:12","modified_gmt":"2022-08-22T14:53:12","slug":"verkehrssicherheitstag","status":"publish","type":"page","link":"https:\/\/wordpress.nibis.de\/gsaugustfehn\/verkehrssicherheitstag\/","title":{"rendered":"Verkehrssicherheitstage"},"content":{"rendered":"\n<p>Am 7.7. und 8.7.2022 fanden bei uns an der Schule unsere Verkehrssicherheitstage statt.<\/p>\n\n\n\n<p>Folgende Stationen konnten die Kinder an den beiden Tagen nutzen: Fahrradparcours, Verkehrspuzzle, Stelzenlauf, K\u00e4sebrett, Spiegelzeichen, Sehtest, Fahrradsimulator, Hindernisparcours\/ Roller, Verkehrszeichen, Orientierung im Raum, Kippbrett, Reflektorenraum, Bremsentest, Fahrrad\u00fcberpr\u00fcfung.<\/p>\n\n\n\n<p>Die Kinder konnten an den beiden Tagen frei w\u00e4hlen, welche Stationen sie in welcher Reihenfolge besuchten. Auf einem Laufzettel wurden die einzelnen Stationen abgestempelt. Den Kindern haben diese beiden Vormittage viel Spa\u00df bereitet und sie haben viel f\u00fcr ihre Verkehrssicherheit geleistet.<\/p>\n\n\n\n<p>Die Polizei unterst\u00fctzte uns mit vielen Materialien und auch personell. Zudem \u00fcbernahmen hilfreiche Eltern einige der Stationen. Daf\u00fcr bedanken wir uns auch noch einmal an dieser Stelle. <\/p>\n\n\n\n<p>Wir wollen alle zwei Jahre diesen Verkehrssicherheitstag stattfinden lassen.<\/p>\n","protected":false},"excerpt":{"rendered":"<p>Am 7.7. und 8.7.2022 fanden bei uns an der Schule unsere Verkehrssicherheitstage statt. Folgende Stationen konnten die Kinder an den beiden Tagen nutzen: Fahrradparcours, Verkehrspuzzle, Stelzenlauf, K\u00e4sebrett, Spiegelzeichen, Sehtest, Fahrradsimulator, Hindernisparcours\/ Roller, Verkehrszeichen, Orientierung im Raum, Kippbrett, Reflektorenraum, Bremsentest, Fahrrad\u00fcberpr\u00fcfung. Die Kinder konnten an den beiden Tagen frei w\u00e4hlen, welche Stationen sie in welcher Reihenfolge besuchten. Auf einem Laufzettel wurden die einzelnen Stationen abgestempelt. Den Kindern haben diese beiden Vormittage viel Spa\u00df bereitet und sie haben viel f\u00fcr ihre Verkehrssicherheit&#8230;<\/p>\n<p class=\"read-more\"><a class=\"btn btn-default\" href=\"https:\/\/wordpress.nibis.de\/gsaugustfehn\/verkehrssicherheitstag\/\">Weiterlesen<span class=\"screen-reader-text\"> Weiterlesen<\/span><\/a><\/p>\n","protected":false},"author":9192395,"featured_media":0,"parent":0,"menu_order":0,"comment_status":"closed","ping_status":"closed","template":"","meta":{"footnotes":""},"class_list":["post-901","page","type-page","status-publish","hentry"],"_links":{"self":[{"href":"https:\/\/wordpress.nibis.de\/gsaugustfehn\/wp-json\/wp\/v2\/pages\/901","targetHints":{"allow":["GET"]}}],"collection":[{"href":"https:\/\/wordpress.nibis.de\/gsaugustfehn\/wp-json\/wp\/v2\/pages"}],"about":[{"href":"https:\/\/wordpress.nibis.de\/gsaugustfehn\/wp-json\/wp\/v2\/types\/page"}],"author":[{"embeddable":true,"href":"https:\/\/wordpress.nibis.de\/gsaugustfehn\/wp-json\/wp\/v2\/users\/9192395"}],"replies":[{"embeddable":true,"href":"https:\/\/wordpress.nibis.de\/gsaugustfehn\/wp-json\/wp\/v2\/comments?post=901"}],"version-history":[{"count":4,"href":"https:\/\/wordpress.nibis.de\/gsaugustfehn\/wp-json\/wp\/v2\/pages\/901\/revisions"}],"predecessor-version":[{"id":931,"href":"https:\/\/wordpress.nibis.de\/gsaugustfehn\/wp-json\/wp\/v2\/pages\/901\/revisions\/931"}],"wp:attachment":[{"href":"https:\/\/wordpress.nibis.de\/gsaugustfehn\/wp-json\/wp\/v2\/media?parent=901"}],"curies":[{"name":"wp","href":"https:\/\/api.w.org\/{rel}","templated":true}]}}