{"id":960,"date":"2023-01-06T15:48:53","date_gmt":"2023-01-06T14:48:53","guid":{"rendered":"https:\/\/wordpress.nibis.de\/gsaugustfehn\/?page_id=960"},"modified":"2023-01-12T16:05:24","modified_gmt":"2023-01-12T15:05:24","slug":"handball-grundschulaktionstag-an-der-janosch-gs","status":"publish","type":"page","link":"https:\/\/wordpress.nibis.de\/gsaugustfehn\/handball-grundschulaktionstag-an-der-janosch-gs\/","title":{"rendered":"Handball-Grundschulaktionstag an der Janosch GS"},"content":{"rendered":"\n<p>Am 4. November 2022 fand wieder einmal ein erfolgreicher Handball-Grundschulaktionstag an der Janosch GS statt. Dank der tatkr\u00e4ftigen Unterst\u00fctzung vom TuS Augustfehn konnten an diesem Vormittag insgesamt 104 Sch\u00fcler\/innen der Jahrg\u00e4nge 3 und 4 die Sportart Handball kennenlernen.<\/p>\n\n\n\n<p>Den Anfang machten an diesem Tag die M\u00e4dchen der Janosch GS. Insgesamt 50 M\u00e4dchen aus den ersten bis vierten Klassen konnten mit viel Begeisterung und gro\u00dfem Einsatz Erfahrungen mit dem Handball sammeln.<\/p>\n\n\n\n<p>Anschlie\u00dfend ging es dann f\u00fcr die 54 Jungen der Janosch GS in die Sporthalle. Auch sie nahmen mit viel Freude und gro\u00dfem Einsatz an diesem tollen Aktionstag teil.<\/p>\n\n\n\n<p>Die Trainer\/innen vom TuS Augustfehn gestalteten den Vormittag sehr abwechslungsreich und standen den Sch\u00fcler\/innen zu jeder Zeit mit wertvollen Ratschl\u00e4gen zur Seite.<\/p>\n\n\n\n<p>Gestartet wurde jeweils mit einem Aufw\u00e4rmspiel, welches von allen Sch\u00fclerinnen und Sch\u00fclern mit Begeisterung durchgef\u00fchrt wurde. Anschlie\u00dfend erhielten alle Sch\u00fcler\/innen einen Hanniball-Pass mit dem es dann an die f\u00fcnf Bewegungsstationen ging. Bei verschiedenen \u00dcbungen zu den Bereichen Werfen &amp; Fangen, Koordination, Schnelligkeit, Zielwerfen und Prellen konnten die Sch\u00fcler\/innen Erfahrungen im Umgang mit dem Handball sammeln. Zum Abschluss gab es noch ein spannendes Handballspiel sowie f\u00fcr jede\/n Teilnehmer\/in das Hanniball-Pass-Abzeichen in GOLD.<\/p>\n\n\n\n<p>Alle Beteiligten hatten sehr viel Spa\u00df an diesem Vormittag und freuen sich schon sehr auf den n\u00e4chsten Handball-Grundschulaktionstag.<\/p>\n\n\n\n<p>An dieser Stelle auch nochmal ein gro\u00dfes Dankesch\u00f6n an die Trainer\/innen vom TuS Augustfehn f\u00fcr ihre tatkr\u00e4ftige sowie freundliche Unterst\u00fctzung an diesem Aktionstag.<\/p>\n","protected":false},"excerpt":{"rendered":"<p>Am 4. November 2022 fand wieder einmal ein erfolgreicher Handball-Grundschulaktionstag an der Janosch GS statt. Dank der tatkr\u00e4ftigen Unterst\u00fctzung vom TuS Augustfehn konnten an diesem Vormittag insgesamt 104 Sch\u00fcler\/innen der Jahrg\u00e4nge 3 und 4 die Sportart Handball kennenlernen. Den Anfang machten an diesem Tag die M\u00e4dchen der Janosch GS. Insgesamt 50 M\u00e4dchen aus den ersten bis vierten Klassen konnten mit viel Begeisterung und gro\u00dfem Einsatz Erfahrungen mit dem Handball sammeln. Anschlie\u00dfend ging es dann f\u00fcr die 54 Jungen der Janosch&#8230;<\/p>\n<p class=\"read-more\"><a class=\"btn btn-default\" href=\"https:\/\/wordpress.nibis.de\/gsaugustfehn\/handball-grundschulaktionstag-an-der-janosch-gs\/\">Weiterlesen<span class=\"screen-reader-text\"> Weiterlesen<\/span><\/a><\/p>\n","protected":false},"author":9192395,"featured_media":0,"parent":0,"menu_order":0,"comment_status":"closed","ping_status":"closed","template":"","meta":{"footnotes":""},"class_list":["post-960","page","type-page","status-publish","hentry"],"_links":{"self":[{"href":"https:\/\/wordpress.nibis.de\/gsaugustfehn\/wp-json\/wp\/v2\/pages\/960","targetHints":{"allow":["GET"]}}],"collection":[{"href":"https:\/\/wordpress.nibis.de\/gsaugustfehn\/wp-json\/wp\/v2\/pages"}],"about":[{"href":"https:\/\/wordpress.nibis.de\/gsaugustfehn\/wp-json\/wp\/v2\/types\/page"}],"author":[{"embeddable":true,"href":"https:\/\/wordpress.nibis.de\/gsaugustfehn\/wp-json\/wp\/v2\/users\/9192395"}],"replies":[{"embeddable":true,"href":"https:\/\/wordpress.nibis.de\/gsaugustfehn\/wp-json\/wp\/v2\/comments?post=960"}],"version-history":[{"count":2,"href":"https:\/\/wordpress.nibis.de\/gsaugustfehn\/wp-json\/wp\/v2\/pages\/960\/revisions"}],"predecessor-version":[{"id":974,"href":"https:\/\/wordpress.nibis.de\/gsaugustfehn\/wp-json\/wp\/v2\/pages\/960\/revisions\/974"}],"wp:attachment":[{"href":"https:\/\/wordpress.nibis.de\/gsaugustfehn\/wp-json\/wp\/v2\/media?parent=960"}],"curies":[{"name":"wp","href":"https:\/\/api.w.org\/{rel}","templated":true}]}}