{"id":962,"date":"2023-01-06T15:52:26","date_gmt":"2023-01-06T14:52:26","guid":{"rendered":"https:\/\/wordpress.nibis.de\/gsaugustfehn\/?page_id=962"},"modified":"2023-01-12T16:06:40","modified_gmt":"2023-01-12T15:06:40","slug":"weihnachtsbaeckerei","status":"publish","type":"page","link":"https:\/\/wordpress.nibis.de\/gsaugustfehn\/weihnachtsbaeckerei\/","title":{"rendered":"Weihnachtsb\u00e4ckerei"},"content":{"rendered":"\n<p>Endlich wieder Kekse in der Schule backen\u201c hie\u00df es Ende November und Anfang Dezember f\u00fcr die Sch\u00fcler unserer Schule. Jede Klasse hatte einen \u201eBacktag\u201c und der Duft der leckeren Kekse zog durch das ganze Schulhaus. Es wurde tatkr\u00e4ftig geknetet und Teig ausgerollt. Etliche Kekse in Form von Tannenb\u00e4umen, Sternen und Engeln entstanden. Nat\u00fcrlich durfte auch zwischendurch genascht werden. Doch das Beste kam zum Schluss: Alle Kekse wurden noch bunt verziert und mit Perlen und Zuckerguss best\u00fcckt. So f\u00fcllten sich mit tatkr\u00e4ftiger Unterst\u00fctzung einiger Eltern und Gro\u00dfeltern zahlreiche Keksdosen, die die Kinder w\u00e4hrend der Weihnachtszeit in der Schule, auf den Weihnachtsfeiern der Klasse oder zu Hause genie\u00dfen konnten. Ein herzlicher Dank an dieser Stelle noch einmal an alle Eltern und Gro\u00dfeltern, die beim Backen geholfen haben. Es hat allen Kindern gro\u00dfen Spa\u00df gemacht und sehr lecker war es auch.\u00a0 <\/p>\n","protected":false},"excerpt":{"rendered":"<p>Endlich wieder Kekse in der Schule backen\u201c hie\u00df es Ende November und Anfang Dezember f\u00fcr die Sch\u00fcler unserer Schule. Jede Klasse hatte einen \u201eBacktag\u201c und der Duft der leckeren Kekse zog durch das ganze Schulhaus. Es wurde tatkr\u00e4ftig geknetet und Teig ausgerollt. Etliche Kekse in Form von Tannenb\u00e4umen, Sternen und Engeln entstanden. Nat\u00fcrlich durfte auch zwischendurch genascht werden. Doch das Beste kam zum Schluss: Alle Kekse wurden noch bunt verziert und mit Perlen und Zuckerguss best\u00fcckt. So f\u00fcllten sich mit&#8230;<\/p>\n<p class=\"read-more\"><a class=\"btn btn-default\" href=\"https:\/\/wordpress.nibis.de\/gsaugustfehn\/weihnachtsbaeckerei\/\">Weiterlesen<span class=\"screen-reader-text\"> Weiterlesen<\/span><\/a><\/p>\n","protected":false},"author":9192395,"featured_media":0,"parent":0,"menu_order":0,"comment_status":"closed","ping_status":"closed","template":"","meta":{"footnotes":""},"class_list":["post-962","page","type-page","status-publish","hentry"],"_links":{"self":[{"href":"https:\/\/wordpress.nibis.de\/gsaugustfehn\/wp-json\/wp\/v2\/pages\/962","targetHints":{"allow":["GET"]}}],"collection":[{"href":"https:\/\/wordpress.nibis.de\/gsaugustfehn\/wp-json\/wp\/v2\/pages"}],"about":[{"href":"https:\/\/wordpress.nibis.de\/gsaugustfehn\/wp-json\/wp\/v2\/types\/page"}],"author":[{"embeddable":true,"href":"https:\/\/wordpress.nibis.de\/gsaugustfehn\/wp-json\/wp\/v2\/users\/9192395"}],"replies":[{"embeddable":true,"href":"https:\/\/wordpress.nibis.de\/gsaugustfehn\/wp-json\/wp\/v2\/comments?post=962"}],"version-history":[{"count":3,"href":"https:\/\/wordpress.nibis.de\/gsaugustfehn\/wp-json\/wp\/v2\/pages\/962\/revisions"}],"predecessor-version":[{"id":977,"href":"https:\/\/wordpress.nibis.de\/gsaugustfehn\/wp-json\/wp\/v2\/pages\/962\/revisions\/977"}],"wp:attachment":[{"href":"https:\/\/wordpress.nibis.de\/gsaugustfehn\/wp-json\/wp\/v2\/media?parent=962"}],"curies":[{"name":"wp","href":"https:\/\/api.w.org\/{rel}","templated":true}]}}