{"id":966,"date":"2023-01-12T15:52:58","date_gmt":"2023-01-12T14:52:58","guid":{"rendered":"https:\/\/wordpress.nibis.de\/gsaugustfehn\/?page_id=966"},"modified":"2023-01-12T15:52:58","modified_gmt":"2023-01-12T14:52:58","slug":"gemuetliches-zusammensein-in-der-adventszeit","status":"publish","type":"page","link":"https:\/\/wordpress.nibis.de\/gsaugustfehn\/gemuetliches-zusammensein-in-der-adventszeit\/","title":{"rendered":"Gem\u00fctliches Zusammensein in der Adventszeit"},"content":{"rendered":"\n<p>Im Dezember machten sich mehrere Klassen auf den Weg zum Azurit Pflegezentrum in Augustfehn, um dort im Rahmen des lebendigen Adventskalenders einen kleinen Weihnachtszauber zu den Seniorinnen und Senioren zu bringen. Die Kinder hatten einiges daf\u00fcr vorbereitet: So wurden Gedichte aufgesagt, ein kleines Theaterst\u00fcck aufgef\u00fchrt und Lieder vorgesungen. Auch gemeinsamen sangen Jung und Alt ein paar weihnachtliche Lieder wie \u201eOh Tannenbaum\u201c oder \u201eIn der Weihnachtsb\u00e4ckerei\u201c. Zum Abschluss gab es f\u00fcr alle eine hei\u00dfe Schokolade mit Sahne und Marshmallows..mhhh, war das lecker!<\/p>\n\n\n\n<p>Wir hatten viel Spa\u00df und sch\u00f6ne Stunden mit den Seniorinnen und Senioren im Azurit.<\/p>\n","protected":false},"excerpt":{"rendered":"<p>Im Dezember machten sich mehrere Klassen auf den Weg zum Azurit Pflegezentrum in Augustfehn, um dort im Rahmen des lebendigen Adventskalenders einen kleinen Weihnachtszauber zu den Seniorinnen und Senioren zu bringen. Die Kinder hatten einiges daf\u00fcr vorbereitet: So wurden Gedichte aufgesagt, ein kleines Theaterst\u00fcck aufgef\u00fchrt und Lieder vorgesungen. Auch gemeinsamen sangen Jung und Alt ein paar weihnachtliche Lieder wie \u201eOh Tannenbaum\u201c oder \u201eIn der Weihnachtsb\u00e4ckerei\u201c. Zum Abschluss gab es f\u00fcr alle eine hei\u00dfe Schokolade mit Sahne und Marshmallows..mhhh, war das&#8230;<\/p>\n<p class=\"read-more\"><a class=\"btn btn-default\" href=\"https:\/\/wordpress.nibis.de\/gsaugustfehn\/gemuetliches-zusammensein-in-der-adventszeit\/\">Weiterlesen<span class=\"screen-reader-text\"> Weiterlesen<\/span><\/a><\/p>\n","protected":false},"author":9192395,"featured_media":0,"parent":0,"menu_order":0,"comment_status":"closed","ping_status":"closed","template":"","meta":{"footnotes":""},"class_list":["post-966","page","type-page","status-publish","hentry"],"_links":{"self":[{"href":"https:\/\/wordpress.nibis.de\/gsaugustfehn\/wp-json\/wp\/v2\/pages\/966","targetHints":{"allow":["GET"]}}],"collection":[{"href":"https:\/\/wordpress.nibis.de\/gsaugustfehn\/wp-json\/wp\/v2\/pages"}],"about":[{"href":"https:\/\/wordpress.nibis.de\/gsaugustfehn\/wp-json\/wp\/v2\/types\/page"}],"author":[{"embeddable":true,"href":"https:\/\/wordpress.nibis.de\/gsaugustfehn\/wp-json\/wp\/v2\/users\/9192395"}],"replies":[{"embeddable":true,"href":"https:\/\/wordpress.nibis.de\/gsaugustfehn\/wp-json\/wp\/v2\/comments?post=966"}],"version-history":[{"count":1,"href":"https:\/\/wordpress.nibis.de\/gsaugustfehn\/wp-json\/wp\/v2\/pages\/966\/revisions"}],"predecessor-version":[{"id":967,"href":"https:\/\/wordpress.nibis.de\/gsaugustfehn\/wp-json\/wp\/v2\/pages\/966\/revisions\/967"}],"wp:attachment":[{"href":"https:\/\/wordpress.nibis.de\/gsaugustfehn\/wp-json\/wp\/v2\/media?parent=966"}],"curies":[{"name":"wp","href":"https:\/\/api.w.org\/{rel}","templated":true}]}}