{"id":970,"date":"2023-01-12T15:57:19","date_gmt":"2023-01-12T14:57:19","guid":{"rendered":"https:\/\/wordpress.nibis.de\/gsaugustfehn\/?page_id=970"},"modified":"2023-01-12T15:57:19","modified_gmt":"2023-01-12T14:57:19","slug":"trommelwoche","status":"publish","type":"page","link":"https:\/\/wordpress.nibis.de\/gsaugustfehn\/trommelwoche\/","title":{"rendered":"Trommelwoche"},"content":{"rendered":"\n<p>In der Woche vom 12.\u00a0\u2013\u00a015. September 2022 fand in der Janosch- Grundschule die Trommelprojektwoche statt. Gemeinsam mit\u00a0Malte, von der Projekt-gruppe\u00a0\u201eTrommelapplaus\u201c<em>,<\/em>\u00a0haben die Kinder Lieder und T\u00e4nze vorbereitet. W\u00e4hrend des Schulvormittags wurden in allen Klassen verschiedene Bastelarbeiten zum Thema\u00a0\u201eKinder einer Welt\u201c und\u00a0\u201eDie Tiere Afrikas\u201c\u00a0angeboten und selbstgestaltete Trommeln angefertigt.<\/p>\n\n\n\n<p>Am letzten Projekttag fand dann die gro\u00dfe Trommelauff\u00fchrung vor den Augen der Eltern in unserer Turnhalle statt. Alle Klassen pr\u00e4sentierten Ihre Lieder und T\u00e4nze und auch die Eltern wurden in die Auff\u00fchrung mit eingebunden.&nbsp; &nbsp;<\/p>\n\n\n\n<p>Nach der Auff\u00fchrung hatten alle Kinder und Besucher noch Zeit, um die Bastelergebnisse der Kinder in der Schule anzuschauen.<\/p>\n\n\n\n<p>Allen Sch\u00fclern*innen und Lehrkr\u00e4ften wird diese Projektwoche noch lange in Erinnerung bleiben und wir danken der Projektgruppe sowie allen Beteiligten, die bei diesem unvergesslichen Ereignis mitgewirkt haben.<\/p>\n","protected":false},"excerpt":{"rendered":"<p>In der Woche vom 12.\u00a0\u2013\u00a015. September 2022 fand in der Janosch- Grundschule die Trommelprojektwoche statt. Gemeinsam mit\u00a0Malte, von der Projekt-gruppe\u00a0\u201eTrommelapplaus\u201c,\u00a0haben die Kinder Lieder und T\u00e4nze vorbereitet. W\u00e4hrend des Schulvormittags wurden in allen Klassen verschiedene Bastelarbeiten zum Thema\u00a0\u201eKinder einer Welt\u201c und\u00a0\u201eDie Tiere Afrikas\u201c\u00a0angeboten und selbstgestaltete Trommeln angefertigt. Am letzten Projekttag fand dann die gro\u00dfe Trommelauff\u00fchrung vor den Augen der Eltern in unserer Turnhalle statt. Alle Klassen pr\u00e4sentierten Ihre Lieder und T\u00e4nze und auch die Eltern wurden in die Auff\u00fchrung mit eingebunden.&nbsp;&#8230;<\/p>\n<p class=\"read-more\"><a class=\"btn btn-default\" href=\"https:\/\/wordpress.nibis.de\/gsaugustfehn\/trommelwoche\/\">Weiterlesen<span class=\"screen-reader-text\"> Weiterlesen<\/span><\/a><\/p>\n","protected":false},"author":9192395,"featured_media":0,"parent":0,"menu_order":0,"comment_status":"closed","ping_status":"closed","template":"","meta":{"footnotes":""},"class_list":["post-970","page","type-page","status-publish","hentry"],"_links":{"self":[{"href":"https:\/\/wordpress.nibis.de\/gsaugustfehn\/wp-json\/wp\/v2\/pages\/970","targetHints":{"allow":["GET"]}}],"collection":[{"href":"https:\/\/wordpress.nibis.de\/gsaugustfehn\/wp-json\/wp\/v2\/pages"}],"about":[{"href":"https:\/\/wordpress.nibis.de\/gsaugustfehn\/wp-json\/wp\/v2\/types\/page"}],"author":[{"embeddable":true,"href":"https:\/\/wordpress.nibis.de\/gsaugustfehn\/wp-json\/wp\/v2\/users\/9192395"}],"replies":[{"embeddable":true,"href":"https:\/\/wordpress.nibis.de\/gsaugustfehn\/wp-json\/wp\/v2\/comments?post=970"}],"version-history":[{"count":1,"href":"https:\/\/wordpress.nibis.de\/gsaugustfehn\/wp-json\/wp\/v2\/pages\/970\/revisions"}],"predecessor-version":[{"id":971,"href":"https:\/\/wordpress.nibis.de\/gsaugustfehn\/wp-json\/wp\/v2\/pages\/970\/revisions\/971"}],"wp:attachment":[{"href":"https:\/\/wordpress.nibis.de\/gsaugustfehn\/wp-json\/wp\/v2\/media?parent=970"}],"curies":[{"name":"wp","href":"https:\/\/api.w.org\/{rel}","templated":true}]}}