{"id":1191,"date":"2020-09-01T10:59:29","date_gmt":"2020-09-01T08:59:29","guid":{"rendered":"https:\/\/wordpress.nibis.de\/gsbadnenndorf\/?page_id=1191"},"modified":"2024-10-26T23:08:53","modified_gmt":"2024-10-26T21:08:53","slug":"hausaufgaben-tipps-fuer-eltern-und-schulkinder","status":"publish","type":"page","link":"https:\/\/wordpress.nibis.de\/gsbadnenndorf\/hausaufgaben-tipps-fuer-eltern-und-schulkinder\/","title":{"rendered":"Tipps f\u00fcr Eltern und Schulkinder"},"content":{"rendered":"<p><strong>Hausaufgaben<\/strong><\/p>\n<p>Hausaufgaben sind immer wieder ein gro\u00dfes Thema.<\/p>\n<p>Die Hausaufgaben sollen den Unterricht erg\u00e4nzen und das selbst\u00e4ndige Arbeiten und Verarbeiten \u00fcben und f\u00f6rdern.<\/p>\n<p>Wir m\u00f6chten dabei sowohl die Eltern als auch die Sch\u00fclerinnen und Sch\u00fcler unterst\u00fctzen und stellen hier einige Regeln und Checklisten zur Verf\u00fcgung.<\/p>\n<p><a href=\"https:\/\/wordpress.nibis.de\/gsbadnenndorf\/files\/2020\/09\/Hausaufgabenregeln-Eltern.pdf\" target=\"_blank\" rel=\"noopener noreferrer\">9 goldene Regeln f\u00fcr Eltern<\/a><\/p>\n<p><a href=\"https:\/\/wordpress.nibis.de\/gsbadnenndorf\/files\/2020\/09\/Goldene-Regeln-f\u00fcr-Hausaufgaben-Kinder.pdf\" target=\"_blank\" rel=\"noopener noreferrer\">Goldene Regeln f\u00fcr Schulkinder<\/a><\/p>\n<p><a href=\"https:\/\/www-de.scoyo.com\/eltern\/ratgeber\/ratgeber-downloads\/checkliste-hausaufgaben-eltern-kinder-download\" target=\"_blank\" rel=\"noopener noreferrer\">Checkliste f\u00fcr Eltern &amp; Schulkinder zum Downloaden (www.scoyo.de)<\/a><\/p>\n<p>&nbsp;<\/p>\n<p><strong>Hilfreiche Websites f\u00fcr den Umgang mit Medien<\/strong><\/p>\n<p>Infos rund um die Mediensicherheit f\u00fcr Kinder und den sinnvollen Einsatz von Medien finden Sie hier: <a href=\"https:\/\/www.klicksafe.de\/\" target=\"_blank\" rel=\"noopener\">Klicksafe<\/a><\/p>\n<p>Auch die renommierte Website Internet ABC hat lesenswerte und aktuelle Tipps f\u00fcr Eltern bez\u00fcglich Medien:\u00a0<a href=\"https:\/\/www.internet-abc.de\/eltern\/internet-abc-fuer-eltern\/\" target=\"_blank\" rel=\"noopener\">Internet ABC<\/a><\/p>\n<p>Sind Medien ein Streitthema k\u00f6nnte die Idee des <a href=\"https:\/\/www.mediennutzungsvertrag.de\/\" target=\"_blank\" rel=\"noopener\">Mediennutzungsvertrags<\/a>\u00a0eine Anregung sein.<\/p>\n<p>Hier finden Sie Beratungsstellen, falls der Medienkonsum zur zu gro\u00dfen Herausforderung wird:\u00a0<a href=\"https:\/\/www.mediensuchthilfe.info\/beratungsstellen\/\" target=\"_blank\" rel=\"noopener\">Beratungsstellen<\/a><\/p>\n<p>Leider ist auch Cybermobbing ein Thema, welches mit digitalen Medien einhergeht. <a href=\"https:\/\/mobbing-schluss-damit.de\/\" target=\"_blank\" rel=\"noopener\">Mobbing Schluss damit<\/a>\u00a0m\u00f6chte dem ebenfalls entgegenwirken.<\/p>\n","protected":false},"excerpt":{"rendered":"<p>Hausaufgaben Hausaufgaben sind immer wieder ein gro\u00dfes Thema. Die Hausaufgaben sollen den Unterricht erg\u00e4nzen und das selbst\u00e4ndige Arbeiten und Verarbeiten \u00fcben und f\u00f6rdern. Wir m\u00f6chten dabei sowohl die Eltern als auch die Sch\u00fclerinnen und Sch\u00fcler unterst\u00fctzen und stellen hier einige Regeln und Checklisten zur Verf\u00fcgung. 9 goldene Regeln f\u00fcr Eltern Goldene Regeln f\u00fcr Schulkinder Checkliste [&hellip;]<\/p>\n","protected":false},"author":9192571,"featured_media":0,"parent":0,"menu_order":0,"comment_status":"closed","ping_status":"closed","template":"","meta":{"footnotes":""},"class_list":["post-1191","page","type-page","status-publish","hentry"],"_links":{"self":[{"href":"https:\/\/wordpress.nibis.de\/gsbadnenndorf\/wp-json\/wp\/v2\/pages\/1191","targetHints":{"allow":["GET"]}}],"collection":[{"href":"https:\/\/wordpress.nibis.de\/gsbadnenndorf\/wp-json\/wp\/v2\/pages"}],"about":[{"href":"https:\/\/wordpress.nibis.de\/gsbadnenndorf\/wp-json\/wp\/v2\/types\/page"}],"author":[{"embeddable":true,"href":"https:\/\/wordpress.nibis.de\/gsbadnenndorf\/wp-json\/wp\/v2\/users\/9192571"}],"replies":[{"embeddable":true,"href":"https:\/\/wordpress.nibis.de\/gsbadnenndorf\/wp-json\/wp\/v2\/comments?post=1191"}],"version-history":[{"count":7,"href":"https:\/\/wordpress.nibis.de\/gsbadnenndorf\/wp-json\/wp\/v2\/pages\/1191\/revisions"}],"predecessor-version":[{"id":2076,"href":"https:\/\/wordpress.nibis.de\/gsbadnenndorf\/wp-json\/wp\/v2\/pages\/1191\/revisions\/2076"}],"wp:attachment":[{"href":"https:\/\/wordpress.nibis.de\/gsbadnenndorf\/wp-json\/wp\/v2\/media?parent=1191"}],"curies":[{"name":"wp","href":"https:\/\/api.w.org\/{rel}","templated":true}]}}