{"id":1705,"date":"2022-08-21T12:02:13","date_gmt":"2022-08-21T10:02:13","guid":{"rendered":"https:\/\/wordpress.nibis.de\/gsbadnenndorf\/?page_id=1705"},"modified":"2026-01-07T11:03:55","modified_gmt":"2026-01-07T10:03:55","slug":"iserv","status":"publish","type":"page","link":"https:\/\/wordpress.nibis.de\/gsbadnenndorf\/iserv\/","title":{"rendered":"IServ"},"content":{"rendered":"<p><img loading=\"lazy\" decoding=\"async\" class=\"wp-image-1708 size-full aligncenter\" src=\"https:\/\/wordpress.nibis.de\/gsbadnenndorf\/files\/2022\/06\/IServ-Logo.jpg\" alt=\"IServ-Logo\" width=\"220\" height=\"89\" \/><\/p>\n<p>&nbsp;<\/p>\n<p>IServ stellt die perfekte Grundlage f\u00fcr das Netzwerk der Schule Ihres Kindes dar. Durch die individualisierten Zug\u00e4nge sind die Daten Ihres Kindes vor Fremdzugriff gesch\u00fctzt. Au\u00dferdem k\u00f6nnen Sie und Ihr Kind auf der Startseite der Weboberfl\u00e4che die jeweils relevanten Informationen einsehen, von ungelesenen E-Mails \u00fcber anstehende Klassenarbeiten oder Termine \u2013 All diese Informationen gibt es mit IServ ortsungebunden und zu jeder Zeit!<br \/>\nSpamfilter und Virenscanner sorgen daf\u00fcr, dass Sie und Ihr Kind keine unerw\u00fcnschte Werbung oder Viren von fremden Absendern erhalten.<\/p>\n<p>Im Schuljahr 2022\/2023 starten wir mit Sch\u00fcler-Accounts. Vorrangig wird jeder Account f\u00fcr die Kommunikation zwischen Schule und Eltern\/Erziehungsberechtigte erstellt. Doch auch die Sch\u00fclerinnen und Sch\u00fcler sollen den Account zuk\u00fcnftig nutzen f\u00fcr z. B. die AG-Wahl, Erledigung von gestellten Aufgaben und vieles mehr. Einen \u00dcberblick erhalten Sie unten bei &#8222;IServ in der Berlin-Schule&#8220;.<\/p>\n<p>Nachfolgend stellen wir Ihnen einige Dokumente und Links zur Verf\u00fcgung, die Ihnen und Ihrem\/n Kind\/ern den Einstieg vereinfachen sollen:<\/p>\n<p><a href=\"https:\/\/wordpress.nibis.de\/gsbadnenndorf\/files\/2022\/09\/IServ-Erste-Anmeldung.pdf\" target=\"_blank\" rel=\"noopener\">Wie funktioniert die erste Anmeldung bei IServ?<\/a><br \/>\n<a href=\"https:\/\/wordpress.nibis.de\/gsbadnenndorf\/files\/2022\/08\/schnelleinstieg-iserv.pdf\" target=\"_blank\" rel=\"noopener\">Schnelleinstieg in IServ (Flyer)<\/a><br \/>\n<a href=\"https:\/\/wordpress.nibis.de\/gsbadnenndorf\/files\/2022\/08\/IServ-in-der-Berlin-Schule.pdf\" target=\"_blank\" rel=\"noopener\">IServ in der Berlin-Schule\u00a0<\/a><\/p>\n<p><a href=\"https:\/\/wordpress.nibis.de\/gsbadnenndorf\/files\/2022\/09\/Anleitung-zur-Durchfuehrung-der-AG.pdf\" target=\"_blank\" rel=\"noopener\">Anleitung zur Durchf\u00fchrung der AG-Wahlen<\/a><br \/>\n<a href=\"https:\/\/wordpress.nibis.de\/gsbadnenndorf\/files\/2026\/01\/Anleitung-Schnellumfrage-in-IServ.pdf\">Anleitung Schnellumfrage in IServ<\/a><\/p>\n<p>Weiterf\u00fchrende Hilfe und Erkl\u00e4rvideos finden Sie in der IServ-Akademie. Sie k\u00f6nnen direkt in IServ oder \u00fcber diesen Link zur Akademie gelangen.<br \/>\n<a href=\"https:\/\/iserv-akademie.de\/hilfe\" target=\"_blank\" rel=\"noopener\">IServ-Akademie<\/a><\/p>\n","protected":false},"excerpt":{"rendered":"<p>&nbsp; IServ stellt die perfekte Grundlage f\u00fcr das Netzwerk der Schule Ihres Kindes dar. Durch die individualisierten Zug\u00e4nge sind die Daten Ihres Kindes vor Fremdzugriff gesch\u00fctzt. Au\u00dferdem k\u00f6nnen Sie und Ihr Kind auf der Startseite der Weboberfl\u00e4che die jeweils relevanten Informationen einsehen, von ungelesenen E-Mails \u00fcber anstehende Klassenarbeiten oder Termine \u2013 All diese Informationen gibt [&hellip;]<\/p>\n","protected":false},"author":9192571,"featured_media":0,"parent":0,"menu_order":0,"comment_status":"closed","ping_status":"closed","template":"","meta":{"footnotes":""},"class_list":["post-1705","page","type-page","status-publish","hentry"],"_links":{"self":[{"href":"https:\/\/wordpress.nibis.de\/gsbadnenndorf\/wp-json\/wp\/v2\/pages\/1705","targetHints":{"allow":["GET"]}}],"collection":[{"href":"https:\/\/wordpress.nibis.de\/gsbadnenndorf\/wp-json\/wp\/v2\/pages"}],"about":[{"href":"https:\/\/wordpress.nibis.de\/gsbadnenndorf\/wp-json\/wp\/v2\/types\/page"}],"author":[{"embeddable":true,"href":"https:\/\/wordpress.nibis.de\/gsbadnenndorf\/wp-json\/wp\/v2\/users\/9192571"}],"replies":[{"embeddable":true,"href":"https:\/\/wordpress.nibis.de\/gsbadnenndorf\/wp-json\/wp\/v2\/comments?post=1705"}],"version-history":[{"count":7,"href":"https:\/\/wordpress.nibis.de\/gsbadnenndorf\/wp-json\/wp\/v2\/pages\/1705\/revisions"}],"predecessor-version":[{"id":2426,"href":"https:\/\/wordpress.nibis.de\/gsbadnenndorf\/wp-json\/wp\/v2\/pages\/1705\/revisions\/2426"}],"wp:attachment":[{"href":"https:\/\/wordpress.nibis.de\/gsbadnenndorf\/wp-json\/wp\/v2\/media?parent=1705"}],"curies":[{"name":"wp","href":"https:\/\/api.w.org\/{rel}","templated":true}]}}