{"id":2158,"date":"2025-04-28T13:08:04","date_gmt":"2025-04-28T11:08:04","guid":{"rendered":"https:\/\/wordpress.nibis.de\/gsbadnenndorf\/?page_id=2158"},"modified":"2025-04-28T13:08:04","modified_gmt":"2025-04-28T11:08:04","slug":"eu-schulprogramm-niedersachsen","status":"publish","type":"page","link":"https:\/\/wordpress.nibis.de\/gsbadnenndorf\/eu-schulprogramm-niedersachsen\/","title":{"rendered":"EU-Schulprogramm Niedersachsen"},"content":{"rendered":"<p><img loading=\"lazy\" decoding=\"async\" class=\" wp-image-2159 alignleft\" src=\"https:\/\/wordpress.nibis.de\/gsbadnenndorf\/files\/2025\/04\/EU-Schulprogramm-Niedersachsen.png\" alt=\"\" width=\"513\" height=\"725\" srcset=\"https:\/\/wordpress.nibis.de\/gsbadnenndorf\/files\/2025\/04\/EU-Schulprogramm-Niedersachsen.png 570w, https:\/\/wordpress.nibis.de\/gsbadnenndorf\/files\/2025\/04\/EU-Schulprogramm-Niedersachsen-212x300.png 212w\" sizes=\"auto, (max-width: 513px) 100vw, 513px\" \/>Das EU-Schulprogramm unterst\u00fctzt die kostenlose Verteilung von Obst, Gem\u00fcse und Milch in der gesamten Europ\u00e4ischen Union und ist Teil eines umfassenderen Bildungsprogramms zur europ\u00e4ischen Landwirtschaft und zu den Vorteilen gesunder Ern\u00e4hrung. Das EU-Schulprogramm wird in Niedersachsen fl\u00e4chendeckend angeboten.<\/p>\n<p>Nur etwas \u00fcber ein Drittel der M\u00e4dchen und gut ein Viertel der Jungen im Alter von sechs bis elf Jahren erreichen die n\u00f6tige Menge an Obst und Gem\u00fcse.<\/p>\n<p>Betreuungskr\u00e4fte in schulischen Bildungseinrichtungen und Kindertageseinrichtungen beobachten zunehmend, dass die Kinder ohne Fr\u00fchst\u00fcck und ohne gesundheitsf\u00f6rderliche Vormittagsverpflegung in die Bildungseinrichtung kommen.<\/p>\n<p>Mit der Teilnahme am EU-Schulprogramm wirken wir als Schule aktiv an dem Erreichen der empfohlenen Tagesdosis an Obst und Gem\u00fcse mit und f\u00f6rdern die Entwicklung gesunder Essgewohnheiten.<\/p>\n<p><span style=\"font-size: 10pt\">(Quelle: https:\/\/www.schulprogramm.niedersachsen.de)<\/span><\/p>\n<p>&nbsp;<\/p>\n","protected":false},"excerpt":{"rendered":"<p>Das EU-Schulprogramm unterst\u00fctzt die kostenlose Verteilung von Obst, Gem\u00fcse und Milch in der gesamten Europ\u00e4ischen Union und ist Teil eines umfassenderen Bildungsprogramms zur europ\u00e4ischen Landwirtschaft und zu den Vorteilen gesunder Ern\u00e4hrung. Das EU-Schulprogramm wird in Niedersachsen fl\u00e4chendeckend angeboten. Nur etwas \u00fcber ein Drittel der M\u00e4dchen und gut ein Viertel der Jungen im Alter von sechs [&hellip;]<\/p>\n","protected":false},"author":9192571,"featured_media":0,"parent":0,"menu_order":0,"comment_status":"closed","ping_status":"closed","template":"","meta":{"footnotes":""},"class_list":["post-2158","page","type-page","status-publish","hentry"],"_links":{"self":[{"href":"https:\/\/wordpress.nibis.de\/gsbadnenndorf\/wp-json\/wp\/v2\/pages\/2158","targetHints":{"allow":["GET"]}}],"collection":[{"href":"https:\/\/wordpress.nibis.de\/gsbadnenndorf\/wp-json\/wp\/v2\/pages"}],"about":[{"href":"https:\/\/wordpress.nibis.de\/gsbadnenndorf\/wp-json\/wp\/v2\/types\/page"}],"author":[{"embeddable":true,"href":"https:\/\/wordpress.nibis.de\/gsbadnenndorf\/wp-json\/wp\/v2\/users\/9192571"}],"replies":[{"embeddable":true,"href":"https:\/\/wordpress.nibis.de\/gsbadnenndorf\/wp-json\/wp\/v2\/comments?post=2158"}],"version-history":[{"count":2,"href":"https:\/\/wordpress.nibis.de\/gsbadnenndorf\/wp-json\/wp\/v2\/pages\/2158\/revisions"}],"predecessor-version":[{"id":2161,"href":"https:\/\/wordpress.nibis.de\/gsbadnenndorf\/wp-json\/wp\/v2\/pages\/2158\/revisions\/2161"}],"wp:attachment":[{"href":"https:\/\/wordpress.nibis.de\/gsbadnenndorf\/wp-json\/wp\/v2\/media?parent=2158"}],"curies":[{"name":"wp","href":"https:\/\/api.w.org\/{rel}","templated":true}]}}