{"id":62,"date":"2018-05-23T11:00:03","date_gmt":"2018-05-23T09:00:03","guid":{"rendered":"http:\/\/wordpress.nibis.de\/gsbadnenndorf\/?page_id=62"},"modified":"2018-05-23T17:21:54","modified_gmt":"2018-05-23T15:21:54","slug":"schulelternrat","status":"publish","type":"page","link":"https:\/\/wordpress.nibis.de\/gsbadnenndorf\/schulelternrat\/","title":{"rendered":"Schulelternrat"},"content":{"rendered":"<h3>Aktive Eltern \u2013 Starke Schule!<\/h3>\n<h4>Der Elternrat der Grundschule Bad Nenndorf (SER)<\/h4>\n<p>Die Elternvertreterinnen und Elternvertreter der einzelnen Klassen (offiziell: Vorsitzende der Klassenelternschaft) bilden den Elternrat der Grundschule.<\/p>\n<p>Der Schulelternrat trifft sich regelm\u00e4\u00dfig, um \u00fcber die Belange der Kinder und Eltern zu sprechen, \u00fcber Probleme zu diskutieren und Informationen mit dem Schulvorstand auszutauschen.<\/p>\n<p>Wichtige Entscheidungen f\u00fcr die Schule werden im Schulvorstand getroffen in dem vier Eltern vertreten sind. \u00dcber den Elternrat k\u00f6nnen Eltern aber auch in der Gesamtkonferenz und in den Fachkonferenzen aktiv die Schule mitgestalten. Zudem bestimmt der Elternrat Vertreter f\u00fcr den Schulausschuss und den <a href=\"http:\/\/www.ker-schaumburg.de\/\">Kreiselternrat<\/a>.<\/p>\n<p>Der Schulelternrat ist auch Ansprechpartner f\u00fcr Eltern in schulischen Angelegenheiten, die sich nicht direkt mit der Klassenlehrerin oder der Schulleitung kl\u00e4ren lassen oder klassen\u00fcbergreifende Themen sind.<\/p>\n<p>Eltern arbeiten bei Schulveranstaltungen mit und sorgen zusammen mit dem <a href=\"http:\/\/www.foerderverein-berlinschule.de\/\">F\u00f6rderverein<\/a> f\u00fcr Kaffee &amp; Kuchen bei der Einschulung oder anderen besonderen Aktionen.<\/p>\n<p>Der Elternrat ist auf eine Zusammenarbeit mit den Eltern angewiesen! Jede Anregung und Frage ist den Vertreterinnen und Vertretern in Ihrer Klasse willkommen. Sie k\u00f6nnen und sollten sich auch gerne an den Vorstand des SER wenden.<\/p>\n<p>Nutzen Sie Ihre M\u00f6glichkeiten, als aktive Eltern Kinder und Schule zu st\u00e4rken!<\/p>\n<p>&nbsp;<\/p>\n<p><img loading=\"lazy\" decoding=\"async\" class=\"wp-image-64 aligncenter\" src=\"http:\/\/wordpress.nibis.de\/gsbadnenndorf\/files\/2018\/05\/Schaubild-Elternarbeit-300x189.jpg\" alt=\"\" width=\"652\" height=\"411\" srcset=\"https:\/\/wordpress.nibis.de\/gsbadnenndorf\/files\/2018\/05\/Schaubild-Elternarbeit-300x189.jpg 300w, https:\/\/wordpress.nibis.de\/gsbadnenndorf\/files\/2018\/05\/Schaubild-Elternarbeit-768x484.jpg 768w, https:\/\/wordpress.nibis.de\/gsbadnenndorf\/files\/2018\/05\/Schaubild-Elternarbeit.jpg 928w\" sizes=\"auto, (max-width: 652px) 100vw, 652px\" \/><\/p>\n","protected":false},"excerpt":{"rendered":"<p>Aktive Eltern \u2013 Starke Schule! Der Elternrat der Grundschule Bad Nenndorf (SER) Die Elternvertreterinnen und Elternvertreter der einzelnen Klassen (offiziell: Vorsitzende der Klassenelternschaft) bilden den Elternrat der Grundschule. Der Schulelternrat trifft sich regelm\u00e4\u00dfig, um \u00fcber die Belange der Kinder und Eltern zu sprechen, \u00fcber Probleme zu diskutieren und Informationen mit dem Schulvorstand auszutauschen. Wichtige Entscheidungen [&hellip;]<\/p>\n","protected":false},"author":9192571,"featured_media":0,"parent":0,"menu_order":0,"comment_status":"closed","ping_status":"closed","template":"","meta":{"footnotes":""},"class_list":["post-62","page","type-page","status-publish","hentry"],"_links":{"self":[{"href":"https:\/\/wordpress.nibis.de\/gsbadnenndorf\/wp-json\/wp\/v2\/pages\/62","targetHints":{"allow":["GET"]}}],"collection":[{"href":"https:\/\/wordpress.nibis.de\/gsbadnenndorf\/wp-json\/wp\/v2\/pages"}],"about":[{"href":"https:\/\/wordpress.nibis.de\/gsbadnenndorf\/wp-json\/wp\/v2\/types\/page"}],"author":[{"embeddable":true,"href":"https:\/\/wordpress.nibis.de\/gsbadnenndorf\/wp-json\/wp\/v2\/users\/9192571"}],"replies":[{"embeddable":true,"href":"https:\/\/wordpress.nibis.de\/gsbadnenndorf\/wp-json\/wp\/v2\/comments?post=62"}],"version-history":[{"count":3,"href":"https:\/\/wordpress.nibis.de\/gsbadnenndorf\/wp-json\/wp\/v2\/pages\/62\/revisions"}],"predecessor-version":[{"id":128,"href":"https:\/\/wordpress.nibis.de\/gsbadnenndorf\/wp-json\/wp\/v2\/pages\/62\/revisions\/128"}],"wp:attachment":[{"href":"https:\/\/wordpress.nibis.de\/gsbadnenndorf\/wp-json\/wp\/v2\/media?parent=62"}],"curies":[{"name":"wp","href":"https:\/\/api.w.org\/{rel}","templated":true}]}}