{"id":67,"date":"2018-05-23T11:00:49","date_gmt":"2018-05-23T09:00:49","guid":{"rendered":"http:\/\/wordpress.nibis.de\/gsbadnenndorf\/?page_id=67"},"modified":"2021-07-29T08:44:09","modified_gmt":"2021-07-29T06:44:09","slug":"schuelerrat","status":"publish","type":"page","link":"https:\/\/wordpress.nibis.de\/gsbadnenndorf\/schuelerrat\/","title":{"rendered":"Sch\u00fclerrat"},"content":{"rendered":"<h4><strong>Sch\u00fclerrat der Berlin-Schule<\/strong><img loading=\"lazy\" decoding=\"async\" class=\"size-medium wp-image-371 alignright\" src=\"http:\/\/wordpress.nibis.de\/gsbadnenndorf\/files\/2018\/08\/EFC9C7E5-BF62-4DA0-AD0F-7DD83C542C0C-300x200.jpeg\" alt=\"\" width=\"300\" height=\"200\" srcset=\"https:\/\/wordpress.nibis.de\/gsbadnenndorf\/files\/2018\/08\/EFC9C7E5-BF62-4DA0-AD0F-7DD83C542C0C-300x200.jpeg 300w, https:\/\/wordpress.nibis.de\/gsbadnenndorf\/files\/2018\/08\/EFC9C7E5-BF62-4DA0-AD0F-7DD83C542C0C-768x512.jpeg 768w, https:\/\/wordpress.nibis.de\/gsbadnenndorf\/files\/2018\/08\/EFC9C7E5-BF62-4DA0-AD0F-7DD83C542C0C.jpeg 1024w, https:\/\/wordpress.nibis.de\/gsbadnenndorf\/files\/2018\/08\/EFC9C7E5-BF62-4DA0-AD0F-7DD83C542C0C-75x50.jpeg 75w\" sizes=\"auto, (max-width: 300px) 100vw, 300px\" \/><\/h4>\n<p>Es wird immer wichtiger, dass Kinder bereits fr\u00fchzeitig lernen, ihre W\u00fcnsche und Einstellungen selbstst\u00e4ndig und selbstbewusst zu \u00e4u\u00dfern. Demokratische Strukturen, die dies zulassen und f\u00f6rdern, werden entsprechend unerl\u00e4sslich. Aus diesem Grund tagt ab diesem Schuljahr unser Sch\u00fclerrat regelm\u00e4\u00dfig.<\/p>\n<p>In diesem Sch\u00fclerrat lernen die Klassensprecher und Klassensprecherinnen aller Klassen, die Belange und W\u00fcnsche ihrer Klassen zu vertreten und gemeinsam im Interesse der Schulgemeinschaft Projekte zu planen, zu strukturieren und umzusetzen. Der Erfolg dieses Gremiums ist somit vom Mitdenken, Mitreden und Mitentscheiden der Sch\u00fclerschaft abh\u00e4ngig. F\u00fcr direkte Nachfragen bzw. Anregungen, nimmt ein Mitglied der Schulleitung beratend an den Sitzungen teil.<\/p>\n<p>Der Sch\u00fclerrat der Berlin-Schule tagt einmal im Monat in der vierten Stunde im Musikraum. Anwesend hierbei sind alle 1. Klassensprecher und Klassensprecherinnen aller Klassen sowie eine feste Lehrkraft.<\/p>\n<p>Die Lehrkr\u00e4fte der Berlin-Schule erm\u00f6glichen entsprechend den Klassenvertretern\/Klassenvertreterinnen an diesen Terminen teilzunehmen. Alle Ergebnisse werden protokolliert und am Informationsbrett in der Aula ausgeh\u00e4ngt. Zudem erhalten die Klassensprecher nachfolgend die M\u00f6glichkeiten, in ihren Klassen von den Sitzungen zu berichten bzw. sich im Vorfeld mit ihrer Klasse darauf vorzubereiten.<\/p>\n<p>Die Struktur der Sch\u00fclerratssitzung folgt folgendem Ablauf:<\/p>\n<ul>\n<li>TOP I: Begr\u00fc\u00dfung und Er\u00f6ffnung<\/li>\n<li>TOP II: Mitteilungen der Schulleitungen<\/li>\n<li>TOP III: Aktuelle Themen, Sorgen, Besprechungsw\u00fcnsche aus den Klassen, Projekte<\/li>\n<li>TOP IV: Zielsetzung f\u00fcr die n\u00e4chste Sitzung, Ausblick<\/li>\n<li>TOP V: Verabschiedung<\/li>\n<\/ul>\n<p>Zu Beginn der Sch\u00fclerratssitzung wird die Leitung durch eine Lehrkraft \u00fcbernommen. Langfristiges Ziel ist es, diese Verantwortung St\u00fcck f\u00fcr St\u00fcck an die Sch\u00fclerinnen und Sch\u00fcler abzugeben.<\/p>\n<p>Die Sch\u00fclerinnen und Sch\u00fcler sowie die Lehrkr\u00e4fte der Berlin-Schule freuen sich auf ein demokratisches Gremium, das effektiv am Zusammenleben und an der Progression der Schulabl\u00e4ufe mitarbeitet.<\/p>\n","protected":false},"excerpt":{"rendered":"<p>Sch\u00fclerrat der Berlin-Schule Es wird immer wichtiger, dass Kinder bereits fr\u00fchzeitig lernen, ihre W\u00fcnsche und Einstellungen selbstst\u00e4ndig und selbstbewusst zu \u00e4u\u00dfern. Demokratische Strukturen, die dies zulassen und f\u00f6rdern, werden entsprechend unerl\u00e4sslich. Aus diesem Grund tagt ab diesem Schuljahr unser Sch\u00fclerrat regelm\u00e4\u00dfig. In diesem Sch\u00fclerrat lernen die Klassensprecher und Klassensprecherinnen aller Klassen, die Belange und W\u00fcnsche [&hellip;]<\/p>\n","protected":false},"author":9192571,"featured_media":0,"parent":0,"menu_order":0,"comment_status":"closed","ping_status":"closed","template":"","meta":{"footnotes":""},"class_list":["post-67","page","type-page","status-publish","hentry"],"_links":{"self":[{"href":"https:\/\/wordpress.nibis.de\/gsbadnenndorf\/wp-json\/wp\/v2\/pages\/67","targetHints":{"allow":["GET"]}}],"collection":[{"href":"https:\/\/wordpress.nibis.de\/gsbadnenndorf\/wp-json\/wp\/v2\/pages"}],"about":[{"href":"https:\/\/wordpress.nibis.de\/gsbadnenndorf\/wp-json\/wp\/v2\/types\/page"}],"author":[{"embeddable":true,"href":"https:\/\/wordpress.nibis.de\/gsbadnenndorf\/wp-json\/wp\/v2\/users\/9192571"}],"replies":[{"embeddable":true,"href":"https:\/\/wordpress.nibis.de\/gsbadnenndorf\/wp-json\/wp\/v2\/comments?post=67"}],"version-history":[{"count":6,"href":"https:\/\/wordpress.nibis.de\/gsbadnenndorf\/wp-json\/wp\/v2\/pages\/67\/revisions"}],"predecessor-version":[{"id":1557,"href":"https:\/\/wordpress.nibis.de\/gsbadnenndorf\/wp-json\/wp\/v2\/pages\/67\/revisions\/1557"}],"wp:attachment":[{"href":"https:\/\/wordpress.nibis.de\/gsbadnenndorf\/wp-json\/wp\/v2\/media?parent=67"}],"curies":[{"name":"wp","href":"https:\/\/api.w.org\/{rel}","templated":true}]}}