{"id":71,"date":"2018-05-23T11:03:57","date_gmt":"2018-05-23T09:03:57","guid":{"rendered":"http:\/\/wordpress.nibis.de\/gsbadnenndorf\/?page_id=71"},"modified":"2025-05-21T10:12:03","modified_gmt":"2025-05-21T08:12:03","slug":"projekte","status":"publish","type":"page","link":"https:\/\/wordpress.nibis.de\/gsbadnenndorf\/projekte\/","title":{"rendered":"Projekte"},"content":{"rendered":"<p>An unserer Schule engagieren sich viele Ehrenamtliche f\u00fcr die Sch\u00fclerinnen und Sch\u00fcler in unterschiedlichen Projekten, die wir Ihnen hier vorstellen:<\/p>\n<ul style=\"list-style-type: circle\">\n<li><a href=\"https:\/\/wordpress.nibis.de\/gsbadnenndorf\/fit4future-praeventionsinitiative\/\" target=\"_blank\" rel=\"noopener\">fit4future Pr\u00e4ventionsinitiative<\/a><\/li>\n<li><a href=\"http:\/\/wordpress.nibis.de\/gsbadnenndorf\/tandem-mentorenprojekt\/\">Tandem-Mentorenprojekt<\/a><\/li>\n<li><a href=\"https:\/\/wordpress.nibis.de\/gsbadnenndorf\/unser-chor-in-der-schule-musik-verbindet\/\" target=\"_blank\" rel=\"noopener\">Unser Chor in der Schule \u2013 Musik verbindet!<\/a><\/li>\n<li><a href=\"https:\/\/wordpress.nibis.de\/gsbadnenndorf\/gemeinsames-fruehstueck\/\">Gemeinsames Fr\u00fchst\u00fcck<\/a><\/li>\n<li><a href=\"https:\/\/wordpress.nibis.de\/gsbadnenndorf\/eu-schulprogramm-niedersachsen\/\" target=\"_blank\" rel=\"noopener\">EU-Schulprogramm Niedersachsen (Schulobst)<\/a><\/li>\n<\/ul>\n","protected":false},"excerpt":{"rendered":"<p>An unserer Schule engagieren sich viele Ehrenamtliche f\u00fcr die Sch\u00fclerinnen und Sch\u00fcler in unterschiedlichen Projekten, die wir Ihnen hier vorstellen: fit4future Pr\u00e4ventionsinitiative Tandem-Mentorenprojekt Unser Chor in der Schule \u2013 Musik verbindet! Gemeinsames Fr\u00fchst\u00fcck EU-Schulprogramm Niedersachsen (Schulobst)<\/p>\n","protected":false},"author":9192571,"featured_media":0,"parent":0,"menu_order":0,"comment_status":"closed","ping_status":"closed","template":"","meta":{"footnotes":""},"class_list":["post-71","page","type-page","status-publish","hentry"],"_links":{"self":[{"href":"https:\/\/wordpress.nibis.de\/gsbadnenndorf\/wp-json\/wp\/v2\/pages\/71","targetHints":{"allow":["GET"]}}],"collection":[{"href":"https:\/\/wordpress.nibis.de\/gsbadnenndorf\/wp-json\/wp\/v2\/pages"}],"about":[{"href":"https:\/\/wordpress.nibis.de\/gsbadnenndorf\/wp-json\/wp\/v2\/types\/page"}],"author":[{"embeddable":true,"href":"https:\/\/wordpress.nibis.de\/gsbadnenndorf\/wp-json\/wp\/v2\/users\/9192571"}],"replies":[{"embeddable":true,"href":"https:\/\/wordpress.nibis.de\/gsbadnenndorf\/wp-json\/wp\/v2\/comments?post=71"}],"version-history":[{"count":11,"href":"https:\/\/wordpress.nibis.de\/gsbadnenndorf\/wp-json\/wp\/v2\/pages\/71\/revisions"}],"predecessor-version":[{"id":2185,"href":"https:\/\/wordpress.nibis.de\/gsbadnenndorf\/wp-json\/wp\/v2\/pages\/71\/revisions\/2185"}],"wp:attachment":[{"href":"https:\/\/wordpress.nibis.de\/gsbadnenndorf\/wp-json\/wp\/v2\/media?parent=71"}],"curies":[{"name":"wp","href":"https:\/\/api.w.org\/{rel}","templated":true}]}}