{"id":73,"date":"2018-05-23T14:32:35","date_gmt":"2018-05-23T12:32:35","guid":{"rendered":"http:\/\/wordpress.nibis.de\/gsbadnenndorf\/?page_id=73"},"modified":"2018-11-09T17:10:06","modified_gmt":"2018-11-09T16:10:06","slug":"foerderverein","status":"publish","type":"page","link":"https:\/\/wordpress.nibis.de\/gsbadnenndorf\/foerderverein\/","title":{"rendered":"F\u00f6rderverein"},"content":{"rendered":"<p><img loading=\"lazy\" decoding=\"async\" class=\" wp-image-100 alignleft\" src=\"http:\/\/wordpress.nibis.de\/gsbadnenndorf\/files\/2018\/05\/F\u00f6VeLogo.jpg\" alt=\"\" width=\"187\" height=\"200\" \/><br \/>\n<strong>Verein zur F\u00f6rderung <\/strong><strong>der Grundschule <\/strong><strong>in Bad Nenndorf e.V.<\/strong><\/p>\n<p>Unser gemeinn\u00fctziger F\u00f6rderverein hat sich zum Ziel gesetzt, den Kindern in der Grundschule Bad Nenndorf ein m\u00f6glichst positives Lernumfeld zu bieten.<\/p>\n<p>Wir m\u00f6chten zus\u00e4tzliche W\u00fcnsche der Kinder realisieren, die durch den Schultr\u00e4ger allein nicht erf\u00fcllt werden k\u00f6nnen.<\/p>\n<p>Wir arbeiten dabei eng mit der Schulleitung zusammen, damit unsere Kinder eine tolle Grundschulzeit erleben k\u00f6nnen.<\/p>\n<p>Wie jeder andere Verein, lebt auch der F\u00f6rderverein der Berlin-Schule vom Mitmachen vieler Eltern. Um unsere Aktivit\u00e4ten durchf\u00fchren und ausbauen zu k\u00f6nnen, ben\u00f6tigen wir Ihre Unterst\u00fctzung durch Aktivit\u00e4ten, Mitgliedschaft und Spenden.<\/p>\n<p>Helfen Sie mit und werden Sie <a href=\"http:\/\/wordpress.nibis.de\/gsbadnenndorf\/files\/2018\/05\/Beitrittserkl\u00e4rung_SEPA-F\u00f6Ve.pdf\">Mitglied<\/a>.<\/p>\n<p>&nbsp;<\/p>\n<p>Unsere letzten Projekte haben wir f\u00fcr Sie auf der Seite <a href=\"http:\/\/wordpress.nibis.de\/gsbadnenndorf\/projekte-des-foerderverein\/\" target=\"_blank\" rel=\"noopener\">Projekte des F\u00f6rdervereins<\/a> zusammengestellt.<\/p>\n<p>Wenn Sie noch Informationen ben\u00f6tigen oder Fragen haben, finden Sie hier unsere <a href=\"http:\/\/wordpress.nibis.de\/gsbadnenndorf\/vorstand\/\" target=\"_blank\" rel=\"noopener\">Kontaktdaten<\/a>.<\/p>\n<p>Im <a href=\"http:\/\/wordpress.nibis.de\/gsbadnenndorf\/informationen-und-download-foerderverein\/\" target=\"_blank\" rel=\"noopener\">Downloadbereich<\/a> k\u00f6nnen Sie unsere Satzung und einen Beitrittsantrag herunterladen.<\/p>\n<p>&nbsp;<\/p>\n<p><span style=\"font-size: 8pt\">F\u00fcr die Inhalte dieser Seite mit Unterseiten ist der Verein zur F\u00f6rderung der Grundschule in Bad Nenndorf e.V. verantwortlich!<\/span><\/p>\n","protected":false},"excerpt":{"rendered":"<p>Verein zur F\u00f6rderung der Grundschule in Bad Nenndorf e.V. Unser gemeinn\u00fctziger F\u00f6rderverein hat sich zum Ziel gesetzt, den Kindern in der Grundschule Bad Nenndorf ein m\u00f6glichst positives Lernumfeld zu bieten. Wir m\u00f6chten zus\u00e4tzliche W\u00fcnsche der Kinder realisieren, die durch den Schultr\u00e4ger allein nicht erf\u00fcllt werden k\u00f6nnen. Wir arbeiten dabei eng mit der Schulleitung zusammen, damit [&hellip;]<\/p>\n","protected":false},"author":9192571,"featured_media":0,"parent":0,"menu_order":0,"comment_status":"closed","ping_status":"closed","template":"","meta":{"footnotes":""},"class_list":["post-73","page","type-page","status-publish","hentry"],"_links":{"self":[{"href":"https:\/\/wordpress.nibis.de\/gsbadnenndorf\/wp-json\/wp\/v2\/pages\/73","targetHints":{"allow":["GET"]}}],"collection":[{"href":"https:\/\/wordpress.nibis.de\/gsbadnenndorf\/wp-json\/wp\/v2\/pages"}],"about":[{"href":"https:\/\/wordpress.nibis.de\/gsbadnenndorf\/wp-json\/wp\/v2\/types\/page"}],"author":[{"embeddable":true,"href":"https:\/\/wordpress.nibis.de\/gsbadnenndorf\/wp-json\/wp\/v2\/users\/9192571"}],"replies":[{"embeddable":true,"href":"https:\/\/wordpress.nibis.de\/gsbadnenndorf\/wp-json\/wp\/v2\/comments?post=73"}],"version-history":[{"count":18,"href":"https:\/\/wordpress.nibis.de\/gsbadnenndorf\/wp-json\/wp\/v2\/pages\/73\/revisions"}],"predecessor-version":[{"id":583,"href":"https:\/\/wordpress.nibis.de\/gsbadnenndorf\/wp-json\/wp\/v2\/pages\/73\/revisions\/583"}],"wp:attachment":[{"href":"https:\/\/wordpress.nibis.de\/gsbadnenndorf\/wp-json\/wp\/v2\/media?parent=73"}],"curies":[{"name":"wp","href":"https:\/\/api.w.org\/{rel}","templated":true}]}}