{"id":75,"date":"2018-05-23T14:30:13","date_gmt":"2018-05-23T12:30:13","guid":{"rendered":"http:\/\/wordpress.nibis.de\/gsbadnenndorf\/?page_id=75"},"modified":"2018-05-23T14:30:13","modified_gmt":"2018-05-23T12:30:13","slug":"tandem-mentorenprojekt","status":"publish","type":"page","link":"https:\/\/wordpress.nibis.de\/gsbadnenndorf\/tandem-mentorenprojekt\/","title":{"rendered":"Tandem-Mentorenprojekt"},"content":{"rendered":"<h4><img loading=\"lazy\" decoding=\"async\" class=\" wp-image-110 alignleft\" src=\"http:\/\/wordpress.nibis.de\/gsbadnenndorf\/files\/2018\/05\/Tandem-Logo-258x300.jpg\" alt=\"\" width=\"202\" height=\"235\" srcset=\"https:\/\/wordpress.nibis.de\/gsbadnenndorf\/files\/2018\/05\/Tandem-Logo-258x300.jpg 258w, https:\/\/wordpress.nibis.de\/gsbadnenndorf\/files\/2018\/05\/Tandem-Logo.jpg 446w\" sizes=\"auto, (max-width: 202px) 100vw, 202px\" \/>Bundesweit einmaliges TANDEM-Mentorenprojekt an der Berlin-Schule erfolgreich<\/h4>\n<p>Sch\u00fcler haben ein Recht auf Bildung und Teilhabe und daf\u00fcr machen sich in Bad Nenndorf ehrenamtliche Mentoren stark. Das Motto des Projektes lautet: \u201eOhne Bindung keine Bildung!\u201c.<\/p>\n<p>Das TANDEM-Mentorenprojekt, wurde im Oktober 2010 von Elisabeth Meyer-Engelke aus der Taufe gehoben. Gemeinsam mit ihrer Kollegin Nicole Wiedermann macht sich das Projektteam f\u00fcr Sch\u00fcler der Berlin-Schule stark. Die Erfahrung zeigt, dass es einen signifikanten Zusammenhang zwischen der Beziehung des Mentors und seines Mentorensch\u00fclers sowie dessen schulischer und emotionaler Entwicklung gibt. Das kontinuierliche Miteinander zwischen dem Mentor und dem Sch\u00fcler f\u00fchrt dazu, dass dem Sch\u00fcler \u201eWurzeln und Fl\u00fcgel\u201c wachsen. Beim Sch\u00fcler werden im wesentlichen sein Selbtsvertrauen sowie seine Selbstwirksamkeit und Resilienz (psychische Widerstandskraft) durch das motivierende: \u201eDu schaffst das! Ich traue dir etwas zu. Ich bin jederzeit f\u00fcr dich da!\u201c, gest\u00e4rkt. Projekt-TAT-Orte sind: Lesehelfer, Hausaufgabenbegleiter und Aktivpaten. Das Projekt funktioniert nach dem Schl\u00fcssel-Schloss-Prinzip und sucht f\u00fcr jeden Sch\u00fcler eine individuelle L\u00f6sung. Kurzum, es geht darum unentdeckte \u201eSch\u00e4tze\u201c zu heben.<\/p>\n<p>Die Keimzelle des Projektes waren 12 Interessierte, die einem Zeitungsaufruf gefolgt waren. Mittlerweile engagieren sich durchschnittlich \u00fcber 30 Mentoren. Sie begleiten fast 40 Grundsch\u00fcler. Das entspricht \u00fcber 10 Prozent der Sch\u00fclerschaft an der gr\u00f6\u00dften Grundschule des Landkreises. Einige Mentoren betreuen sogar 2 bis 3 Sch\u00fcler. Seit dem Start haben sich \u00fcber 60 Mentoren f\u00fcr fast 130 Grundsch\u00fcler engagiert. Damit sind die Mentoren das ultimative Geschenk f\u00fcr ihre \u201eZ\u00f6glinge\u201c.<\/p>\n<p>Gerade Sch\u00fcler mit Migrationshintergrund oder sonstigem Unterst\u00fctzungsbedarf, sind i.d.R. ehrgeizig und anstrengungsbereit. Sie haben ein Eigeninteresse daran, ihr \u201eMilieu\u201c zu verlassen. Der verl\u00e4ssliche und zugewandte Mentor erm\u00f6glicht ihm sein Potential zu entdecken und zu f\u00f6rdern, damit ihm ein mehr an Bildungschancen und Teilhabe gelingt.<\/p>\n<p>Seit dem 01. Juni 2015 ist Elisabeth Meyer-Engelke mit einer halben hauptamtlichen Stelle als Projektleiterin f\u00fcr dieses bundesweit einzigartige und schulform\u00fcbergreifende Bildungsprojekt verantwortlich. Unter dem Dach der Stiftung Help aus Hannover konnte eine Koordinierungsstelle geschaffen werden. Damit ist es gelungen das integrative und auf Nachhaltigkeit ausgelegte Projekt auf das hiesige Gymnasium auszuweiten. Langfristiges Ziel des Projektes ist es, die Mitte unserer Gesellschaft zu st\u00e4rken und gleichzeitig den Wirtschaftsstandort Deutschland durch hochqualifizierte Absolventen zu sichern.<\/p>\n<p>Bei dem \u00a0Nieders\u00e4chsischen Wettbewerb \u201eKinder haben Rechte\u201c konnte das TANDEM-Mentorenprojekt \u00a0im Jahr 2015 die Jury auf Anhieb von seinem zukunftsweisenden Vorbildcharakter \u00fcberzeugen und erhielt die Urkunde \u201eAuszeichnung der TOP 10\u201c von insgesamt 85 eingegangenen Bewerbungen.<\/p>\n<p>Motivation f\u00fcr die Projektbeteiligten ist das afrikanische Sprichwort: \u201eWenn sich alle Ameisen einig sind, k\u00f6nnen sie sogar einen Elefanten wenden.\u201c Es werden dringend und dauerhaft f\u00fcr die Grundschule und das Gymnasium flei\u00dfige Ameisen gesucht, die entweder Ihre Zeit durch ihre ehrenamtliche T\u00e4tigkeit einbringen oder durch Spenden das Projekt unterst\u00fctzen. Interessierte k\u00f6nnen sich gerne bei der Projektleiterin unter Tel.: 05723\/ 914335 oder per Mail <a href=\"&#109;&#x61;&#x69;&#108;&#x74;&#x6f;&#58;&#x6d;&#x65;&#121;&#x65;&#x72;&#45;&#x65;&#x6e;&#103;&#x65;&#x6c;&#107;&#x65;&#x40;&#115;&#x74;&#x69;&#102;&#x74;&#x75;n&#x67;&#x2d;h&#x65;&#x6c;p&#46;&#x64;e\">&#109;&#101;&#x79;&#x65;&#114;&#45;&#x65;&#x6e;&#103;&#101;&#x6c;&#x6b;&#101;&#64;&#x73;&#x74;&#105;&#102;&#x74;&#x75;&#110;&#103;&#x2d;&#x68;&#101;&#108;&#x70;&#x2e;&#100;&#101;<\/a> melden.<\/p>\n<p>&nbsp;<\/p>\n<p>Warum TANDEM?<\/p>\n<p>Abgeleitet ist der Name vom TANDEM-Fallschirmsprung. Der Fallschirmsprung steht symbolisch f\u00fcr die enge und verantwortungsvolle Bindung und das Vertrauen zu einem starken Partner. In der Konstellation 1 Mentor: 1 Sch\u00fcler wird mutig der Sprung ins Leben gewagt.<\/p>\n<h4><img loading=\"lazy\" decoding=\"async\" class=\"wp-image-109 alignleft\" src=\"http:\/\/wordpress.nibis.de\/gsbadnenndorf\/files\/2018\/05\/Stiftung-Logo-292x300.jpg\" alt=\"\" width=\"171\" height=\"176\" srcset=\"https:\/\/wordpress.nibis.de\/gsbadnenndorf\/files\/2018\/05\/Stiftung-Logo-292x300.jpg 292w, https:\/\/wordpress.nibis.de\/gsbadnenndorf\/files\/2018\/05\/Stiftung-Logo.jpg 562w\" sizes=\"auto, (max-width: 171px) 100vw, 171px\" \/>Spendenkonto:<\/h4>\n<p>Stichwort. TANDEM-Mentorenprojekt<\/p>\n<p>UniCredit Bank AG Hamburg (HypoVereinsbank)<\/p>\n<p>IBAN: DE08 2003 000 0015 9489 12<\/p>\n<p>BIC: HYVEDEMM300<\/p>\n","protected":false},"excerpt":{"rendered":"<p>Bundesweit einmaliges TANDEM-Mentorenprojekt an der Berlin-Schule erfolgreich Sch\u00fcler haben ein Recht auf Bildung und Teilhabe und daf\u00fcr machen sich in Bad Nenndorf ehrenamtliche Mentoren stark. Das Motto des Projektes lautet: \u201eOhne Bindung keine Bildung!\u201c. Das TANDEM-Mentorenprojekt, wurde im Oktober 2010 von Elisabeth Meyer-Engelke aus der Taufe gehoben. Gemeinsam mit ihrer Kollegin Nicole Wiedermann macht sich [&hellip;]<\/p>\n","protected":false},"author":9192571,"featured_media":0,"parent":0,"menu_order":0,"comment_status":"closed","ping_status":"closed","template":"","meta":{"footnotes":""},"class_list":["post-75","page","type-page","status-publish","hentry"],"_links":{"self":[{"href":"https:\/\/wordpress.nibis.de\/gsbadnenndorf\/wp-json\/wp\/v2\/pages\/75","targetHints":{"allow":["GET"]}}],"collection":[{"href":"https:\/\/wordpress.nibis.de\/gsbadnenndorf\/wp-json\/wp\/v2\/pages"}],"about":[{"href":"https:\/\/wordpress.nibis.de\/gsbadnenndorf\/wp-json\/wp\/v2\/types\/page"}],"author":[{"embeddable":true,"href":"https:\/\/wordpress.nibis.de\/gsbadnenndorf\/wp-json\/wp\/v2\/users\/9192571"}],"replies":[{"embeddable":true,"href":"https:\/\/wordpress.nibis.de\/gsbadnenndorf\/wp-json\/wp\/v2\/comments?post=75"}],"version-history":[{"count":6,"href":"https:\/\/wordpress.nibis.de\/gsbadnenndorf\/wp-json\/wp\/v2\/pages\/75\/revisions"}],"predecessor-version":[{"id":115,"href":"https:\/\/wordpress.nibis.de\/gsbadnenndorf\/wp-json\/wp\/v2\/pages\/75\/revisions\/115"}],"wp:attachment":[{"href":"https:\/\/wordpress.nibis.de\/gsbadnenndorf\/wp-json\/wp\/v2\/media?parent=75"}],"curies":[{"name":"wp","href":"https:\/\/api.w.org\/{rel}","templated":true}]}}