{"id":77,"date":"2018-05-23T11:13:11","date_gmt":"2018-05-23T09:13:11","guid":{"rendered":"http:\/\/wordpress.nibis.de\/gsbadnenndorf\/?page_id=77"},"modified":"2022-01-13T20:41:11","modified_gmt":"2022-01-13T19:41:11","slug":"impressum","status":"publish","type":"page","link":"https:\/\/wordpress.nibis.de\/gsbadnenndorf\/impressum\/","title":{"rendered":"Impressum"},"content":{"rendered":"<h3><strong>Impressum<\/strong><\/h3>\n<p>Land Niedersachsen (Diensteanbieter im Sinne des Telemediengesetzes)<\/p>\n<p>Das Land Niedersachsen ist eine juristische Person des \u00f6ffentlichen Rechts<br \/>\nvertreten durch<\/p>\n<p>Schulleitung:<br \/>\nAnica Wilhelm-Machule, Schulleiterin<\/p>\n<p>Gerhard Witte, stellv. Schulleiter<\/p>\n<p>Grundschule Berlin-Schule<br \/>\nBahnhofstrasse 56<br \/>\n31542 Bad Nenndorf<br \/>\nTel.: 0 57 23 \/ 27 83<br \/>\nFax: 0 57 23 \/ 7 60 11<br \/>\nE-Mail: <a href=\"&#109;&#x61;&#x69;l&#116;&#x6f;:&#115;&#x63;&#x68;u&#108;&#x65;&#64;&#98;&#x65;&#x72;l&#105;&#x6e;-&#115;&#x63;&#x68;&#117;&#108;&#x65;&#46;&#110;&#x65;&#x74;\"><u>&#x73;&#x63;&#x68;&#x75;&#x6c;&#x65;&#x40;&#x62;&#x65;&#x72;&#x6c;&#x69;&#x6e;&#x2d;&#x73;&#x63;&#x68;&#x75;&#x6c;&#x65;&#x2e;&#x6e;&#x65;&#x74;<\/u><\/a><br \/>\nSchulischer Datenschutzbeauftragter: <a href=\"m&#97;&#x69;&#x6c;&#x74;o&#58;&#100;&#x61;&#x74;e&#110;&#115;&#x63;&#x68;ut&#122;&#x40;&#x62;&#x65;r&#108;&#x69;&#x6e;&#x2d;s&#99;&#104;&#x75;&#x6c;e&#46;&#110;&#x65;&#x74;\"><u>&#x64;&#97;&#116;&#x65;&#x6e;&#115;&#99;&#x68;&#x75;&#116;&#122;&#x40;&#x62;&#101;&#114;&#x6c;&#x69;&#110;&#45;&#x73;&#x63;&#104;&#117;&#x6c;&#x65;&#46;&#110;&#x65;&#x74;<\/u><\/a><\/p>\n<p>Verantwortlicher f\u00fcr redaktionell-journalistische Angebote i. S. d. \u00a7 55 Abs. 2 Rundfunkstaatsvertrag:<\/p>\n<p>Anica Wilhelm-Machule<br \/>\nGrundschule Berlin-Schule<br \/>\nBahnhofstrasse 56<br \/>\n31542 Bad Nenndorf<br \/>\nTel.: 0 57 23 \/ 27 83<\/p>\n<p>Die Fotos im Header und auf der Startseite wurden von <a href=\"http:\/\/www.wilk-luftaufnahmen.de\" target=\"_blank\" rel=\"noopener noreferrer\">Wilk Luftaufnahmen &amp; mehr<\/a> erstellt.<\/p>\n<p>S\u00e4mtliche Texte und Bilder auf dieser Internetpr\u00e4senz sind urheberrechtlich gesch\u00fctzt und d\u00fcrfen nicht ohne Genehmigung heruntergeladen, gespeichert, bearbeitet oder verbreitet werden.<\/p>\n<p>Disclaimer<\/p>\n<p>Diese Webseite beinhaltet externe Links. Deren Inhalte entziehen sich unserer Einflussnahme, sodass eine Gew\u00e4hr f\u00fcr solche Inhalte von uns nicht \u00fcbernommen werden kann.<\/p>\n<p>Die Verantwortung liegt stets beim jeweiligen Betreiber der externen Seiten. Zum Zeitpunkt der Verkn\u00fcpfung der externen Links waren keine Rechtsverst\u00f6\u00dfe ersichtlich. Die permanente \u00dcberwachung fremder Inhalte auf Rechtsverst\u00f6\u00dfe ohne konkrete Hinweise ist uns nicht zumutbar.<\/p>\n<p>Sollten wir Kenntnis von Rechtsverletzungen erlangen, werden wir die entsprechenden externen Links unverz\u00fcglich entfernen.<\/p>\n","protected":false},"excerpt":{"rendered":"<p>Impressum Land Niedersachsen (Diensteanbieter im Sinne des Telemediengesetzes) Das Land Niedersachsen ist eine juristische Person des \u00f6ffentlichen Rechts vertreten durch Schulleitung: Anica Wilhelm-Machule, Schulleiterin Gerhard Witte, stellv. Schulleiter Grundschule Berlin-Schule Bahnhofstrasse 56 31542 Bad Nenndorf Tel.: 0 57 23 \/ 27 83 Fax: 0 57 23 \/ 7 60 11 E-Mail: &#x73;&#99;h&#x75;&#x6c;&#101;&#64;&#x62;&#x65;&#114;l&#x69;&#110;-&#x73;&#x63;&#104;u&#x6c;&#x65;&#46;n&#x65;&#116; Schulischer Datenschutzbeauftragter: &#x64;&#x61;&#x74;&#x65;&#110;&#115;&#99;&#104;utz&#x40;&#x62;&#x65;&#x72;&#x6c;&#105;&#110;&#45;sch&#x75;&#x6c;&#x65;&#x2e;&#x6e;&#101;&#116; [&hellip;]<\/p>\n","protected":false},"author":9192571,"featured_media":0,"parent":0,"menu_order":0,"comment_status":"closed","ping_status":"closed","template":"","meta":{"footnotes":""},"class_list":["post-77","page","type-page","status-publish","hentry"],"_links":{"self":[{"href":"https:\/\/wordpress.nibis.de\/gsbadnenndorf\/wp-json\/wp\/v2\/pages\/77","targetHints":{"allow":["GET"]}}],"collection":[{"href":"https:\/\/wordpress.nibis.de\/gsbadnenndorf\/wp-json\/wp\/v2\/pages"}],"about":[{"href":"https:\/\/wordpress.nibis.de\/gsbadnenndorf\/wp-json\/wp\/v2\/types\/page"}],"author":[{"embeddable":true,"href":"https:\/\/wordpress.nibis.de\/gsbadnenndorf\/wp-json\/wp\/v2\/users\/9192571"}],"replies":[{"embeddable":true,"href":"https:\/\/wordpress.nibis.de\/gsbadnenndorf\/wp-json\/wp\/v2\/comments?post=77"}],"version-history":[{"count":15,"href":"https:\/\/wordpress.nibis.de\/gsbadnenndorf\/wp-json\/wp\/v2\/pages\/77\/revisions"}],"predecessor-version":[{"id":1652,"href":"https:\/\/wordpress.nibis.de\/gsbadnenndorf\/wp-json\/wp\/v2\/pages\/77\/revisions\/1652"}],"wp:attachment":[{"href":"https:\/\/wordpress.nibis.de\/gsbadnenndorf\/wp-json\/wp\/v2\/media?parent=77"}],"curies":[{"name":"wp","href":"https:\/\/api.w.org\/{rel}","templated":true}]}}