{"id":82,"date":"2018-05-24T06:14:37","date_gmt":"2018-05-24T04:14:37","guid":{"rendered":"http:\/\/wordpress.nibis.de\/gsbadnenndorf\/?page_id=82"},"modified":"2023-06-01T07:00:49","modified_gmt":"2023-06-01T05:00:49","slug":"service","status":"publish","type":"page","link":"https:\/\/wordpress.nibis.de\/gsbadnenndorf\/service\/","title":{"rendered":"Service"},"content":{"rendered":"<h4><a href=\"http:\/\/wordpress.nibis.de\/gsbadnenndorf\/informationen\/\">Informationen:<\/a><\/h4>\n<p>Wir haben auf dieser Seite Informationen rund um die Schule zusammengestellt.<\/p>\n<h4><a href=\"http:\/\/wordpress.nibis.de\/gsbadnenndorf\/download\/\">Download:<\/a><\/h4>\n<p>Auf dieser Seite stellen wir f\u00fcr Sie Listen, Formulare und Informationen als Download bereit .<\/p>\n<h4><a href=\"https:\/\/wordpress.nibis.de\/gsbadnenndorf\/hausaugaben-tipps-fuer-eltern-und-schulkinder\/\" target=\"_blank\" rel=\"noopener noreferrer\">Hausaufgaben &#8211; Tipps f\u00fcr Eltern und Schulkinder<\/a><\/h4>\n<p>Wir m\u00f6chten Sie und Ihre Kinder unterst\u00fctzen und stellen Ihnen auf dieser Seite einige Informationen und Links zur Verf\u00fcgung.<\/p>\n<h4><a href=\"https:\/\/wordpress.nibis.de\/gsbadnenndorf\/iserv\/\" target=\"_blank\" rel=\"noopener\">IServ<\/a><\/h4>\n<p>Zu IServ finden Sie Informationen und Anleitungen.<\/p>\n","protected":false},"excerpt":{"rendered":"<p>Informationen: Wir haben auf dieser Seite Informationen rund um die Schule zusammengestellt. Download: Auf dieser Seite stellen wir f\u00fcr Sie Listen, Formulare und Informationen als Download bereit . Hausaufgaben &#8211; Tipps f\u00fcr Eltern und Schulkinder Wir m\u00f6chten Sie und Ihre Kinder unterst\u00fctzen und stellen Ihnen auf dieser Seite einige Informationen und Links zur Verf\u00fcgung. IServ [&hellip;]<\/p>\n","protected":false},"author":9192571,"featured_media":0,"parent":0,"menu_order":0,"comment_status":"closed","ping_status":"closed","template":"","meta":{"footnotes":""},"class_list":["post-82","page","type-page","status-publish","hentry"],"_links":{"self":[{"href":"https:\/\/wordpress.nibis.de\/gsbadnenndorf\/wp-json\/wp\/v2\/pages\/82","targetHints":{"allow":["GET"]}}],"collection":[{"href":"https:\/\/wordpress.nibis.de\/gsbadnenndorf\/wp-json\/wp\/v2\/pages"}],"about":[{"href":"https:\/\/wordpress.nibis.de\/gsbadnenndorf\/wp-json\/wp\/v2\/types\/page"}],"author":[{"embeddable":true,"href":"https:\/\/wordpress.nibis.de\/gsbadnenndorf\/wp-json\/wp\/v2\/users\/9192571"}],"replies":[{"embeddable":true,"href":"https:\/\/wordpress.nibis.de\/gsbadnenndorf\/wp-json\/wp\/v2\/comments?post=82"}],"version-history":[{"count":15,"href":"https:\/\/wordpress.nibis.de\/gsbadnenndorf\/wp-json\/wp\/v2\/pages\/82\/revisions"}],"predecessor-version":[{"id":1805,"href":"https:\/\/wordpress.nibis.de\/gsbadnenndorf\/wp-json\/wp\/v2\/pages\/82\/revisions\/1805"}],"wp:attachment":[{"href":"https:\/\/wordpress.nibis.de\/gsbadnenndorf\/wp-json\/wp\/v2\/media?parent=82"}],"curies":[{"name":"wp","href":"https:\/\/api.w.org\/{rel}","templated":true}]}}