{"id":84,"date":"2018-05-24T17:00:59","date_gmt":"2018-05-24T15:00:59","guid":{"rendered":"http:\/\/wordpress.nibis.de\/gsbadnenndorf\/?page_id=84"},"modified":"2025-12-11T10:19:34","modified_gmt":"2025-12-11T09:19:34","slug":"informationen","status":"publish","type":"page","link":"https:\/\/wordpress.nibis.de\/gsbadnenndorf\/informationen\/","title":{"rendered":"Informationen"},"content":{"rendered":"<h3>Informationen rund um die Schule<\/h3>\n<h4>Inhalt<\/h4>\n<ul style=\"list-style-type: disc\">\n<li><a href=\"#Anfahrt\">An- und Abfahrt<\/a><\/li>\n<li><a href=\"#Betreuung\">Betreuung<\/a><\/li>\n<li><a href=\"#Elternabend\">Elternabend<\/a><\/li>\n<li><a href=\"#Erlasse\">Erlasse und Verordnungen<\/a><\/li>\n<li><a href=\"#Fehlzeiten\">Fehlzeiten<\/a><\/li>\n<li><a href=\"#Ferien\">Ferien<\/a><\/li>\n<li><a href=\"#Ganztagsschule\">Ganztagsschule<\/a><\/li>\n<li><a href=\"#Hausaufgabenheft\">Hausaufgabenheft<\/a><\/li>\n<li><a href=\"#Infektionsschutz\">Infektionsschutz<\/a><\/li>\n<li><a href=\"#Konflikt\">Konflikte in der Schule<\/a><\/li>\n<li><a href=\"#Krankheit\">Krankheit<\/a><\/li>\n<li><a href=\"#Laeuse\">L\u00e4use<\/a><\/li>\n<li><a href=\"#Mensa\">Mensa<\/a><\/li>\n<li><a href=\"#Schulausfall\">Schulausfall<\/a><\/li>\n<li><a href=\"#Schulbus\">Schulbus<\/a><\/li>\n<li><a href=\"#Schulhof\">Schulhof<\/a><\/li>\n<li><a href=\"#Buecherei\">Sch\u00fclerb\u00fccherei<\/a><\/li>\n<li><a href=\"#Sichere Basis\">Sichere Basis<\/a><\/li>\n<li><a href=\"#Sport\">Sport<\/a><\/li>\n<li><a href=\"#Stundenzeiten\">Stundenzeiten<\/a><\/li>\n<li><a href=\"#Telefon\">Telefonnummern<\/a><\/li>\n<li><a href=\"#Termine\">Termine<\/a><\/li>\n<li><a href=\"#Waffen\">Waffenerlass<\/a><\/li>\n<\/ul>\n<p>&nbsp;<\/p>\n<h4><a id=\"Anfahrt\"><\/a>An- und Abfahrt<\/h4>\n<p>Wichtige Informationen zur An- und Abfahrt haben wir in einem <a href=\"http:\/\/wordpress.nibis.de\/gsbadnenndorf\/files\/2018\/05\/An-Abfahrt.pdf\" target=\"_blank\" rel=\"noopener noreferrer\">Infoblatt<\/a> f\u00fcr Sie zusammengestellt.<\/p>\n<p>Wenn Sie morgens Ihr Kind zur Schule bringen, entlassen Sie es bitte am Zaun in der Schillerstra\u00dfe oder an der T\u00fcr in der Bahnhofstrasse.<\/p>\n<p>Zur Abholung bitten wir Sie, in der Schillerstra\u00dfe vor dem Zaun und <strong>nicht auf dem Schulhof<\/strong> zu warten. Bei Abholung in der Bahnhofstrasse warten Sie bitte vor und <strong>nicht in<\/strong> dem Geb\u00e4ude auf Ihr Kind.<\/p>\n<p>Die zuvor beschriebene Ma\u00dfnahmen dienen der Sicherheit Ihrer Kinder. Wir kennen nicht alle Eltern und Angeh\u00f6rige pers\u00f6nlich und k\u00f6nnen daher nicht in allen F\u00e4llen beurteilen, ob sich jemand berechtigt oder unberechtigt im Schulgeb\u00e4ude bzw. auf dem Schulhof aufh\u00e4lt.<\/p>\n<h4><a id=\"Betreuung\"><\/a>Betreuung<\/h4>\n<p>Unsere Schule ist eine verl\u00e4ssliche Grundschule. Ihre Kinder werden bis zu f\u00fcnf Stunden betreut.<\/p>\n<p><em><span style=\"text-decoration: underline\">Fr\u00fchbetreuung:<\/span><\/em><\/p>\n<p>Die Fr\u00fchbetreuung ist ein Angebot w\u00e4hrend der Schulwochen und ist t\u00e4glich w\u00e4hlbar von Montag bis Freitag. Sie findet in der Zeit 07:30 \u2013 07:55 Uhr in der Sch\u00fclerb\u00fccherei bzw. im PC-Raum statt. <a href=\"https:\/\/wordpress.nibis.de\/gsbadnenndorf\/files\/2025\/04\/Anmeldung-GTS-Betreuung-allgemein-blanko.pdf\" target=\"_blank\" rel=\"noopener\">Anmeldung<\/a>\u00a0erfolgt jeweils f\u00fcr ein Schulhalbjahr.<\/p>\n<p>Die Eingangst\u00fcr zur Bahnhofstra\u00dfe steht f\u00fcr Teilnehmer der Fr\u00fchbetreuung von ca. 07:25 \u2013 07:35 Uhr offen. Treffpunkt bis 07:30 Uhr ist die Pausenhalle. Sch\u00fclerinnen und Sch\u00fcler, die etwas sp\u00e4ter kommen, bringen ihren Ranzen zum Klassenraum und gehen dann selbstst\u00e4ndig zur Sch\u00fclerb\u00fccherei bzw. zum PC-Raum.<\/p>\n<p><span style=\"text-decoration: underline\"><em>Sp\u00e4tbetreuung:<\/em><\/span><\/p>\n<p>Die Sp\u00e4tbetreuung ist ein Angebot w\u00e4hrend der Schulwochen und findet bei <a href=\"https:\/\/wordpress.nibis.de\/gsbadnenndorf\/files\/2025\/04\/Anmeldung-GTS-Betreuung-allgemein-blanko.pdf\" target=\"_blank\" rel=\"noopener\">Anmeldung<\/a> verbindlich f\u00fcr ein Schulhalbjahr von Montag bis Freitag f\u00fcr die 1. Klassen bzw. Mittwoch bis Freitag f\u00fcr die 2. Klassen in der Zeit von 11:45 \u2013 12:30 Uhr statt.<\/p>\n<p>Die Sch\u00fclerinnen und Sch\u00fcler die sich f\u00fcr den Hort bzw. die Ganztagsschule angemeldet haben, m\u00fcssen sich ebenfalls in der Sp\u00e4tbetreuung anmelden.<\/p>\n<p>Ein Abholen vor dem Ende der Sp\u00e4tbetreuung ist nur in Ausnahmen m\u00f6glich und muss mit den Betreuungskr\u00e4ften abgesprochen sein.<\/p>\n<p><strong>Bitte beachten:\u00a0F\u00fcr jedes Schuljahr muss eine neue Anmeldung erfolgen!<\/strong><\/p>\n<p><span style=\"text-decoration: underline\"><em>weitere nicht schulische Betreuungsangebote:<\/em><\/span><\/p>\n<ul>\n<li><a href=\"https:\/\/www.nenndorf.de\/bildung-and-soziales\/kindertagesbetreuung\/allgemeines\/\" target=\"_blank\" rel=\"noopener\">Hort<\/a> (Anmeldung \u00fcber die Samtgemeinde Nenndorf)<\/li>\n<li><a href=\"https:\/\/www.nenndorf.de\/bildung-and-soziales\/schulen\/ganztagsschulen\/\" target=\"_blank\" rel=\"noopener\">Anschlu\u00dfbetreuung<\/a> (Anmeldung \u00fcber die Samtgemeinde Nenndorf)<\/li>\n<li><a href=\"https:\/\/vfl-badnenndorf.de\/schueler-in-bewegung\/\" target=\"_blank\" rel=\"noopener noreferrer\">Sch\u00fcler in Bewegung<\/a> (Anmeldung \u00fcber den VFL Bad Nenndorf e.V.)<\/li>\n<\/ul>\n<h4><a id=\"Elternabend\"><\/a>Elternabend<\/h4>\n<p>F\u00fcr den ersten Elternabend der Klassen 1 und 3 laden die\/der Klassenlehrer(in) ein. An diesem Abend werden die Klassenelternvorsitzenden und die Konferenzvertreter(innen) gew\u00e4hlt.<\/p>\n<p>F\u00fcr alle weiteren Elternabende (mindestens ein Elternabend\/Halbjahr) laden die Klassenelternvorsitzenden ein.<\/p>\n<h4><a id=\"Erlasse\"><\/a>Erlasse und Verordnungen<\/h4>\n<p>Informationen zu den gesetzlichen Verordnungen und Bestimmungen finden Sie auf der Website des <a href=\"http:\/\/www.mk.niedersachsen.de\" target=\"_blank\" rel=\"noopener noreferrer\">Nieders\u00e4chsischen Kultusministerium<\/a>, dem <a href=\"http:\/\/www.nibis.de\" target=\"_blank\" rel=\"noopener noreferrer\">Nieders\u00e4chsischen Bildungsserver<\/a>, dem L<a href=\"http:\/\/www.ler-nds.de\" target=\"_blank\" rel=\"noopener noreferrer\">andeselternrat Niedersache<\/a>n und der Website <a href=\"http:\/\/www.schure.de\" target=\"_blank\" rel=\"noopener noreferrer\">&#8222;Schule und Recht in Niedersachsen&#8220;<\/a>.<\/p>\n<h4><a id=\"Fehlzeiten\"><\/a>Fehlzeiten<\/h4>\n<p>Wenn Ihr Kind krank sein sollte, schauen Sie bitte unter <a href=\"#Krankheit\">Krankheit<\/a>.<\/p>\n<p>Wenn Ihr Kind aus einem wichtigen Grund nicht am Unterricht kann und der Termin im Voraus bekannt ist, beantragen Sie bitte eine Unterrichtsbefreiung. Eine Unterrichtsbefreiung bis zu drei Tagen, genehmigt die Klassenlehrkraft.<\/p>\n<p>Sollte die Unterrichtsbefreiung an Ferien grenzen oder mehr als drei Tage betragen, m\u00fcssen Sie diese schriftlich bei der Schulleitung beantragen.<\/p>\n<p>Unterrichtsbefreiungen f\u00fcr einen Urlaub au\u00dferhalb der Ferien werden nicht genehmigt.<\/p>\n<p>Unterrichtsbefreiungen f\u00fcr Tage, die an die Ferien angrenzen, werden nur in Ausnahme genehmigt. Die Schulleitung legt strenge Ma\u00dfst\u00e4be an.<\/p>\n<p>Arzttermine sollen Sie bitte auf den Nachmittag legen. Wenn dies jedoch nicht geht, muss auch hierf\u00fcr eine Unterrichtsbefreiung beantragt werden.<\/p>\n<p><strong><a id=\"Ferien\"><\/a>Ferien<\/strong><\/p>\n<p>Die aktuellen Ferienzeiten finden Sie unter\u00a0<a href=\"https:\/\/www.schulferien-online.de\/ferien-niedersachsen\" target=\"_blank\" rel=\"noopener\">https:\/\/www.schulferien-online.de\/ferien-niedersachsen<\/a><\/p>\n<p><strong><a id=\"Ganztagsschule\"><\/a>Ganztagsschule<\/strong><\/p>\n<p>Die Ganztagsschule ist ein Angebot w\u00e4hrend der Schulwochen von der Grundschule (Mo \u2013 Mi) und der Samtgemeinde Nenndorf (Do) und ist t\u00e4glich in der Zeit von 12:30 \u2013 14:45 Uhr w\u00e4hlbar. Die Ganztagsschule findet in den R\u00e4umlichkeiten der \u201eAu\u00dfenstelle\u201c statt. Dort befinden sich ebenfalls die Mensen, in denen die Kinder ein bestelltes Essen (s. Mensa) oder ein mitgebrachtes Essen zu sich nehmen.<\/p>\n<p>Die Sch\u00fclerinnen und Sch\u00fcler haben in der Ganztagsschule die M\u00f6glichkeit ihre Hausaufgaben anzufangen bzw. zu erledigen. Daf\u00fcr stehen 40 Minuten zur Verf\u00fcgung. Je nach Stundenplan steht den Sch\u00fclerinnen und Sch\u00fclern evtl. noch eine 45-min\u00fctige Spielzeit zur Verf\u00fcgung.<\/p>\n<p>Hinweise zu der Ganztagsschule: Die Lehrkr\u00e4fte bieten den Sch\u00fclerinnen und Sch\u00fclern die M\u00f6glichkeit ihre Hausaufgaben w\u00e4hrend der Ganztagsschule anzufangen oder zu erledigen. Dabei sind die Lehrkr\u00e4fte auf die Mitarbeit der Sch\u00fcler angewiesen. Geben die Sch\u00fcler nicht bekannt, welche Hausaufgaben sie aufhaben oder verweigern sie die Erledigung der Hausaufgaben, m\u00fcssen diese zu Hause nachgearbeitet werden. Au\u00dferdem haben die Lehrkr\u00e4fte nicht die zeitliche M\u00f6glichkeit alle Hausaufgaben auf Richtigkeit zu \u00fcberpr\u00fcfen. Schauen Sie sich deshalb zu Hause mit Ihrem Kind gemeinsam die Hausaufgaben noch einmal in Ruhe an und lassen sich erkl\u00e4ren, was Ihr Kind machen sollte.<\/p>\n<p>Des Weiteren ist die Anmeldung f\u00fcr die Ganztagsschule verbindlich. Ein Abholen vor dem Ende der Ganztagsschule ist nur in Ausnahmen m\u00f6glich und muss mit den Lehrkr\u00e4ften abgesprochen bzw. ein bis zwei Tag vorher per Email an <strong>krankm&#101;&#108;&#100;&#117;&#110;&#103;&#64;&#x62;&#x65;&#x72;&#x6c;&#x69;&#x6e;&#x2d;&#x73;&#x63;&#x68;&#x75;&#x6c;e&#46;net<\/strong> mitgeteilt werden.<\/p>\n<p>Seit dem Schuljahr 2017\/18 bietet die Samtgemeinde Nenndorf eine Anschlussbetreuung nach der Ganztagsschule Montag &#8211; Donnerstag bis 16:30 Uhr und Freitags von 12:30 bis 16:30 Uhr an. Die <a href=\"https:\/\/www.nenndorf.de\/bildung-and-soziales\/schulen\/ganztagsschulen\/\" target=\"_blank\" rel=\"noopener\">Anmeldung<\/a> erfolgt \u00fcber die Samtgemeinde Nenndorf.<\/p>\n<p><span style=\"color: #ff0000\"><strong>Neu ab 01.02.2025:<\/strong><\/span> Ab dem 2. Halbjahr des Schuljahres 2024\/2025 k\u00f6nnen sich die Eltern zwischen zwei Abholzeiten in der Ganztagsschule entscheiden. Die neuen Abholzeiten sind 14:00 Uhr oder 14:45 Uhr. Die Abholzeit wird bei der Anmeldung abgefragt.<\/p>\n<h4><a id=\"Hausaufgabenheft\"><\/a>Hausaufgabenheft<\/h4>\n<p>Wir erstellen jedes Jahr einen Schulplaner, der verpflichtend von den Sch\u00fclerinnen und Sch\u00fclern der Klassen 1 bis 4 gekauft und benutzt werden muss.<\/p>\n<p>Der Schulplaner dient nicht nur zum Aufschreiben der Hausaufgaben. Er kann auch als Kommunikationsmittel zwischen Lehrkr\u00e4ften und Eltern dienen. Der Schulplaner enth\u00e4lt zus\u00e4tzlich Informationen rund um die Schule.<\/p>\n<h4><a id=\"Infektionsschutz\"><\/a>Infektionsschutz<\/h4>\n<p>Nach dem Infektionsschutzgesetz, ist der Schulbesuch bei manchen Krankheiten untersagt.<\/p>\n<p>Wie Sie sich im Falle einer Erkrankung Ihres Kindes verhalten m\u00fcssen und ob die Krankheit unter das Infektionsschutzgesetz f\u00e4llt, k\u00f6nnen Sie in dem Merkblatt zum <a href=\"https:\/\/wordpress.nibis.de\/gsbadnenndorf\/files\/2025\/05\/Belehrungsbogen_Sorgeberechtigte_deutsch-berlin-schule.pdf\" target=\"_blank\" rel=\"noopener\">Infektionsschutz<\/a> nachlesen.<\/p>\n<h4><a id=\"Konflikt\"><\/a>Konflikte in der Schule<\/h4>\n<p>In der Schule kann es immer wieder zu Konflikten kommen. Unser <a href=\"http:\/\/wordpress.nibis.de\/gsbadnenndorf\/files\/2018\/05\/Konfliktl\u00f6sung.pdf\" target=\"_blank\" rel=\"noopener noreferrer\">Flyer<\/a> soll eine Hilfestellung sein.<\/p>\n<p>Informationen finden Sie auch in dem Schulplaner Ihres Kindes.<\/p>\n<h4><a id=\"Krankheit\"><\/a>Krankheit<\/h4>\n<p style=\"margin-bottom: .0001pt\">Sollte Ihr Kind erkrankt sein, so melden Sie die Erkrankung noch am selben Tag <em><span style=\"text-decoration: underline\">bis sp\u00e4testens 8:00 Uhr<\/span><\/em> per Email an<\/p>\n<p style=\"text-align: center\"><strong>k&#114;&#x61;&#x6e;&#x6b;m&#101;&#108;&#x64;&#x75;n&#103;&#64;&#x62;&#x65;rl&#105;&#x6e;&#x2d;&#x73;c&#104;&#x75;&#x6c;&#x65;&#46;&#110;&#101;&#x74;<\/strong>.<\/p>\n<p style=\"margin-bottom: .0001pt\">Sp\u00e4testens am dritten Tag muss der Grund des Fernbleibens in der Schule bekanntgegeben werden.<\/p>\n<p style=\"margin-bottom: .0001pt\">Warum ist uns eine sofortige Krankmeldung so wichtig?<\/p>\n<p style=\"margin-bottom: .0001pt\">Es geht uns um die Sicherheit Ihres Kindes, die uns Lehrern wichtig ist. Mit Ihren p\u00fcnktlichen Krankmeldungen helfen Sie den Fall zu vermeiden, dass Ihr Kind das Haus verlassen hat, aber in der Schule nicht angekommen ist. Denn nur durch gemeinsame Absprachen k\u00f6nnen wir etwas zur Sicherheit Ihres Kindes beitragen.<\/p>\n<p style=\"margin-bottom: .0001pt\">Helfen Sie bitte mit!<\/p>\n<p>Ist Ihr Kind wieder gesund und haben Sie es nicht per Email abgemeldet, geben Sie bitte eine schriftliche von Ihnen unterschriebene Entschuldigung mit. Einen <a href=\"http:\/\/wordpress.nibis.de\/gsbadnenndorf\/files\/2018\/05\/Krankmeldung-Entschuldigung.pdf\" target=\"_blank\" rel=\"noopener noreferrer\">Vordruck<\/a> finden Sie auch auf der\u00a0 Downloadseite. Sollten wir ein Attest ben\u00f6tigen, werden Sie dar\u00fcber informiert.<\/p>\n<p>Eine Abmeldung per Email wird auch ben\u00f6tigt, wenn Ihr Kind einzelne Stunden vers\u00e4umt.<\/p>\n<p>Sollte Ihr Kind im Laufe des Schultages erkranken, werden Sie von uns verst\u00e4ndigt und gebeten, das Kind abzuholen.<\/p>\n<h4><a id=\"Laeuse\"><\/a>L\u00e4use<\/h4>\n<p>L\u00e4usebefall hat nichts mit mangelnder Hygiene zu tun!<\/p>\n<p>Sollten Sie einen Befall Ihres Kindes bemerken, informieren Sie bitte Ihre Klassenlehrerin oder Ihren Klassenlehrer.<\/p>\n<p>Weitere Informationen erhalten Sie <a href=\"http:\/\/wordpress.nibis.de\/gsbadnenndorf\/files\/2018\/05\/L\u00e4use.pdf\" target=\"_blank\" rel=\"noopener noreferrer\">hier<\/a>.<\/p>\n<h4><a id=\"Mensa\"><\/a>Mensa<\/h4>\n<p>Ganztagssch\u00fcler(innen) k\u00f6nnen in der Mensa ein warmes Mittagessen erhalten. Daf\u00fcr ist eine Registrierung bei dem <a href=\"https:\/\/www.menuebestellung.de\/erstesahne\/login\" target=\"_blank\" rel=\"noopener\">Caterer &#8222;Erste Sahne&#8220;<\/a> notwendig.<\/p>\n<p>Es steht jeder Sch\u00fclerin und jedem Sch\u00fcler frei, eigenes Essen f\u00fcr die Mittagspause mitzubringen. Getr\u00e4nke werden nicht vom Caterer oder der Schule angeboten und m\u00fcssen mitgebracht werden.<\/p>\n<h4><a id=\"Schulausfall\"><\/a>Schulausfall<\/h4>\n<p>Bei Glatteis bzw. Hitzefrei w\u00e4hrend der Schulzeit haben Sie die M\u00f6glichkeit zu entscheiden, ob Ihr Kind nach Hause gehen darf oder in der Schule betreut werden soll. Zu Beginn des Schuljahres k\u00f6nnen Sie Ihre Entscheidung in das Hausaufgabenheft eintragen oder das <a href=\"https:\/\/wordpress.nibis.de\/gsbadnenndorf\/files\/2019\/08\/Hitzefrei-Glatteis-Fotos-2019.pdf\" target=\"_blank\" rel=\"noopener noreferrer\">Formular<\/a> unterschreiben.<\/p>\n<p>Der Landkreis Schaumburg informiert \u00fcber Schulausf\u00e4lle bei extremer Witterung oder sonstigen Vorkommnissen auf seiner Internetseite. Weitere Informationen hierzu finden Sie <a href=\"https:\/\/www.schaumburg.de\/schulausfaelle\/\" target=\"_blank\" rel=\"noopener noreferrer\">hier<\/a>.<\/p>\n<h4><a id=\"Schulbus\"><\/a>Schulbus<\/h4>\n<p>Die Busfahrpl\u00e4ne liegen der Schule vor. Sie k\u00f6nnen die Fahrpl\u00e4ne \u00fcber die\u00a0 Website der <a href=\"http:\/\/www.svg-schaumburg.de\" target=\"_blank\" rel=\"noopener noreferrer\">Schaumburger Verkehrsgesellschaft (SVG)<\/a> in Erfahrung bringen.<\/p>\n<p>Bei Verlust des Sch\u00fclerjahresticket, k\u00f6nnen Sie <a href=\"https:\/\/www.shgmobil.de\/tickets\/ersatz-schuljahresticket\/\" target=\"_blank\" rel=\"noopener\">hier<\/a> eine neues Ticket beantragen.<\/p>\n<h4><a id=\"Schulhof\"><\/a>Schulhof<\/h4>\n<p>Der Schulhof hat nach seiner Fertigstellung im Fr\u00fchjahr 2017 viele Spielm\u00f6glichkeiten f\u00fcr die Sch\u00fclerinnen und Sch\u00fcler.<\/p>\n<p>Damit alle Sch\u00fclerinnen und Sch\u00fcler Spa\u00df haben k\u00f6nnen, wird mit den Kindern und deren Eltern ein &#8222;<a href=\"https:\/\/wordpress.nibis.de\/gsbadnenndorf\/files\/2025\/05\/Pausenvertrag.pdf\" target=\"_blank\" rel=\"noopener\">Pausenvertrag<\/a>&#8220;\u00a0geschlossen.<\/p>\n<p><span style=\"text-decoration: underline\">Bitte beachten:<\/span> Fahrradfahren ist auf dem Schulhof nicht erlaubt. Das Fahrrad muss geschoben werden.<\/p>\n<h4><a id=\"Buecherei\"><\/a>Sch\u00fclerb\u00fccherei<\/h4>\n<p>Die Schule hat eine eigene B\u00fccherei f\u00fcr die Sch\u00fclerinnen und Sch\u00fcler. Dort befinden sich B\u00fccher f\u00fcr unterschiedliche Lesestufen und Sachb\u00fccher zu verschiedenen Themen (z. B. Tiere, Technik, Geschichte und vieles mehr.)<\/p>\n<p>Die Sch\u00fclerb\u00fccherei hat t\u00e4glich von 9:35 Uhr bis 9:55 Uhr (1. gro\u00dfe Pause) ge\u00f6ffnet.<\/p>\n<p>F\u00fcr die Ausleihe ben\u00f6tigen die Sch\u00fclerinnen und Sch\u00fcler einen B\u00fccherei-Ausweis. Um einen Ausweis zu erhalten, m\u00fcssen die Sch\u00fclerin\/der Sch\u00fcler und die Eltern die <a href=\"http:\/\/wordpress.nibis.de\/gsbadnenndorf\/files\/2018\/06\/Nutzungsordnung-der-Sch\u00fclerb\u00fccherei-20180225.pdf\" target=\"_blank\" rel=\"noopener noreferrer\">Nutzungsordnung der Sch\u00fclerb\u00fccherei<\/a> unterschreiben und in der B\u00fccherei bzw. bei der Klassenlehrkraft abgeben.<\/p>\n<h4><a id=\"Sichere Basis\"><\/a>Sichere Basis<\/h4>\n<p>Um den Sch\u00fclerinnen und Sch\u00fclern in der Grundschule eine sichere Grundlage f\u00fcr ihr weiteres Lernen zu erm\u00f6glichen, wird der Bereich der basalen sprachlichen und mathematischen Kompetenzen ab dem Schuljahr 2024\/2025 st\u00e4rker fokussiert. In diesem Zusammenhang gelten folgende Schwerpunktsetzungen:<\/p>\n<ul>\n<li>St\u00e4rkung der basalen sprachlichen und mathematischen Kompetenzen im t\u00e4glichen Unterricht in den Schuljahrg\u00e4ngen 1-4<\/li>\n<li>Vorbereitung des Erwerbs der basalen sprachlichen und mathematischen Kompetenzen im 1. Schuljahrgang (Vorl\u00e4uferf\u00e4higkeiten)<\/li>\n<li>T\u00e4gliche \u00dcbungen zur Lese- und Schreibfl\u00fcssigkeit ab dem 2. Schuljahrgang<\/li>\n<\/ul>\n<p>Die F\u00f6rderung der basalen sprachlichen und mathematischen Kompetenzen erfolgt sowohl unterrichtsintegriert in m\u00f6glichst vielen F\u00e4chern als auch in der Lernzeit \u201eSichere Basis\u201c (im 1. und 2. Schuljahrgang). Der Erwerb von basalen Kompetenzen im sozial-emotionalen Bereich ist Gegenstand aller F\u00e4cher.<\/p>\n<p>Bei der Lernzeit<strong> \u201eSichere Basis\u201c<\/strong> handelt es sich weder um ein neues Fach noch um neue Unterrichtsinhalte. Vielmehr sollen die f\u00fcr den weiteren Bildungsweg wichtigsten Grundlagen in der Schule eine neue Akzentuierung erfahren. Dabei k\u00f6nnen auch neue Methoden zum Einsatz kommen, die den Erwerb ebendieser Kompetenzen gewinnbringend unterst\u00fctzen.Im o. g. Zusammenhang wird beginnend mit dem Schuljahr 2024\/2025 die Gesamtstundenzahl in der Stundentafel der Grundschule \u00fcber einen Zeitraum von drei Schuljahren um insgesamt drei Stunden sukzessive erh\u00f6ht:<\/p>\n<ul>\n<li>Ab dem Schuljahr 2024\/2025: eine Stunde im 1. Schuljahrgang<\/li>\n<li>Ab dem Schuljahr 2025\/2026 zus\u00e4tzlich eine Stunde im 2. Schuljahrgang<\/li>\n<li>Ab dem Schuljahr 2026\/2027 zus\u00e4tzlich eine weitere Stunde im 1. Schuljahrgang<\/li>\n<\/ul>\n<h4><a id=\"Sport\"><\/a>Sport<\/h4>\n<p>Die Kinder ben\u00f6tigen f\u00fcr den Sportunterricht funktionelle Kleidung, die weder Tr\u00e4ger noch andere behindert oder gef\u00e4hrdet.<\/p>\n<p>In s\u00e4mtlichen Sporthallen, die von der Schule genutzt werden, d\u00fcrfen nur Hallensportschuhe (keine Nutzung als Stra\u00dfenschuhe und sie d\u00fcrfen keine Streifen hinterlassen) benutzt werden.<\/p>\n<p>Bei Langhaarfrisuren sind Haarb\u00e4nder erforderlich. Das betrifft den Sport- und Schwimmunterricht.<\/p>\n<p>W\u00e4hrend des Sport- und Schwimmunterricht darf kein Schmuck (Ketten, Armb\u00e4nder, Ringe, Ohrringe (eventuell mit Pflaster abkleben) getragen werden.<\/p>\n<p>Auch wenn Ihr Kind vom Sportunterricht durch ein Attest befreit ist, besteht Schulpflicht (Anwesenheitspflicht).<\/p>\n<p><em><span style=\"text-decoration: underline\">Schwimmunterricht:<\/span><\/em><\/p>\n<p>Vor dem Schwimmunterricht duschen alle Kinder mit Duschsachen, um sich zu reinigen (Hygiene!).<\/p>\n<p>Der Schwimmunterricht wird rechtzeitig beendet, um den Sch\u00fclerinnen und Sch\u00fclern die M\u00f6glichkeit des Abduschen und Haare f\u00f6hnen zu geben.<\/p>\n<h4><a id=\"Stundenzeiten\"><\/a>Stundenzeiten<\/h4>\n<p>Die Unterrichtszeiten w\u00e4hrend der Schulzeit sind wie folgt:<\/p>\n<p>07.30 &#8211; 07.55 Uhr\u00a0 Fr\u00fchbetreuung (nur nach Anmeldung)<br \/>\n07.45 &#8211; 07.55 Uhr\u00a0 offene Eingangsphase<br \/>\n07.55 &#8211; 08.40 Uhr\u00a0 1. Stunde<br \/>\n08.40 &#8211; 09.25 Uhr\u00a0 2. Stunde<br \/>\n09.25 &#8211; 09.35 Uhr\u00a0 Fr\u00fchst\u00fcckspause<br \/>\n09.35 &#8211; 09.55 Uhr\u00a0 1. gro\u00dfe Pause<br \/>\n09.55 &#8211; 10.40 Uhr\u00a0 3. Stunde<br \/>\n10.45 &#8211; 11.30 Uhr\u00a0 4. Stunde<br \/>\n11.30 &#8211; 11.45 Uhr\u00a0 2. gro\u00dfe Pause<br \/>\n11.45 &#8211; 12.30 Uhr\u00a0 Betreuung (1.\/2. Klassen nur nach Anmeldung) oder 5. Stunde<br \/>\n12.30 &#8211; 13.15 Uhr\u00a0 6. Stunde oder Ganztagsschule (nur nach Anmeldung)<br \/>\n13.15 &#8211; 14.45 Uhr\u00a0 Ganztagsschule (nur nach Anmeldung)<br \/>\n14:45 &#8211; 16:30 Uhr\u00a0 Anschlussbetreuung durch die Gemeinde (nur nach Anmeldung)<\/p>\n<h4><a id=\"Telefon\"><\/a>Telefonnummern<\/h4>\n<p>Wir bitten um Verst\u00e4ndnis, dass das Sekretariat aus Gr\u00fcnden des Datenschutzes keine privaten Telefonnummern von Lehrkr\u00e4ften und Eltern herausgeben darf. Sollten Sie ein Gespr\u00e4ch mit einer Lehrkraft w\u00fcnschen, melden Sie sich bitte im Sekretariat. Die Lehrkraft wird informiert und meldet sich bei Ihnen. Wenn eine Lehrerin \/ ein Lehrer Ihnen seine Telefonnummer mitgeteilt hat, d\u00fcrfen Sie diese selbstverst\u00e4ndlich auch benutzen. Bitte bedenken Sie aber, dass auch Lehrkr\u00e4fte Freizeit ben\u00f6tigen und rufen sie nicht nach 20:00 Uhr oder am Wochenende an.<\/p>\n<h4><a id=\"Termine\"><\/a>Termine<\/h4>\n<p>Die Schule f\u00fchrt und aktualisiert einen <a href=\"http:\/\/wordpress.nibis.de\/gsbadnenndorf\/termine\/\">Terminkalender<\/a>.<\/p>\n<h4><a id=\"Waffen\"><\/a>Waffenerlass<\/h4>\n<p>Die Sch\u00fclerinnen und Sch\u00fcler d\u00fcrfen keine Stich-, Hieb- und Sto\u00dfwaffen, Schusswaffen und Feuerwerksk\u00f6rper mit in die Schule bringen.<\/p>\n<p>Bitte lesen Sie die Information f\u00fcr Erziehungsberechtigte zum <a href=\"https:\/\/wordpress.nibis.de\/gsbadnenndorf\/files\/2025\/04\/36_RdErl_Waffenerlass_Nds_MBl_Verff.pdf\" target=\"_blank\" rel=\"noopener\">Waffenerlass<\/a>.<\/p>\n","protected":false},"excerpt":{"rendered":"<p>Informationen rund um die Schule Inhalt An- und Abfahrt Betreuung Elternabend Erlasse und Verordnungen Fehlzeiten Ferien Ganztagsschule Hausaufgabenheft Infektionsschutz Konflikte in der Schule Krankheit L\u00e4use Mensa Schulausfall Schulbus Schulhof Sch\u00fclerb\u00fccherei Sichere Basis Sport Stundenzeiten Telefonnummern Termine Waffenerlass &nbsp; An- und Abfahrt Wichtige Informationen zur An- und Abfahrt haben wir in einem Infoblatt f\u00fcr Sie zusammengestellt. [&hellip;]<\/p>\n","protected":false},"author":9192571,"featured_media":0,"parent":0,"menu_order":0,"comment_status":"closed","ping_status":"closed","template":"","meta":{"footnotes":""},"class_list":["post-84","page","type-page","status-publish","hentry"],"_links":{"self":[{"href":"https:\/\/wordpress.nibis.de\/gsbadnenndorf\/wp-json\/wp\/v2\/pages\/84","targetHints":{"allow":["GET"]}}],"collection":[{"href":"https:\/\/wordpress.nibis.de\/gsbadnenndorf\/wp-json\/wp\/v2\/pages"}],"about":[{"href":"https:\/\/wordpress.nibis.de\/gsbadnenndorf\/wp-json\/wp\/v2\/types\/page"}],"author":[{"embeddable":true,"href":"https:\/\/wordpress.nibis.de\/gsbadnenndorf\/wp-json\/wp\/v2\/users\/9192571"}],"replies":[{"embeddable":true,"href":"https:\/\/wordpress.nibis.de\/gsbadnenndorf\/wp-json\/wp\/v2\/comments?post=84"}],"version-history":[{"count":109,"href":"https:\/\/wordpress.nibis.de\/gsbadnenndorf\/wp-json\/wp\/v2\/pages\/84\/revisions"}],"predecessor-version":[{"id":2316,"href":"https:\/\/wordpress.nibis.de\/gsbadnenndorf\/wp-json\/wp\/v2\/pages\/84\/revisions\/2316"}],"wp:attachment":[{"href":"https:\/\/wordpress.nibis.de\/gsbadnenndorf\/wp-json\/wp\/v2\/media?parent=84"}],"curies":[{"name":"wp","href":"https:\/\/api.w.org\/{rel}","templated":true}]}}