{"id":231,"date":"2017-11-01T09:34:49","date_gmt":"2017-11-01T08:34:49","guid":{"rendered":"http:\/\/wordpress.nibis.de\/gsbarrien\/?page_id=231"},"modified":"2019-12-05T06:08:54","modified_gmt":"2019-12-05T05:08:54","slug":"kontakt","status":"publish","type":"page","link":"https:\/\/wordpress.nibis.de\/gsbarrien\/kontakt\/","title":{"rendered":"Impressum"},"content":{"rendered":"<p style=\"text-align: justify\"><span style=\"font-family: arial, helvetica, sans-serif;font-size: 10pt\">Land Niedersachsen (Dienstanbieter im Sinne des Telemediengesetzes)<\/span><\/p>\n<p style=\"text-align: justify\"><span style=\"font-family: arial, helvetica, sans-serif;font-size: 10pt\">Das Land Niedersachsen ist eine juristische Person des \u00f6ffentlichen Rechts vertreten durch die Schulleitung:<\/span><\/p>\n<p style=\"text-align: justify\"><span style=\"font-family: arial, helvetica, sans-serif;font-size: 10pt\">B. Scheer, Schulleiter<\/span><br \/>\n<span style=\"font-family: arial, helvetica, sans-serif;font-size: 10pt\">H. Rosenko, stellvertretende Schulleiterin<\/span><\/p>\n<p style=\"text-align: justify\"><span style=\"font-family: arial, helvetica, sans-serif;font-size: 10pt\">Grundschule an der Wasserm\u00fchle<\/span><br \/>\n<span style=\"font-family: arial, helvetica, sans-serif;font-size: 10pt\">An der\u00a0Wasserm\u00fchle\u00a01<\/span><br \/>\n<span style=\"font-family: arial, helvetica, sans-serif;font-size: 10pt\">28857\u00a0Syke -Barrien<\/span><\/p>\n<p style=\"text-align: justify\"><span style=\"font-family: arial, helvetica, sans-serif;font-size: 10pt\">Tel.: 04242\u00a0\/\u00a080835\u00a0 \u00a0 \u00a0 \u00a0Email:\u00a0&#103;&#115;&#46;&#98;&#x61;&#x72;&#x72;&#x69;&#x65;n&#64;&#115;&#121;&#107;&#101;&#x2e;&#x64;&#x65;<\/span><\/p>\n<p style=\"text-align: justify\"><span style=\"font-family: arial, helvetica, sans-serif;font-size: 10pt\">Schulische Datenschutzbeauftragte: &#x64;&#x61;&#x74;&#x65;&#110;&#115;&#99;&#104;utz&#x40;&#x67;&#x73;&#x62;&#x61;&#114;&#114;&#105;en&#46;&#x64;&#x65;<\/span><\/p>\n<p style=\"text-align: justify\"><span style=\"font-family: arial, helvetica, sans-serif;font-size: 10pt\">Verantwortlicher f\u00fcr redaktionell-journalistische Angebote i. S. d. \u00a755 Abs. 2 Rundfunkstaatsvertrag<\/span><\/p>\n<p style=\"text-align: justify\"><span style=\"font-family: arial, helvetica, sans-serif;font-size: 10pt\">Bj\u00f6rn Scheer<\/span><\/p>\n<p style=\"text-align: justify\"><span style=\"font-family: arial, helvetica, sans-serif;font-size: 10pt\">Grundschule an der Wasserm\u00fchle<\/span><br \/>\n<span style=\"font-family: arial, helvetica, sans-serif;font-size: 10pt\">An der\u00a0Wasserm\u00fchle\u00a01<\/span><br \/>\n<span style=\"font-family: arial, helvetica, sans-serif;font-size: 10pt\">28857 Syke -Barrien<\/span><br \/>\n<span style=\"font-family: arial, helvetica, sans-serif;font-size: 10pt\">Tel.: 04242\/80835<\/span><\/p>\n<p style=\"text-align: justify\"><span style=\"font-family: arial, helvetica, sans-serif;font-size: 10pt\">Disclaimer<\/span><\/p>\n<p style=\"text-align: justify\"><span style=\"font-family: arial, helvetica, sans-serif;font-size: 10pt\">Diese Webseite beinhaltet externe Links. Deren Inhalte entziehen sich unserer Einflussnahme, sodass eine Gew\u00e4hr f\u00fcr solche Inhalte von uns nicht \u00fcbernommen werden kann.<\/span><\/p>\n<p style=\"text-align: justify\"><span style=\"font-family: arial, helvetica, sans-serif;font-size: 10pt\">Die Verantwortung liegt stets beim jeweiligen Betreiber der externen Seiten. Zum Zeitpunkt der Verkn\u00fcpfung der externen Links waren keine Rechtsverst\u00f6\u00dfe ersichtlich. Die permanente \u00dcberwachung fremder Inhalte auf Rechtsverst\u00f6\u00dfe ohne konkrete Hinweise ist uns nicht zumutbar.<\/span><\/p>\n<p style=\"text-align: justify\"><span style=\"font-family: arial, helvetica, sans-serif;font-size: 10pt\">Sollten wir Kenntnis von Rechtsverletzungen erlangen, werden wir die entsprechenden externen Links unverz\u00fcglich entfernen.<\/span><\/p>\n","protected":false},"excerpt":{"rendered":"<p>Land Niedersachsen (Dienstanbieter im Sinne des Telemediengesetzes) Das Land Niedersachsen ist eine juristische Person des \u00f6ffentlichen Rechts vertreten durch die Schulleitung: B. Scheer, Schulleiter H. Rosenko, stellvertretende Schulleiterin Grundschule an der Wasserm\u00fchle An der\u00a0Wasserm\u00fchle\u00a01 28857\u00a0Syke -Barrien Tel.: 04242\u00a0\/\u00a080835\u00a0 \u00a0 \u00a0 &hellip; <a href=\"https:\/\/wordpress.nibis.de\/gsbarrien\/kontakt\/\">Weiterlesen <span class=\"meta-nav\">&rarr;<\/span><\/a><\/p>\n","protected":false},"author":1442,"featured_media":0,"parent":0,"menu_order":0,"comment_status":"closed","ping_status":"closed","template":"","meta":{"footnotes":""},"class_list":["post-231","page","type-page","status-publish","hentry"],"_links":{"self":[{"href":"https:\/\/wordpress.nibis.de\/gsbarrien\/wp-json\/wp\/v2\/pages\/231","targetHints":{"allow":["GET"]}}],"collection":[{"href":"https:\/\/wordpress.nibis.de\/gsbarrien\/wp-json\/wp\/v2\/pages"}],"about":[{"href":"https:\/\/wordpress.nibis.de\/gsbarrien\/wp-json\/wp\/v2\/types\/page"}],"author":[{"embeddable":true,"href":"https:\/\/wordpress.nibis.de\/gsbarrien\/wp-json\/wp\/v2\/users\/1442"}],"replies":[{"embeddable":true,"href":"https:\/\/wordpress.nibis.de\/gsbarrien\/wp-json\/wp\/v2\/comments?post=231"}],"version-history":[{"count":14,"href":"https:\/\/wordpress.nibis.de\/gsbarrien\/wp-json\/wp\/v2\/pages\/231\/revisions"}],"predecessor-version":[{"id":565,"href":"https:\/\/wordpress.nibis.de\/gsbarrien\/wp-json\/wp\/v2\/pages\/231\/revisions\/565"}],"wp:attachment":[{"href":"https:\/\/wordpress.nibis.de\/gsbarrien\/wp-json\/wp\/v2\/media?parent=231"}],"curies":[{"name":"wp","href":"https:\/\/api.w.org\/{rel}","templated":true}]}}