{"id":33,"date":"2017-05-24T12:25:17","date_gmt":"2017-05-24T10:25:17","guid":{"rendered":"http:\/\/wordpress.nibis.de\/gsbarrien\/?page_id=33"},"modified":"2018-07-25T08:59:32","modified_gmt":"2018-07-25T06:59:32","slug":"foerderverein","status":"publish","type":"page","link":"https:\/\/wordpress.nibis.de\/gsbarrien\/foerderverein\/","title":{"rendered":"Verein Lebendige Schule &#8211; Grundschule e. V."},"content":{"rendered":"<p><a href=\"http:\/\/www.lebendige-schule.de\"><span style=\"font-family: arial, helvetica, sans-serif;font-size: 14pt\"><strong><img loading=\"lazy\" decoding=\"async\" class=\"wp-image-369 alignleft\" src=\"http:\/\/wordpress.nibis.de\/gsbarrien\/files\/2018\/07\/Lebendigen-Schule.jpg\" alt=\"\" width=\"226\" height=\"152\" \/><\/strong><\/span><\/a><\/p>\n<p>&nbsp;<\/p>\n<p>&nbsp;<\/p>\n<p>&nbsp;<\/p>\n<p>&nbsp;<\/p>\n<p style=\"text-align: justify\"><span style=\"font-size: 12pt;font-family: arial, helvetica, sans-serif\">An unserer Schule gibt es einen sehr aktiven F\u00f6rderverein. Er unterst\u00fctzt und organisiert schulische Aktivit\u00e4ten. Jeder kann dort mitarbeiten, es gibt keinen festen Mitgliedsbeitrag. Es finden regelm\u00e4\u00dfige Treffen statt.<\/span><\/p>\n<p style=\"text-align: justify\"><span style=\"font-family: arial, helvetica, sans-serif;font-size: 12pt\">Langj\u00e4hrig durchgef\u00fchrt werden unterst\u00fctzende Aktivit\u00e4ten bei Sportveranstaltungen und das Schnippeln von Obst und Gem\u00fcse am sogenannten \u201eApfeltag\u201c (immer donnerstags).<\/span><\/p>\n<p style=\"text-align: justify\"><span style=\"font-size: 12pt;font-family: arial, helvetica, sans-serif\">Auf den ersten Elternabenden der Schulanf\u00e4nger stellt sich der F\u00f6rderverein vor. Informationen \u00fcber Ansprechpartner im F\u00f6rderverein erhalten Sie auf der Website unter <a href=\"http:\/\/www.lebendige-schule.de\">www.lebendige-schule.de<\/a> oder im Sekretariat.<\/span><\/p>\n","protected":false},"excerpt":{"rendered":"<p>&nbsp; &nbsp; &nbsp; &nbsp; An unserer Schule gibt es einen sehr aktiven F\u00f6rderverein. Er unterst\u00fctzt und organisiert schulische Aktivit\u00e4ten. Jeder kann dort mitarbeiten, es gibt keinen festen Mitgliedsbeitrag. Es finden regelm\u00e4\u00dfige Treffen statt. Langj\u00e4hrig durchgef\u00fchrt werden unterst\u00fctzende Aktivit\u00e4ten bei Sportveranstaltungen &hellip; <a href=\"https:\/\/wordpress.nibis.de\/gsbarrien\/foerderverein\/\">Weiterlesen <span class=\"meta-nav\">&rarr;<\/span><\/a><\/p>\n","protected":false},"author":1403,"featured_media":0,"parent":0,"menu_order":0,"comment_status":"closed","ping_status":"closed","template":"","meta":{"footnotes":""},"class_list":["post-33","page","type-page","status-publish","hentry"],"_links":{"self":[{"href":"https:\/\/wordpress.nibis.de\/gsbarrien\/wp-json\/wp\/v2\/pages\/33","targetHints":{"allow":["GET"]}}],"collection":[{"href":"https:\/\/wordpress.nibis.de\/gsbarrien\/wp-json\/wp\/v2\/pages"}],"about":[{"href":"https:\/\/wordpress.nibis.de\/gsbarrien\/wp-json\/wp\/v2\/types\/page"}],"author":[{"embeddable":true,"href":"https:\/\/wordpress.nibis.de\/gsbarrien\/wp-json\/wp\/v2\/users\/1403"}],"replies":[{"embeddable":true,"href":"https:\/\/wordpress.nibis.de\/gsbarrien\/wp-json\/wp\/v2\/comments?post=33"}],"version-history":[{"count":6,"href":"https:\/\/wordpress.nibis.de\/gsbarrien\/wp-json\/wp\/v2\/pages\/33\/revisions"}],"predecessor-version":[{"id":376,"href":"https:\/\/wordpress.nibis.de\/gsbarrien\/wp-json\/wp\/v2\/pages\/33\/revisions\/376"}],"wp:attachment":[{"href":"https:\/\/wordpress.nibis.de\/gsbarrien\/wp-json\/wp\/v2\/media?parent=33"}],"curies":[{"name":"wp","href":"https:\/\/api.w.org\/{rel}","templated":true}]}}