{"id":193,"date":"2022-01-25T16:27:56","date_gmt":"2022-01-25T15:27:56","guid":{"rendered":"https:\/\/wordpress.nibis.de\/gsbeesten\/?page_id=193"},"modified":"2022-03-23T16:57:42","modified_gmt":"2022-03-23T15:57:42","slug":"schulgeschichte","status":"publish","type":"page","link":"https:\/\/wordpress.nibis.de\/gsbeesten\/schulgeschichte\/","title":{"rendered":"Schulgeschichte"},"content":{"rendered":"\n<p>Im Folgenden finden Sie einen Abriss der Beestener Schulgeschichte, der uns dankenswerterweise von Frank Makowski (2016) zur Verf\u00fcgung gestellt wurde. <\/p>\n\n\n\n<blockquote class=\"wp-block-quote is-layout-flow wp-block-quote-is-layout-flow\"><p>Mein besonderer Dank gilt Otto Teipen, der mir die entscheidenden Quellen, die am Ende dieses Artikels genannt werden, soweit notwendig, zur Verf\u00fcgung gestellt und mir dar\u00fcber hinaus im Gespr\u00e4ch wertvolle Hinweise gegeben hat. <\/p><cite>Frank Makowski (2016)<\/cite><\/blockquote>\n\n\n\n<ul class=\"wp-block-list\"><li>Ursprung der Schule vermutlich bereits vor <strong>1618<\/strong> (aus <em>Beesten in Bild und Text<\/em>, 1992, S.76)<\/li><li><strong>1820\/21<\/strong> Errichtung der sogenannten &#8222;alten Schule&#8220; auf dem heutigen Kirchplatz<\/li><li><strong>1905<\/strong> endg\u00fcltige Aufgabe des Geb\u00e4udes als Schule; bis zum Abbruch 1961 anderweitige Nutzung (z.B. als Lagerraum oder Versammlungslokal)<\/li><li><strong>1903<\/strong> Baubeginn der jetzigen Schule<\/li><li><strong>1905<\/strong> Bezug der Schule<\/li><li><strong>1961-1963<\/strong> Modernisierung der Schule und Erweiterungsbau an der Ostseite: der neue Schultrakt entsteht<\/li><li><strong>1969<\/strong> Bau der Turnhalle<\/li><li>seit <strong>1972<\/strong> fahren in Beesten Schulbusse<\/li><li><strong>1974<\/strong> die <em>Volksschule Beesten<\/em> ist &#8222;nur noch&#8220; Grundschule, die nun auch von Suttruper Kindern besucht wird <\/li><li>bis <strong>1980<\/strong> besuchen im Schnitt 200 Kinder die Schule; der H\u00f6chststand wird als <em>Volksschule<\/em> (mit 9 Klassenstufen) bis <strong>1974<\/strong> mit 320 Kindern bei 11 Lehrkr\u00e4ften erreicht<\/li><li>nachdem Rektor Josef Harlacher <strong>1982<\/strong> (seit <strong>1972<\/strong> an der Schule) in den Ruhestand getreten ist, \u00fcbernimmt J\u00fcrgen Brockhoff dieses Amt bis <strong>1987<\/strong><\/li><li><strong>1988 <\/strong>wird Heinrich Schulte Rektor (seit <strong>1976 <\/strong>Lehrer an der Schule)<\/li><li>zu Beginn des Schuljahres <strong>1991\/1992<\/strong> betr\u00e4gt die Sch\u00fclerzahl 115<\/li><li>im August <strong>2008<\/strong> wird die Schule &#8222;Verl\u00e4ssliche Grundschule&#8220; (VGS)<\/li><li>ab August <strong>2010<\/strong> ist die Grundschule Beesten zudem eine &#8222;Ganztagsschule&#8220; (GTS); im Vorfeld wurde im alten Schulgeb\u00e4ude eine Kleink\u00fcche eingebaut<\/li><li><strong>2012<\/strong> wird der Schulhof umgestaltet und der &#8222;Lauf-Kletter-H\u00fcgel&#8220; seiner Bestimmung \u00fcbergeben<\/li><li>nach der Pensionierung von Rektor Heinrich Schulte im Jahr <strong>2015<\/strong> \u00fcbernimmt Frau Marion G\u00f6ssling-Thiemeyer, die seit <strong>1993<\/strong> Lehrerin an der Grundschule Beesten ist, als erste Frau die Schulleitung in Beesten<\/li><\/ul>\n\n\n\n<p>Quellen: <\/p>\n\n\n\n<p>Gemeinde Beesten. <em>Beesten in Bild und Text 890-1990. Jubil\u00e4umsausgabe zur 1100-Jahr-Feier<\/em>, 1992.<\/p>\n\n\n\n<p>Bernhard Garmann. <em>Beesten in Vergangenheit und Gegenwart<\/em>, 1975.<\/p>\n\n\n\n<p>Otto Teipen (Heimatverein Beesten e.V.). <em>Schul-Chronik der Schule zu Beesten<\/em>, 1997.<\/p>\n\n\n\n<p>Josef Garmann. <em>Ein kleines Dorf in gro\u00dfer Vielfalt<\/em>, 2011.<\/p>\n\n\n\n<p><\/p>\n\n\n\n<h2 class=\"wp-block-heading\">Seit 2015 ist noch mehr passiert&#8230;<\/h2>\n\n\n\n<ul class=\"wp-block-list\"><li><strong>2018 <\/strong>Umzug des Schulleiterb\u00fcros, des Sekretariats und des Lehrerzimmers innerhalb des &#8222;alten&#8220; Schulteiles; Installation einer Rampe im Au\u00dfenbereich, f\u00fcr einen barrierefreien Zugang in die Schule; Installation eines barrierefreien WC; Installation des ersten SMART-Boards (siehe Fotos):<\/li><\/ul>\n\n\n\n<p><\/p>\n\n\n\n<div class=\"wp-block-group\"><div class=\"wp-block-group__inner-container is-layout-flow wp-block-group-is-layout-flow\">\n<figure class=\"wp-block-gallery aligncenter columns-3 is-cropped wp-block-gallery-1 is-layout-flex wp-block-gallery-is-layout-flex\"><ul class=\"blocks-gallery-grid\"><li class=\"blocks-gallery-item\"><figure><a href=\"https:\/\/wordpress.nibis.de\/gsbeesten\/files\/2022\/01\/20180627_120905-scaled.jpg\"><img loading=\"lazy\" decoding=\"async\" width=\"600\" height=\"800\" src=\"https:\/\/wordpress.nibis.de\/gsbeesten\/files\/2022\/01\/20180627_120905-600x800.jpg\" alt=\"\" data-id=\"195\" data-full-url=\"https:\/\/wordpress.nibis.de\/gsbeesten\/files\/2022\/01\/20180627_120905-scaled.jpg\" data-link=\"https:\/\/wordpress.nibis.de\/gsbeesten\/?attachment_id=195\" class=\"wp-image-195\" srcset=\"https:\/\/wordpress.nibis.de\/gsbeesten\/files\/2022\/01\/20180627_120905-600x800.jpg 600w, https:\/\/wordpress.nibis.de\/gsbeesten\/files\/2022\/01\/20180627_120905-225x300.jpg 225w, https:\/\/wordpress.nibis.de\/gsbeesten\/files\/2022\/01\/20180627_120905-768x1024.jpg 768w, https:\/\/wordpress.nibis.de\/gsbeesten\/files\/2022\/01\/20180627_120905-1152x1536.jpg 1152w, https:\/\/wordpress.nibis.de\/gsbeesten\/files\/2022\/01\/20180627_120905-1536x2048.jpg 1536w, https:\/\/wordpress.nibis.de\/gsbeesten\/files\/2022\/01\/20180627_120905-203x270.jpg 203w, https:\/\/wordpress.nibis.de\/gsbeesten\/files\/2022\/01\/20180627_120905-scaled.jpg 1920w\" sizes=\"auto, (max-width: 600px) 100vw, 600px\" \/><\/a><figcaption class=\"blocks-gallery-item__caption\">altes Schulleiterb\u00fcro<\/figcaption><\/figure><\/li><li class=\"blocks-gallery-item\"><figure><a href=\"https:\/\/wordpress.nibis.de\/gsbeesten\/files\/2022\/01\/20180703_203911-scaled.jpg\"><img loading=\"lazy\" decoding=\"async\" width=\"800\" height=\"600\" src=\"https:\/\/wordpress.nibis.de\/gsbeesten\/files\/2022\/01\/20180703_203911-800x600.jpg\" alt=\"\" data-id=\"196\" data-full-url=\"https:\/\/wordpress.nibis.de\/gsbeesten\/files\/2022\/01\/20180703_203911-scaled.jpg\" data-link=\"https:\/\/wordpress.nibis.de\/gsbeesten\/?attachment_id=196\" class=\"wp-image-196\" srcset=\"https:\/\/wordpress.nibis.de\/gsbeesten\/files\/2022\/01\/20180703_203911-800x600.jpg 800w, https:\/\/wordpress.nibis.de\/gsbeesten\/files\/2022\/01\/20180703_203911-300x225.jpg 300w, https:\/\/wordpress.nibis.de\/gsbeesten\/files\/2022\/01\/20180703_203911-768x576.jpg 768w, https:\/\/wordpress.nibis.de\/gsbeesten\/files\/2022\/01\/20180703_203911-1536x1152.jpg 1536w, https:\/\/wordpress.nibis.de\/gsbeesten\/files\/2022\/01\/20180703_203911-2048x1536.jpg 2048w, https:\/\/wordpress.nibis.de\/gsbeesten\/files\/2022\/01\/20180703_203911-360x270.jpg 360w\" sizes=\"auto, (max-width: 800px) 100vw, 800px\" \/><\/a><figcaption class=\"blocks-gallery-item__caption\">Installation der Rampe (Ostseite)<\/figcaption><\/figure><\/li><li class=\"blocks-gallery-item\"><figure><a href=\"https:\/\/wordpress.nibis.de\/gsbeesten\/files\/2022\/01\/20180703_203915-scaled.jpg\"><img loading=\"lazy\" decoding=\"async\" width=\"800\" height=\"600\" src=\"https:\/\/wordpress.nibis.de\/gsbeesten\/files\/2022\/01\/20180703_203915-800x600.jpg\" alt=\"\" data-id=\"197\" data-full-url=\"https:\/\/wordpress.nibis.de\/gsbeesten\/files\/2022\/01\/20180703_203915-scaled.jpg\" data-link=\"https:\/\/wordpress.nibis.de\/gsbeesten\/?attachment_id=197\" class=\"wp-image-197\" srcset=\"https:\/\/wordpress.nibis.de\/gsbeesten\/files\/2022\/01\/20180703_203915-800x600.jpg 800w, https:\/\/wordpress.nibis.de\/gsbeesten\/files\/2022\/01\/20180703_203915-300x225.jpg 300w, https:\/\/wordpress.nibis.de\/gsbeesten\/files\/2022\/01\/20180703_203915-768x576.jpg 768w, https:\/\/wordpress.nibis.de\/gsbeesten\/files\/2022\/01\/20180703_203915-1536x1152.jpg 1536w, https:\/\/wordpress.nibis.de\/gsbeesten\/files\/2022\/01\/20180703_203915-2048x1536.jpg 2048w, https:\/\/wordpress.nibis.de\/gsbeesten\/files\/2022\/01\/20180703_203915-360x270.jpg 360w\" sizes=\"auto, (max-width: 800px) 100vw, 800px\" \/><\/a><figcaption class=\"blocks-gallery-item__caption\">neuer Zugang (Westseite)<\/figcaption><\/figure><\/li><li class=\"blocks-gallery-item\"><figure><a href=\"https:\/\/wordpress.nibis.de\/gsbeesten\/files\/2022\/01\/20180703_204001-scaled.jpg\"><img loading=\"lazy\" decoding=\"async\" width=\"600\" height=\"800\" src=\"https:\/\/wordpress.nibis.de\/gsbeesten\/files\/2022\/01\/20180703_204001-600x800.jpg\" alt=\"\" data-id=\"198\" data-full-url=\"https:\/\/wordpress.nibis.de\/gsbeesten\/files\/2022\/01\/20180703_204001-scaled.jpg\" data-link=\"https:\/\/wordpress.nibis.de\/gsbeesten\/?attachment_id=198\" class=\"wp-image-198\" srcset=\"https:\/\/wordpress.nibis.de\/gsbeesten\/files\/2022\/01\/20180703_204001-600x800.jpg 600w, https:\/\/wordpress.nibis.de\/gsbeesten\/files\/2022\/01\/20180703_204001-225x300.jpg 225w, https:\/\/wordpress.nibis.de\/gsbeesten\/files\/2022\/01\/20180703_204001-768x1024.jpg 768w, https:\/\/wordpress.nibis.de\/gsbeesten\/files\/2022\/01\/20180703_204001-1152x1536.jpg 1152w, https:\/\/wordpress.nibis.de\/gsbeesten\/files\/2022\/01\/20180703_204001-1536x2048.jpg 1536w, https:\/\/wordpress.nibis.de\/gsbeesten\/files\/2022\/01\/20180703_204001-203x270.jpg 203w, https:\/\/wordpress.nibis.de\/gsbeesten\/files\/2022\/01\/20180703_204001-scaled.jpg 1920w\" sizes=\"auto, (max-width: 600px) 100vw, 600px\" \/><\/a><figcaption class=\"blocks-gallery-item__caption\">altes Schulleiterb\u00fcro und neues barrierefreies WC im Rohbau<\/figcaption><\/figure><\/li><li class=\"blocks-gallery-item\"><figure><a href=\"https:\/\/wordpress.nibis.de\/gsbeesten\/files\/2022\/01\/20180703_204023-scaled.jpg\"><img loading=\"lazy\" decoding=\"async\" width=\"600\" height=\"800\" src=\"https:\/\/wordpress.nibis.de\/gsbeesten\/files\/2022\/01\/20180703_204023-600x800.jpg\" alt=\"\" data-id=\"199\" data-full-url=\"https:\/\/wordpress.nibis.de\/gsbeesten\/files\/2022\/01\/20180703_204023-scaled.jpg\" data-link=\"https:\/\/wordpress.nibis.de\/gsbeesten\/?attachment_id=199\" class=\"wp-image-199\" srcset=\"https:\/\/wordpress.nibis.de\/gsbeesten\/files\/2022\/01\/20180703_204023-600x800.jpg 600w, https:\/\/wordpress.nibis.de\/gsbeesten\/files\/2022\/01\/20180703_204023-225x300.jpg 225w, https:\/\/wordpress.nibis.de\/gsbeesten\/files\/2022\/01\/20180703_204023-768x1024.jpg 768w, https:\/\/wordpress.nibis.de\/gsbeesten\/files\/2022\/01\/20180703_204023-1152x1536.jpg 1152w, https:\/\/wordpress.nibis.de\/gsbeesten\/files\/2022\/01\/20180703_204023-1536x2048.jpg 1536w, https:\/\/wordpress.nibis.de\/gsbeesten\/files\/2022\/01\/20180703_204023-203x270.jpg 203w, https:\/\/wordpress.nibis.de\/gsbeesten\/files\/2022\/01\/20180703_204023-scaled.jpg 1920w\" sizes=\"auto, (max-width: 600px) 100vw, 600px\" \/><\/a><figcaption class=\"blocks-gallery-item__caption\">neues Lehrerzimmer im Rohbau<\/figcaption><\/figure><\/li><li class=\"blocks-gallery-item\"><figure><a href=\"https:\/\/wordpress.nibis.de\/gsbeesten\/files\/2022\/01\/20180703_204257-scaled.jpg\"><img loading=\"lazy\" decoding=\"async\" width=\"600\" height=\"800\" src=\"https:\/\/wordpress.nibis.de\/gsbeesten\/files\/2022\/01\/20180703_204257-600x800.jpg\" alt=\"\" data-id=\"201\" data-full-url=\"https:\/\/wordpress.nibis.de\/gsbeesten\/files\/2022\/01\/20180703_204257-scaled.jpg\" data-link=\"https:\/\/wordpress.nibis.de\/gsbeesten\/?attachment_id=201\" class=\"wp-image-201\" srcset=\"https:\/\/wordpress.nibis.de\/gsbeesten\/files\/2022\/01\/20180703_204257-600x800.jpg 600w, https:\/\/wordpress.nibis.de\/gsbeesten\/files\/2022\/01\/20180703_204257-225x300.jpg 225w, https:\/\/wordpress.nibis.de\/gsbeesten\/files\/2022\/01\/20180703_204257-768x1024.jpg 768w, https:\/\/wordpress.nibis.de\/gsbeesten\/files\/2022\/01\/20180703_204257-1152x1536.jpg 1152w, https:\/\/wordpress.nibis.de\/gsbeesten\/files\/2022\/01\/20180703_204257-1536x2048.jpg 1536w, https:\/\/wordpress.nibis.de\/gsbeesten\/files\/2022\/01\/20180703_204257-203x270.jpg 203w, https:\/\/wordpress.nibis.de\/gsbeesten\/files\/2022\/01\/20180703_204257-scaled.jpg 1920w\" sizes=\"auto, (max-width: 600px) 100vw, 600px\" \/><\/a><figcaption class=\"blocks-gallery-item__caption\">Renovierung der Klassenr\u00e4ume &amp; das neue Smartboard<\/figcaption><\/figure><\/li><li class=\"blocks-gallery-item\"><figure><a href=\"https:\/\/wordpress.nibis.de\/gsbeesten\/files\/2022\/01\/20190227_084136-scaled.jpg\"><img loading=\"lazy\" decoding=\"async\" width=\"800\" height=\"600\" src=\"https:\/\/wordpress.nibis.de\/gsbeesten\/files\/2022\/01\/20190227_084136-800x600.jpg\" alt=\"\" data-id=\"203\" data-full-url=\"https:\/\/wordpress.nibis.de\/gsbeesten\/files\/2022\/01\/20190227_084136-scaled.jpg\" data-link=\"https:\/\/wordpress.nibis.de\/gsbeesten\/?attachment_id=203\" class=\"wp-image-203\" srcset=\"https:\/\/wordpress.nibis.de\/gsbeesten\/files\/2022\/01\/20190227_084136-800x600.jpg 800w, https:\/\/wordpress.nibis.de\/gsbeesten\/files\/2022\/01\/20190227_084136-300x225.jpg 300w, https:\/\/wordpress.nibis.de\/gsbeesten\/files\/2022\/01\/20190227_084136-768x576.jpg 768w, https:\/\/wordpress.nibis.de\/gsbeesten\/files\/2022\/01\/20190227_084136-1536x1152.jpg 1536w, https:\/\/wordpress.nibis.de\/gsbeesten\/files\/2022\/01\/20190227_084136-2048x1536.jpg 2048w, https:\/\/wordpress.nibis.de\/gsbeesten\/files\/2022\/01\/20190227_084136-360x270.jpg 360w\" sizes=\"auto, (max-width: 800px) 100vw, 800px\" \/><\/a><figcaption class=\"blocks-gallery-item__caption\">das fertiggestellte barrierefreie WC<\/figcaption><\/figure><\/li><li class=\"blocks-gallery-item\"><figure><a href=\"https:\/\/wordpress.nibis.de\/gsbeesten\/files\/2022\/01\/20190227_084237-scaled.jpg\"><img loading=\"lazy\" decoding=\"async\" width=\"800\" height=\"600\" src=\"https:\/\/wordpress.nibis.de\/gsbeesten\/files\/2022\/01\/20190227_084237-800x600.jpg\" alt=\"\" data-id=\"204\" data-full-url=\"https:\/\/wordpress.nibis.de\/gsbeesten\/files\/2022\/01\/20190227_084237-scaled.jpg\" data-link=\"https:\/\/wordpress.nibis.de\/gsbeesten\/?attachment_id=204\" class=\"wp-image-204\" srcset=\"https:\/\/wordpress.nibis.de\/gsbeesten\/files\/2022\/01\/20190227_084237-800x600.jpg 800w, https:\/\/wordpress.nibis.de\/gsbeesten\/files\/2022\/01\/20190227_084237-300x225.jpg 300w, https:\/\/wordpress.nibis.de\/gsbeesten\/files\/2022\/01\/20190227_084237-768x576.jpg 768w, https:\/\/wordpress.nibis.de\/gsbeesten\/files\/2022\/01\/20190227_084237-1536x1152.jpg 1536w, https:\/\/wordpress.nibis.de\/gsbeesten\/files\/2022\/01\/20190227_084237-2048x1536.jpg 2048w, https:\/\/wordpress.nibis.de\/gsbeesten\/files\/2022\/01\/20190227_084237-360x270.jpg 360w\" sizes=\"auto, (max-width: 800px) 100vw, 800px\" \/><\/a><figcaption class=\"blocks-gallery-item__caption\">das neue Lehrerzimmer<\/figcaption><\/figure><\/li><li class=\"blocks-gallery-item\"><figure><a href=\"https:\/\/wordpress.nibis.de\/gsbeesten\/files\/2022\/01\/20190227_084251-scaled.jpg\"><img loading=\"lazy\" decoding=\"async\" width=\"800\" height=\"600\" src=\"https:\/\/wordpress.nibis.de\/gsbeesten\/files\/2022\/01\/20190227_084251-800x600.jpg\" alt=\"\" data-id=\"205\" data-full-url=\"https:\/\/wordpress.nibis.de\/gsbeesten\/files\/2022\/01\/20190227_084251-scaled.jpg\" data-link=\"https:\/\/wordpress.nibis.de\/gsbeesten\/?attachment_id=205\" class=\"wp-image-205\" srcset=\"https:\/\/wordpress.nibis.de\/gsbeesten\/files\/2022\/01\/20190227_084251-800x600.jpg 800w, https:\/\/wordpress.nibis.de\/gsbeesten\/files\/2022\/01\/20190227_084251-300x225.jpg 300w, https:\/\/wordpress.nibis.de\/gsbeesten\/files\/2022\/01\/20190227_084251-768x576.jpg 768w, https:\/\/wordpress.nibis.de\/gsbeesten\/files\/2022\/01\/20190227_084251-1536x1152.jpg 1536w, https:\/\/wordpress.nibis.de\/gsbeesten\/files\/2022\/01\/20190227_084251-2048x1536.jpg 2048w, https:\/\/wordpress.nibis.de\/gsbeesten\/files\/2022\/01\/20190227_084251-360x270.jpg 360w\" sizes=\"auto, (max-width: 800px) 100vw, 800px\" \/><\/a><figcaption class=\"blocks-gallery-item__caption\">das neue Lehrerzimmer<\/figcaption><\/figure><\/li><li class=\"blocks-gallery-item\"><figure><a href=\"https:\/\/wordpress.nibis.de\/gsbeesten\/files\/2022\/01\/20190227_084256-scaled.jpg\"><img loading=\"lazy\" decoding=\"async\" width=\"800\" height=\"600\" src=\"https:\/\/wordpress.nibis.de\/gsbeesten\/files\/2022\/01\/20190227_084256-800x600.jpg\" alt=\"\" data-id=\"206\" data-full-url=\"https:\/\/wordpress.nibis.de\/gsbeesten\/files\/2022\/01\/20190227_084256-scaled.jpg\" data-link=\"https:\/\/wordpress.nibis.de\/gsbeesten\/?attachment_id=206\" class=\"wp-image-206\" srcset=\"https:\/\/wordpress.nibis.de\/gsbeesten\/files\/2022\/01\/20190227_084256-800x600.jpg 800w, https:\/\/wordpress.nibis.de\/gsbeesten\/files\/2022\/01\/20190227_084256-300x225.jpg 300w, https:\/\/wordpress.nibis.de\/gsbeesten\/files\/2022\/01\/20190227_084256-768x576.jpg 768w, https:\/\/wordpress.nibis.de\/gsbeesten\/files\/2022\/01\/20190227_084256-1536x1152.jpg 1536w, https:\/\/wordpress.nibis.de\/gsbeesten\/files\/2022\/01\/20190227_084256-2048x1536.jpg 2048w, https:\/\/wordpress.nibis.de\/gsbeesten\/files\/2022\/01\/20190227_084256-360x270.jpg 360w\" sizes=\"auto, (max-width: 800px) 100vw, 800px\" \/><\/a><figcaption class=\"blocks-gallery-item__caption\">Kopierraum neben dem Lehrerzimmer<\/figcaption><\/figure><\/li><li class=\"blocks-gallery-item\"><figure><a href=\"https:\/\/wordpress.nibis.de\/gsbeesten\/files\/2022\/01\/IMG_7581-scaled.jpg\"><img loading=\"lazy\" decoding=\"async\" width=\"600\" height=\"800\" src=\"https:\/\/wordpress.nibis.de\/gsbeesten\/files\/2022\/01\/IMG_7581-600x800.jpg\" alt=\"\" data-id=\"207\" data-full-url=\"https:\/\/wordpress.nibis.de\/gsbeesten\/files\/2022\/01\/IMG_7581-scaled.jpg\" data-link=\"https:\/\/wordpress.nibis.de\/gsbeesten\/?attachment_id=207\" class=\"wp-image-207\" srcset=\"https:\/\/wordpress.nibis.de\/gsbeesten\/files\/2022\/01\/IMG_7581-600x800.jpg 600w, https:\/\/wordpress.nibis.de\/gsbeesten\/files\/2022\/01\/IMG_7581-225x300.jpg 225w, https:\/\/wordpress.nibis.de\/gsbeesten\/files\/2022\/01\/IMG_7581-768x1024.jpg 768w, https:\/\/wordpress.nibis.de\/gsbeesten\/files\/2022\/01\/IMG_7581-1152x1536.jpg 1152w, https:\/\/wordpress.nibis.de\/gsbeesten\/files\/2022\/01\/IMG_7581-1536x2048.jpg 1536w, https:\/\/wordpress.nibis.de\/gsbeesten\/files\/2022\/01\/IMG_7581-203x270.jpg 203w, https:\/\/wordpress.nibis.de\/gsbeesten\/files\/2022\/01\/IMG_7581-scaled.jpg 1920w\" sizes=\"auto, (max-width: 600px) 100vw, 600px\" \/><\/a><figcaption class=\"blocks-gallery-item__caption\">das neue Schulleiterb\u00fcro und Sekretariat<\/figcaption><\/figure><\/li><li class=\"blocks-gallery-item\"><figure><a href=\"https:\/\/wordpress.nibis.de\/gsbeesten\/files\/2022\/01\/IMG-20190125-WA0000.jpg\"><img loading=\"lazy\" decoding=\"async\" width=\"451\" height=\"800\" src=\"https:\/\/wordpress.nibis.de\/gsbeesten\/files\/2022\/01\/IMG-20190125-WA0000-451x800.jpg\" alt=\"\" data-id=\"208\" data-full-url=\"https:\/\/wordpress.nibis.de\/gsbeesten\/files\/2022\/01\/IMG-20190125-WA0000.jpg\" data-link=\"https:\/\/wordpress.nibis.de\/gsbeesten\/?attachment_id=208\" class=\"wp-image-208\" srcset=\"https:\/\/wordpress.nibis.de\/gsbeesten\/files\/2022\/01\/IMG-20190125-WA0000-451x800.jpg 451w, https:\/\/wordpress.nibis.de\/gsbeesten\/files\/2022\/01\/IMG-20190125-WA0000-169x300.jpg 169w, https:\/\/wordpress.nibis.de\/gsbeesten\/files\/2022\/01\/IMG-20190125-WA0000-768x1364.jpg 768w, https:\/\/wordpress.nibis.de\/gsbeesten\/files\/2022\/01\/IMG-20190125-WA0000-865x1536.jpg 865w, https:\/\/wordpress.nibis.de\/gsbeesten\/files\/2022\/01\/IMG-20190125-WA0000-152x270.jpg 152w, https:\/\/wordpress.nibis.de\/gsbeesten\/files\/2022\/01\/IMG-20190125-WA0000.jpg 901w\" sizes=\"auto, (max-width: 451px) 100vw, 451px\" \/><\/a><figcaption class=\"blocks-gallery-item__caption\">das neue Schullogo<\/figcaption><\/figure><\/li><\/ul><\/figure>\n<\/div><\/div>\n","protected":false},"excerpt":{"rendered":"<p>Im Folgenden finden Sie einen Abriss der Beestener Schulgeschichte, der uns dankenswerterweise von Frank Makowski (2016) zur Verf\u00fcgung gestellt wurde. Mein besonderer Dank gilt Otto Teipen, der mir die entscheidenden Quellen, die am Ende dieses Artikels genannt werden, soweit notwendig, zur Verf\u00fcgung gestellt und mir dar\u00fcber hinaus im Gespr\u00e4ch wertvolle Hinweise gegeben hat. Frank Makowski (2016) Ursprung der Schule vermutlich bereits vor 1618 (aus Beesten in Bild und Text, 1992, S.76) 1820\/21 Errichtung der sogenannten &#8222;alten Schule&#8220; auf dem heutigen&#8230;<\/p>\n<p class=\"read-more\"><a class=\"btn btn-default\" href=\"https:\/\/wordpress.nibis.de\/gsbeesten\/schulgeschichte\/\">Weiterlesen<span class=\"screen-reader-text\"> Weiterlesen<\/span><\/a><\/p>\n","protected":false},"author":9193802,"featured_media":0,"parent":0,"menu_order":0,"comment_status":"closed","ping_status":"closed","template":"","meta":{"footnotes":""},"class_list":["post-193","page","type-page","status-publish","hentry"],"_links":{"self":[{"href":"https:\/\/wordpress.nibis.de\/gsbeesten\/wp-json\/wp\/v2\/pages\/193","targetHints":{"allow":["GET"]}}],"collection":[{"href":"https:\/\/wordpress.nibis.de\/gsbeesten\/wp-json\/wp\/v2\/pages"}],"about":[{"href":"https:\/\/wordpress.nibis.de\/gsbeesten\/wp-json\/wp\/v2\/types\/page"}],"author":[{"embeddable":true,"href":"https:\/\/wordpress.nibis.de\/gsbeesten\/wp-json\/wp\/v2\/users\/9193802"}],"replies":[{"embeddable":true,"href":"https:\/\/wordpress.nibis.de\/gsbeesten\/wp-json\/wp\/v2\/comments?post=193"}],"version-history":[{"count":5,"href":"https:\/\/wordpress.nibis.de\/gsbeesten\/wp-json\/wp\/v2\/pages\/193\/revisions"}],"predecessor-version":[{"id":226,"href":"https:\/\/wordpress.nibis.de\/gsbeesten\/wp-json\/wp\/v2\/pages\/193\/revisions\/226"}],"wp:attachment":[{"href":"https:\/\/wordpress.nibis.de\/gsbeesten\/wp-json\/wp\/v2\/media?parent=193"}],"curies":[{"name":"wp","href":"https:\/\/api.w.org\/{rel}","templated":true}]}}