{"id":43,"date":"2021-10-10T12:27:04","date_gmt":"2021-10-10T10:27:04","guid":{"rendered":"https:\/\/wordpress.nibis.de\/gsbeesten\/?page_id=43"},"modified":"2023-04-17T12:11:20","modified_gmt":"2023-04-17T10:11:20","slug":"foerderverein","status":"publish","type":"page","link":"https:\/\/wordpress.nibis.de\/gsbeesten\/foerderverein\/","title":{"rendered":"F\u00f6rderverein"},"content":{"rendered":"\n<div class=\"wp-block-group\"><div class=\"wp-block-group__inner-container is-layout-flow wp-block-group-is-layout-flow\">\n<blockquote class=\"wp-block-quote is-layout-flow wp-block-quote-is-layout-flow\"><p>&#8222;Unsere Kinder verbringen viel Zeit in der Schule und diese ist f\u00fcr sie ein wichtiger Lebensraum.&#8220;<\/p><\/blockquote>\n<\/div><\/div>\n\n\n\n<figure class=\"wp-block-image size-full\"><img loading=\"lazy\" decoding=\"async\" width=\"800\" height=\"239\" src=\"https:\/\/wordpress.nibis.de\/gsbeesten\/files\/2022\/04\/Schullogo.jpg\" alt=\"\" class=\"wp-image-265\" srcset=\"https:\/\/wordpress.nibis.de\/gsbeesten\/files\/2022\/04\/Schullogo.jpg 800w, https:\/\/wordpress.nibis.de\/gsbeesten\/files\/2022\/04\/Schullogo-300x90.jpg 300w, https:\/\/wordpress.nibis.de\/gsbeesten\/files\/2022\/04\/Schullogo-768x229.jpg 768w, https:\/\/wordpress.nibis.de\/gsbeesten\/files\/2022\/04\/Schullogo-604x180.jpg 604w\" sizes=\"auto, (max-width: 800px) 100vw, 800px\" \/><figcaption>Schullogo<\/figcaption><\/figure>\n\n\n\n<p>Ein Verein, in den sich viele einbringen, wird zur lebendigen und sozialen Gemeinschaft. Ziel und Aufgabe des F\u00f6rdervereins ist die stetige Verbesserung des Lebensraumes Schule.<\/p>\n\n\n\n<p>Die Schwerpunkte des F\u00f6rdervereins sind:<\/p>\n\n\n\n<ul class=\"wp-block-list\"><li>soziales Engagement<\/li><li>Verbesserung der Ausstattung (Smartboard, Schulhof)<\/li><li>erweitertes schulisches Angebot (Theaterauff\u00fchrungen, Projekttage)<\/li><\/ul>\n\n\n\n<p>Der F\u00f6rderverein arbeitet eng mit der Schulleitung und dem Schulelternbeirat zusammen. Mitglied werden kann jeder, der die Grundschule Beesten unterst\u00fctzen will.<\/p>\n\n\n\n<h2 class=\"has-yellow-color has-text-color wp-block-heading\">Bankverbindung:<\/h2>\n\n\n\n<div class=\"wp-block-group\"><div class=\"wp-block-group__inner-container is-layout-flow wp-block-group-is-layout-flow\">\n<p>IBAN: DE68 2806 9994 0300 6042 00<br>BIC: GENODEF1SPL<br>Volksbank S\u00fcd-Emsland<\/p>\n<\/div><\/div>\n\n\n\n<p>F\u00fcr ihre Spende und Mitgliedsbeitrag stellen wir Ihnen auf Wunsch gern eine Spendenbescheinigung aus. Vielen Dank f\u00fcr Ihre Unterst\u00fctzung!<\/p>\n\n\n\n<div class=\"wp-block-file\"><a href=\"https:\/\/wordpress.nibis.de\/gsbeesten\/files\/2022\/01\/Beitrittserklaerung.pdf\">Beitrittserkl\u00e4rung<\/a><a href=\"https:\/\/wordpress.nibis.de\/gsbeesten\/files\/2022\/01\/Beitrittserklaerung.pdf\" class=\"wp-block-file__button\">Herunterladen<\/a><\/div>\n\n\n\n<h2 class=\"has-yellow-color has-text-color wp-block-heading\">Ansprechpartner:<\/h2>\n\n\n<p>1. Vorsitzender: Herr T\u00f6bben<br \/>1. Stellvertreter: Herr Middelhove<br \/>2. Stellvertreterin: Frau Lambers<br \/>Schatzmeister: Herr Timmer<br \/>Kassenpr\u00fcfung: Frau Duisen \/ Herr Kemmer<br \/>Schriftf\u00fchrerin: Frau G\u00f6ssling-Thiemeyer<\/p>\n\n\n<h2 class=\"has-yellow-color has-text-color wp-block-heading\">Bereits verwirklichte Projekte<\/h2>\n\n\n\n<ul class=\"wp-block-list\"><li>Neue St\u00fchle und Tische<\/li><li>Ger\u00e4teschuppen<\/li><li>Logo GS Beesten<\/li><li>Ern\u00e4hrungsf\u00fchrerschein<\/li><li>Schulplaner<\/li><li>Forscherboxen (Schall, Br\u00fccken, Stoffe, Strom, Magnetismus, Licht, Schatten)<\/li><li>Antolin Klassenlizenz<\/li><li><span data-mce-type=\"bookmark\" id=\"mce_1_start\" data-mce-style=\"overflow:hidden;line-height:0px\" style=\"overflow:hidden;line-height:0px\">Materialien Betreuung<\/span><\/li><\/ul>\n\n\n\n<figure class=\"wp-block-gallery has-nested-images columns-default is-cropped wp-block-gallery-1 is-layout-flex wp-block-gallery-is-layout-flex\">\n<figure class=\"wp-block-image size-large\"><img loading=\"lazy\" decoding=\"async\" width=\"600\" height=\"800\" data-id=\"271\" src=\"https:\/\/wordpress.nibis.de\/gsbeesten\/files\/2022\/04\/IMG_2177.jpg\" alt=\"\" class=\"wp-image-271\" srcset=\"https:\/\/wordpress.nibis.de\/gsbeesten\/files\/2022\/04\/IMG_2177.jpg 600w, https:\/\/wordpress.nibis.de\/gsbeesten\/files\/2022\/04\/IMG_2177-225x300.jpg 225w, https:\/\/wordpress.nibis.de\/gsbeesten\/files\/2022\/04\/IMG_2177-203x270.jpg 203w\" sizes=\"auto, (max-width: 600px) 100vw, 600px\" \/><figcaption>Die Ausstattung des Computerraumes<\/figcaption><\/figure>\n\n\n\n<figure class=\"wp-block-image size-large\"><img loading=\"lazy\" decoding=\"async\" width=\"600\" height=\"800\" data-id=\"270\" src=\"https:\/\/wordpress.nibis.de\/gsbeesten\/files\/2022\/04\/IMG_2173.jpg\" alt=\"\" class=\"wp-image-270\" srcset=\"https:\/\/wordpress.nibis.de\/gsbeesten\/files\/2022\/04\/IMG_2173.jpg 600w, https:\/\/wordpress.nibis.de\/gsbeesten\/files\/2022\/04\/IMG_2173-225x300.jpg 225w, https:\/\/wordpress.nibis.de\/gsbeesten\/files\/2022\/04\/IMG_2173-203x270.jpg 203w\" sizes=\"auto, (max-width: 600px) 100vw, 600px\" \/><figcaption>einige Forscherboxen<\/figcaption><\/figure>\n\n\n\n<figure class=\"wp-block-image size-large\"><img loading=\"lazy\" decoding=\"async\" width=\"800\" height=\"600\" data-id=\"269\" src=\"https:\/\/wordpress.nibis.de\/gsbeesten\/files\/2022\/04\/IMG_2169.jpg\" alt=\"\" class=\"wp-image-269\" srcset=\"https:\/\/wordpress.nibis.de\/gsbeesten\/files\/2022\/04\/IMG_2169.jpg 800w, https:\/\/wordpress.nibis.de\/gsbeesten\/files\/2022\/04\/IMG_2169-300x225.jpg 300w, https:\/\/wordpress.nibis.de\/gsbeesten\/files\/2022\/04\/IMG_2169-768x576.jpg 768w, https:\/\/wordpress.nibis.de\/gsbeesten\/files\/2022\/04\/IMG_2169-360x270.jpg 360w\" sizes=\"auto, (max-width: 800px) 100vw, 800px\" \/><figcaption>unser Lauf-Kletter-H\u00fcgel<\/figcaption><\/figure>\n\n\n\n<figure class=\"wp-block-image size-large\"><img loading=\"lazy\" decoding=\"async\" width=\"480\" height=\"640\" data-id=\"72\" src=\"https:\/\/wordpress.nibis.de\/gsbeesten\/files\/2022\/01\/Foto-4.jpg\" alt=\"\" class=\"wp-image-72\" srcset=\"https:\/\/wordpress.nibis.de\/gsbeesten\/files\/2022\/01\/Foto-4.jpg 480w, https:\/\/wordpress.nibis.de\/gsbeesten\/files\/2022\/01\/Foto-4-225x300.jpg 225w\" sizes=\"auto, (max-width: 480px) 100vw, 480px\" \/><figcaption>Danksagung <\/figcaption><\/figure>\n\n\n\n<figure class=\"wp-block-image size-large\"><img loading=\"lazy\" decoding=\"async\" width=\"720\" height=\"1280\" data-id=\"71\" src=\"https:\/\/wordpress.nibis.de\/gsbeesten\/files\/2022\/01\/IMG-20180125-WA0001.jpg\" alt=\"\" class=\"wp-image-71\" srcset=\"https:\/\/wordpress.nibis.de\/gsbeesten\/files\/2022\/01\/IMG-20180125-WA0001.jpg 720w, https:\/\/wordpress.nibis.de\/gsbeesten\/files\/2022\/01\/IMG-20180125-WA0001-169x300.jpg 169w, https:\/\/wordpress.nibis.de\/gsbeesten\/files\/2022\/01\/IMG-20180125-WA0001-450x800.jpg 450w\" sizes=\"auto, (max-width: 720px) 100vw, 720px\" \/><figcaption>neue Tische und St\u00fchle in den Klassenr\u00e4umen<\/figcaption><\/figure>\n<\/figure>\n\n\n\n<p><\/p>\n\n\n\n<div class=\"wp-block-file\"><a href=\"https:\/\/wordpress.nibis.de\/gsbeesten\/files\/2022\/01\/Zeitungsartikel-viertes-Smartboard.pdf\">Zeitungsartikel-viertes-Smartboard<\/a><a href=\"https:\/\/wordpress.nibis.de\/gsbeesten\/files\/2022\/01\/Zeitungsartikel-viertes-Smartboard.pdf\" class=\"wp-block-file__button\">Herunterladen<\/a><\/div>\n\n\n\n<p><\/p>\n","protected":false},"excerpt":{"rendered":"<p>&#8222;Unsere Kinder verbringen viel Zeit in der Schule und diese ist f\u00fcr sie ein wichtiger Lebensraum.&#8220; Ein Verein, in den sich viele einbringen, wird zur lebendigen und sozialen Gemeinschaft. Ziel und Aufgabe des F\u00f6rdervereins ist die stetige Verbesserung des Lebensraumes Schule. Die Schwerpunkte des F\u00f6rdervereins sind: soziales Engagement Verbesserung der Ausstattung (Smartboard, Schulhof) erweitertes schulisches Angebot (Theaterauff\u00fchrungen, Projekttage) Der F\u00f6rderverein arbeitet eng mit der Schulleitung und dem Schulelternbeirat zusammen. Mitglied werden kann jeder, der die Grundschule Beesten unterst\u00fctzen will. Bankverbindung:&#8230;<\/p>\n<p class=\"read-more\"><a class=\"btn btn-default\" href=\"https:\/\/wordpress.nibis.de\/gsbeesten\/foerderverein\/\">Weiterlesen<span class=\"screen-reader-text\"> Weiterlesen<\/span><\/a><\/p>\n","protected":false},"author":9193793,"featured_media":0,"parent":0,"menu_order":0,"comment_status":"closed","ping_status":"closed","template":"","meta":{"footnotes":""},"class_list":["post-43","page","type-page","status-publish","hentry"],"_links":{"self":[{"href":"https:\/\/wordpress.nibis.de\/gsbeesten\/wp-json\/wp\/v2\/pages\/43","targetHints":{"allow":["GET"]}}],"collection":[{"href":"https:\/\/wordpress.nibis.de\/gsbeesten\/wp-json\/wp\/v2\/pages"}],"about":[{"href":"https:\/\/wordpress.nibis.de\/gsbeesten\/wp-json\/wp\/v2\/types\/page"}],"author":[{"embeddable":true,"href":"https:\/\/wordpress.nibis.de\/gsbeesten\/wp-json\/wp\/v2\/users\/9193793"}],"replies":[{"embeddable":true,"href":"https:\/\/wordpress.nibis.de\/gsbeesten\/wp-json\/wp\/v2\/comments?post=43"}],"version-history":[{"count":14,"href":"https:\/\/wordpress.nibis.de\/gsbeesten\/wp-json\/wp\/v2\/pages\/43\/revisions"}],"predecessor-version":[{"id":781,"href":"https:\/\/wordpress.nibis.de\/gsbeesten\/wp-json\/wp\/v2\/pages\/43\/revisions\/781"}],"wp:attachment":[{"href":"https:\/\/wordpress.nibis.de\/gsbeesten\/wp-json\/wp\/v2\/media?parent=43"}],"curies":[{"name":"wp","href":"https:\/\/api.w.org\/{rel}","templated":true}]}}