{"id":86,"date":"2022-01-07T10:26:30","date_gmt":"2022-01-07T09:26:30","guid":{"rendered":"https:\/\/wordpress.nibis.de\/gsbeesten\/?page_id=86"},"modified":"2022-03-23T16:25:24","modified_gmt":"2022-03-23T15:25:24","slug":"impressum","status":"publish","type":"page","link":"https:\/\/wordpress.nibis.de\/gsbeesten\/impressum\/","title":{"rendered":"Impressum"},"content":{"rendered":"\n<p>Land Niedersachsen (Dienstanbieter im Sinne des Telemediengesetzes)<br \/>Das Land Niedersachsen ist eine juristische Person des \u00f6ffentlichen Rechts vertreten durch<\/p>\n\n\n\n<div class=\"wp-block-group\"><div class=\"wp-block-group__inner-container is-layout-flow wp-block-group-is-layout-flow\">\n<div class=\"wp-block-group\"><div class=\"wp-block-group__inner-container is-layout-flow wp-block-group-is-layout-flow\">\n<p>Schulleitung:<br \/>Marion G\u00f6ssling-Thiemeyer, Schulleiterin<\/p>\n<\/div><\/div>\n<\/div><\/div>\n\n\n\n<div class=\"wp-block-group\"><div class=\"wp-block-group__inner-container is-layout-flow wp-block-group-is-layout-flow\">\n<p>Grundschule Beesten<br>Hauptstra\u00dfe 22<br>49832 Beesten<br>Tel: 05905 446<br>E-Mail: &#103;&#x72;&#117;&#x6e;&#100;&#x73;&#99;&#x68;&#117;&#x6c;&#101;&#x40;&#98;&#x65;&#101;&#x73;&#116;&#x65;&#110;&#x2e;&#100;&#x65;<br>Schulische Datenschutzbeauftragte: &#x67;&#x72;&#x75;&#110;&#100;sc&#x68;&#x75;&#x6c;&#x65;&#64;&#98;ee&#x73;&#x74;&#x65;&#110;&#46;&#100;e<\/p>\n\n\n\n<p>Verantwortlich f\u00fcr redaktionell-journalistische Angebote i.S.d. \u00a7 55 Abs. 2 Rundfunkstaatsvertrag:<br>Clara Egbers<br>Grundschule Beesten<br>Hauptstra\u00dfe 22<br>49832 Beesten<br>Tel: 05905 446<\/p>\n<\/div><\/div>\n\n\n\n<p>Disclaimer<\/p>\n\n\n\n<p>Diese Webseite beinhaltet externe Links. Deren Inhalte entziehen sich unserer Einflussnahme, sodass eine Gew\u00e4hr f\u00fcr solche Inhalte von uns nicht \u00fcbernommen werden kann.<br>Die Verantwortung liegt stets beim jeweiligen Betreiber der externen Seiten. Zum Zeitpunkt der Verkn\u00fcpfung der externen Links waren keine Rechtsverst\u00f6\u00dfe ersichtlich. Die permanente \u00dcberwachung fremder Inhalte auf Rechtsverst\u00f6\u00dfe ohne konkrete Hinweise ist f\u00fcr uns nicht zumutbar.<br>Sollten wir Kenntnis von Rechtsverletzungen erlangen, werden wir die entsprechenden externen Links unverz\u00fcglich entfernen.<\/p>\n","protected":false},"excerpt":{"rendered":"<p>Land Niedersachsen (Dienstanbieter im Sinne des Telemediengesetzes)Das Land Niedersachsen ist eine juristische Person des \u00f6ffentlichen Rechts vertreten durch Schulleitung:Marion G\u00f6ssling-Thiemeyer, Schulleiterin Grundschule BeestenHauptstra\u00dfe 2249832 BeestenTel: 05905 446E-Mail: &#x67;&#x72;&#117;n&#x64;&#x73;&#99;hu&#x6c;&#x65;&#64;b&#x65;&#x65;&#115;&#116;e&#x6e;&#x2e;&#100;eSchulische Datenschutzbeauftragte: &#103;&#x72;u&#x6e;&#x64;&#115;&#x63;h&#117;&#x6c;&#101;&#x40;b&#101;&#x65;s&#x74;e&#110;&#x2e;d&#x65; Verantwortlich f\u00fcr redaktionell-journalistische Angebote i.S.d. \u00a7 55 Abs. 2 Rundfunkstaatsvertrag:Clara EgbersGrundschule BeestenHauptstra\u00dfe 2249832 BeestenTel: 05905 446 Disclaimer Diese Webseite beinhaltet externe Links. Deren Inhalte entziehen sich unserer Einflussnahme, sodass eine Gew\u00e4hr f\u00fcr solche Inhalte von uns nicht \u00fcbernommen werden kann.Die Verantwortung liegt stets beim jeweiligen Betreiber der externen Seiten. Zum&#8230;<\/p>\n<p class=\"read-more\"><a class=\"btn btn-default\" href=\"https:\/\/wordpress.nibis.de\/gsbeesten\/impressum\/\">Weiterlesen<span class=\"screen-reader-text\"> Weiterlesen<\/span><\/a><\/p>\n","protected":false},"author":9193793,"featured_media":0,"parent":0,"menu_order":0,"comment_status":"closed","ping_status":"closed","template":"","meta":{"footnotes":""},"class_list":["post-86","page","type-page","status-publish","hentry"],"_links":{"self":[{"href":"https:\/\/wordpress.nibis.de\/gsbeesten\/wp-json\/wp\/v2\/pages\/86","targetHints":{"allow":["GET"]}}],"collection":[{"href":"https:\/\/wordpress.nibis.de\/gsbeesten\/wp-json\/wp\/v2\/pages"}],"about":[{"href":"https:\/\/wordpress.nibis.de\/gsbeesten\/wp-json\/wp\/v2\/types\/page"}],"author":[{"embeddable":true,"href":"https:\/\/wordpress.nibis.de\/gsbeesten\/wp-json\/wp\/v2\/users\/9193793"}],"replies":[{"embeddable":true,"href":"https:\/\/wordpress.nibis.de\/gsbeesten\/wp-json\/wp\/v2\/comments?post=86"}],"version-history":[{"count":5,"href":"https:\/\/wordpress.nibis.de\/gsbeesten\/wp-json\/wp\/v2\/pages\/86\/revisions"}],"predecessor-version":[{"id":180,"href":"https:\/\/wordpress.nibis.de\/gsbeesten\/wp-json\/wp\/v2\/pages\/86\/revisions\/180"}],"wp:attachment":[{"href":"https:\/\/wordpress.nibis.de\/gsbeesten\/wp-json\/wp\/v2\/media?parent=86"}],"curies":[{"name":"wp","href":"https:\/\/api.w.org\/{rel}","templated":true}]}}