{"id":91,"date":"2022-01-06T19:06:11","date_gmt":"2022-01-06T18:06:11","guid":{"rendered":"https:\/\/wordpress.nibis.de\/gsbeesten\/?page_id=91"},"modified":"2022-04-07T15:40:49","modified_gmt":"2022-04-07T13:40:49","slug":"unser-leitbild","status":"publish","type":"page","link":"https:\/\/wordpress.nibis.de\/gsbeesten\/unsere-schule\/unser-leitbild\/","title":{"rendered":"Unser Leitbild"},"content":{"rendered":"\n<blockquote class=\"wp-block-quote is-layout-flow wp-block-quote-is-layout-flow\"><p>\u201eDie Sch\u00fcler und Sch\u00fclerinnen verbringen viele Stunden ihres Tages in der Schule. Deshalb verstehen wir unsere Grundschule Beesten als Lern- und Lebensraum, der Lebendigkeit, Gemeinschaftssinn und Geborgenheit vermittelt.\u201c<\/p><cite>Leitbild GS Beesten<\/cite><\/blockquote>\n\n\n\n<figure class=\"wp-block-image size-full is-style-tw-frame\"><img loading=\"lazy\" decoding=\"async\" width=\"800\" height=\"600\" src=\"https:\/\/wordpress.nibis.de\/gsbeesten\/files\/2022\/04\/0eec0276-8d84-4daa-9532-7bb639a1a18e.jpg\" alt=\"\" class=\"wp-image-266\" srcset=\"https:\/\/wordpress.nibis.de\/gsbeesten\/files\/2022\/04\/0eec0276-8d84-4daa-9532-7bb639a1a18e.jpg 800w, https:\/\/wordpress.nibis.de\/gsbeesten\/files\/2022\/04\/0eec0276-8d84-4daa-9532-7bb639a1a18e-300x225.jpg 300w, https:\/\/wordpress.nibis.de\/gsbeesten\/files\/2022\/04\/0eec0276-8d84-4daa-9532-7bb639a1a18e-768x576.jpg 768w, https:\/\/wordpress.nibis.de\/gsbeesten\/files\/2022\/04\/0eec0276-8d84-4daa-9532-7bb639a1a18e-360x270.jpg 360w\" sizes=\"auto, (max-width: 800px) 100vw, 800px\" \/><\/figure>\n\n\n\n<p>Dieser Leitsatz wird im allt\u00e4glichen p\u00e4dagogischen Handeln an unserer Schule durch folgende Leitgedanken konkretisiert und mit Inhalt gef\u00fcllt:<\/p>\n\n\n\n<ul class=\"wp-block-list\"><li>Uns ist wichtig, dass an unserer Schule ein gutes Schulklima herrscht. <\/li><li>Wir sind uns einig, dass wir die Qualit\u00e4t unserer Schule gemeinsam verbessern.<\/li><\/ul>\n\n\n\n<ul class=\"wp-block-list\"><li>Wir sind bereit zur Zusammenarbeit und zum Austausch mit schulischen und au\u00dferschulischen Institutionen.<\/li><li>Wir verstehen uns als Schule, an der alle Beteiligten vertrauensvoll und konstruktiv zusammenarbeiten.<\/li><\/ul>\n\n\n\n<ul class=\"wp-block-list\"><li>Wir sehen unseren Erziehungsauftrag darin, Selbstst\u00e4ndigkeit, Lernbereitschaft, Verantwortungsbewusstsein und Toleranz zu fordern und zu f\u00f6rdern.<\/li><\/ul>\n","protected":false},"excerpt":{"rendered":"<p>\u201eDie Sch\u00fcler und Sch\u00fclerinnen verbringen viele Stunden ihres Tages in der Schule. Deshalb verstehen wir unsere Grundschule Beesten als Lern- und Lebensraum, der Lebendigkeit, Gemeinschaftssinn und Geborgenheit vermittelt.\u201c Leitbild GS Beesten Dieser Leitsatz wird im allt\u00e4glichen p\u00e4dagogischen Handeln an unserer Schule durch folgende Leitgedanken konkretisiert und mit Inhalt gef\u00fcllt: Uns ist wichtig, dass an unserer Schule ein gutes Schulklima herrscht. Wir sind uns einig, dass wir die Qualit\u00e4t unserer Schule gemeinsam verbessern. Wir sind bereit zur Zusammenarbeit und zum Austausch&#8230;<\/p>\n<p class=\"read-more\"><a class=\"btn btn-default\" href=\"https:\/\/wordpress.nibis.de\/gsbeesten\/unsere-schule\/unser-leitbild\/\">Weiterlesen<span class=\"screen-reader-text\"> Weiterlesen<\/span><\/a><\/p>\n","protected":false},"author":9193802,"featured_media":0,"parent":24,"menu_order":1,"comment_status":"closed","ping_status":"closed","template":"","meta":{"footnotes":""},"class_list":["post-91","page","type-page","status-publish","hentry"],"_links":{"self":[{"href":"https:\/\/wordpress.nibis.de\/gsbeesten\/wp-json\/wp\/v2\/pages\/91","targetHints":{"allow":["GET"]}}],"collection":[{"href":"https:\/\/wordpress.nibis.de\/gsbeesten\/wp-json\/wp\/v2\/pages"}],"about":[{"href":"https:\/\/wordpress.nibis.de\/gsbeesten\/wp-json\/wp\/v2\/types\/page"}],"author":[{"embeddable":true,"href":"https:\/\/wordpress.nibis.de\/gsbeesten\/wp-json\/wp\/v2\/users\/9193802"}],"replies":[{"embeddable":true,"href":"https:\/\/wordpress.nibis.de\/gsbeesten\/wp-json\/wp\/v2\/comments?post=91"}],"version-history":[{"count":4,"href":"https:\/\/wordpress.nibis.de\/gsbeesten\/wp-json\/wp\/v2\/pages\/91\/revisions"}],"predecessor-version":[{"id":277,"href":"https:\/\/wordpress.nibis.de\/gsbeesten\/wp-json\/wp\/v2\/pages\/91\/revisions\/277"}],"up":[{"embeddable":true,"href":"https:\/\/wordpress.nibis.de\/gsbeesten\/wp-json\/wp\/v2\/pages\/24"}],"wp:attachment":[{"href":"https:\/\/wordpress.nibis.de\/gsbeesten\/wp-json\/wp\/v2\/media?parent=91"}],"curies":[{"name":"wp","href":"https:\/\/api.w.org\/{rel}","templated":true}]}}