{"id":93,"date":"2022-01-06T19:09:15","date_gmt":"2022-01-06T18:09:15","guid":{"rendered":"https:\/\/wordpress.nibis.de\/gsbeesten\/?page_id=93"},"modified":"2022-01-06T19:16:16","modified_gmt":"2022-01-06T18:16:16","slug":"unsere-klassen","status":"publish","type":"page","link":"https:\/\/wordpress.nibis.de\/gsbeesten\/unsere-schule\/unsere-klassen\/","title":{"rendered":"Unsere Klassen"},"content":{"rendered":"\n<p>Klasse 1: 23 Sch\u00fclerInnen<\/p>\n\n\n\n<p>Klasse 2: 16 Sch\u00fclerInnen<\/p>\n\n\n\n<p>Klasse 3a: 17 Sch\u00fclerInnen<\/p>\n\n\n\n<p>Klasse 3b: 14 Sch\u00fclerInnen<\/p>\n\n\n\n<p>Klasse 4: 20 Sch\u00fclerInnen<\/p>\n","protected":false},"excerpt":{"rendered":"<p>Klasse 1: 23 Sch\u00fclerInnen Klasse 2: 16 Sch\u00fclerInnen Klasse 3a: 17 Sch\u00fclerInnen Klasse 3b: 14 Sch\u00fclerInnen Klasse 4: 20 Sch\u00fclerInnen<\/p>\n","protected":false},"author":9193802,"featured_media":0,"parent":24,"menu_order":2,"comment_status":"closed","ping_status":"closed","template":"","meta":{"footnotes":""},"class_list":["post-93","page","type-page","status-publish","hentry"],"_links":{"self":[{"href":"https:\/\/wordpress.nibis.de\/gsbeesten\/wp-json\/wp\/v2\/pages\/93","targetHints":{"allow":["GET"]}}],"collection":[{"href":"https:\/\/wordpress.nibis.de\/gsbeesten\/wp-json\/wp\/v2\/pages"}],"about":[{"href":"https:\/\/wordpress.nibis.de\/gsbeesten\/wp-json\/wp\/v2\/types\/page"}],"author":[{"embeddable":true,"href":"https:\/\/wordpress.nibis.de\/gsbeesten\/wp-json\/wp\/v2\/users\/9193802"}],"replies":[{"embeddable":true,"href":"https:\/\/wordpress.nibis.de\/gsbeesten\/wp-json\/wp\/v2\/comments?post=93"}],"version-history":[{"count":2,"href":"https:\/\/wordpress.nibis.de\/gsbeesten\/wp-json\/wp\/v2\/pages\/93\/revisions"}],"predecessor-version":[{"id":96,"href":"https:\/\/wordpress.nibis.de\/gsbeesten\/wp-json\/wp\/v2\/pages\/93\/revisions\/96"}],"up":[{"embeddable":true,"href":"https:\/\/wordpress.nibis.de\/gsbeesten\/wp-json\/wp\/v2\/pages\/24"}],"wp:attachment":[{"href":"https:\/\/wordpress.nibis.de\/gsbeesten\/wp-json\/wp\/v2\/media?parent=93"}],"curies":[{"name":"wp","href":"https:\/\/api.w.org\/{rel}","templated":true}]}}