{"id":1174,"date":"2022-09-04T17:38:08","date_gmt":"2022-09-04T15:38:08","guid":{"rendered":"https:\/\/wordpress.nibis.de\/gsbelm\/?page_id=1174"},"modified":"2022-10-10T17:03:25","modified_gmt":"2022-10-10T15:03:25","slug":"foerderverein","status":"publish","type":"page","link":"https:\/\/wordpress.nibis.de\/gsbelm\/foerderverein\/","title":{"rendered":"Willkommen auf der F\u00f6rdervereins-Seite!"},"content":{"rendered":"\n<figure class=\"wp-block-image size-full is-resized\"><img loading=\"lazy\" decoding=\"async\" src=\"https:\/\/wordpress.nibis.de\/gsbelm\/files\/2022\/09\/Logo-auch-neu.jpg\" alt=\"\" class=\"wp-image-1159\" width=\"172\" height=\"164\" \/><\/figure>\n\n\n\n<p>Schon seit mehr als 25 Jahren gibt es diesen Verein, deren Mitglieder sich besonders f\u00fcr die Kinder und das Schulleben an der Grundschule Belm interessieren und engagieren. Wir organisieren und unterst\u00fctzen mit vielen ehrenamtlichen Helfern Veranstaltungen in und rund um die Grundschule Belm. Einnahmen kommen dabei immer den Kindern an der Grundschule Belm zu Gute. Viel wurde investiert in die Schulhofgestaltung und in die technische Ausstattung der Schule.&nbsp;<\/p>\n\n\n\n<p>Im Vereinsvorstand aktiv sind gerade wir:<\/p>\n\n\n\n<figure class=\"wp-block-image size-full is-resized\"><img loading=\"lazy\" decoding=\"async\" src=\"https:\/\/wordpress.nibis.de\/gsbelm\/files\/2022\/09\/Bildschirmfoto-2022-04-08-um-11.31.09.png\" alt=\"\" class=\"wp-image-1152\" width=\"342\" height=\"631\" \/><figcaption>\u00dcbersicht der Vorstandsmitglieder<\/figcaption><\/figure>\n\n\n\n<p>Wir freuen uns immer \u00fcber neue und neugierige Gesichter!&nbsp;<br>Einfach Mitglied werden (s. Flyer mit der Beitrittserkl\u00e4rung unten im Download-Bereich oder im Schulplaner) und mitmachen!&nbsp;Die n\u00e4chste Mitgliederversammlung findet statt am 14.9.2022 um 19 Uhr in der Grundschule Belm.&nbsp;<strong>Herzliche Einladung!<\/strong><br>Bei Fragen, Anmerkungen oder Ideen haben wir \u00fcber&nbsp;<a class=\"\" href=\"&#x6d;&#x61;&#105;&#108;t&#x6f;&#x3a;&#x66;&#111;er&#x64;&#x65;&#114;&#118;e&#x72;&#x65;&#x69;&#110;-g&#x73;&#x2d;&#98;&#101;l&#x6d;&#x40;&#x77;&#101;b&#46;&#x64;&#x65;\">&#102;&#x6f;&#101;&#x72;d&#101;&#x72;&#118;&#x65;r&#x65;i&#110;&#x2d;&#103;&#x73;-&#x62;&#x65;&#108;&#x6d;&#64;&#x77;e&#98;&#x2e;&#100;&#x65;<\/a>&nbsp;stets gleich mehrere offene Ohren f\u00fcr Sie!<br>Viel Spa\u00df beim Umschauen!<\/p>\n\n\n\n<p><br>Sarah Kotzyba und Maike Hebbeler<\/p>\n\n\n\n<p>(1. und 2. Vorsitzende des F\u00f6rdervereins der Grundschule Belm)<\/p>\n\n\n\n<p><\/p>\n\n\n\n<h2 class=\"wp-block-heading\">Unterst\u00fctzung:<\/h2>\n\n\n\n<p>\u00dcber verschiedene Kan\u00e4le k\u00f6nnen Sie den F\u00f6rderverein unterst\u00fctzen:<\/p>\n\n\n\n<p>1. Durch aktive Mitarbeit in den verschiedenen Projekten und Veranstaltungen. Dazu gehen regelm\u00e4\u00dfige Abfragen heraus.&nbsp;<br>2. Beim online-Einkaufen auf Amazon smile: F\u00fcgen Sie den F\u00f6rderverein den von Ihnen unterst\u00fctzten Organisationen zu und spenden Sie so bei jedem Einkauf \u00fcber Amazon etwas an den F\u00f6rderverein und somit an die Schulgemeinschaft der Grundschule Belm. Und das ohne Extra-Kosten f\u00fcr Sie, da Amazon diesen Anteil \u00fcbernimmt.<a class=\"\" href=\"https:\/\/smile.amazon.de\/ch\/65-270-06660\">https:\/\/smile.amazon.de\/ch\/65-270-06660<\/a>&nbsp;oder \u00fcber den QR-Code<\/p>\n\n\n\n<figure class=\"wp-block-image size-full is-resized\"><img loading=\"lazy\" decoding=\"async\" src=\"https:\/\/wordpress.nibis.de\/gsbelm\/files\/2022\/09\/Foerderverein-GSBelm-Amazon-Smile.png\" alt=\"\" class=\"wp-image-1153\" width=\"159\" height=\"159\" \/><figcaption>QR-Code Amazon Smile<\/figcaption><\/figure>\n\n\n\n<p>3. durch direkte Spenden auf das F\u00f6rdervereinskonto oder per PayPal:<a class=\"\" href=\"https:\/\/www.paypal.com\/donate\/?hosted_button_id=XMQNTQMXSYXKA\">https:\/\/www.paypal.com\/donate\/?hosted_button_id=XMQNTQMXSYXKA<\/a>&nbsp;oder \u00fcber den QR-Code<\/p>\n\n\n\n<figure class=\"wp-block-image size-full\"><img loading=\"lazy\" decoding=\"async\" width=\"128\" height=\"128\" src=\"https:\/\/wordpress.nibis.de\/gsbelm\/files\/2022\/09\/Foerderverein-GSB-allgemeiner-Spendenlink-QR-Code.png\" alt=\"\" class=\"wp-image-1154\" \/><figcaption>QR-Code PayPal-Konto<\/figcaption><\/figure>\n\n\n\n<p>Wir danken herzlich f\u00fcr jede Art der Unterst\u00fctzung!<\/p>\n\n\n\n<h2 class=\"wp-block-heading\">Aktuelles<\/h2>\n\n\n\n<p>Hier folgen ein paar Berichte vergangener Aktionen. Au\u00dferdem sind wir f\u00fcr die Grundschule Belm vertreten auf dem Begegnungsfest und dem Weihnachtsmarkt und organisieren auch die Einschulungsveranstaltung mit!<\/p>\n\n\n\n<figure class=\"wp-block-gallery has-nested-images columns-default is-cropped wp-block-gallery-1 is-layout-flex wp-block-gallery-is-layout-flex\">\n<figure class=\"wp-block-image size-large\"><img loading=\"lazy\" decoding=\"async\" width=\"768\" height=\"1024\" data-id=\"1162\" src=\"https:\/\/wordpress.nibis.de\/gsbelm\/files\/2022\/09\/Graffito-Bericht-Belmer-Schaufenster.jpg\" alt=\"\" class=\"wp-image-1162\" \/><figcaption>Graffito<\/figcaption><\/figure>\n\n\n\n<figure class=\"wp-block-image size-large\"><img loading=\"lazy\" decoding=\"async\" width=\"768\" height=\"1024\" data-id=\"1163\" src=\"https:\/\/wordpress.nibis.de\/gsbelm\/files\/2022\/09\/Slackline-Bericht-Belmer-Schaufenster.jpg\" alt=\"\" class=\"wp-image-1163\" \/><figcaption>Slackline<\/figcaption><\/figure>\n\n\n\n<figure class=\"wp-block-image size-large\"><img loading=\"lazy\" decoding=\"async\" width=\"545\" height=\"644\" data-id=\"1158\" src=\"https:\/\/wordpress.nibis.de\/gsbelm\/files\/2022\/09\/Regenpausenspiele.png\" alt=\"\" class=\"wp-image-1158\" \/><figcaption>Regenpausenspiele mit Unterst\u00fctzung durch die Volksbank<\/figcaption><\/figure>\n\n\n\n<figure class=\"wp-block-image size-large\"><img loading=\"lazy\" decoding=\"async\" width=\"595\" height=\"843\" data-id=\"1161\" src=\"https:\/\/wordpress.nibis.de\/gsbelm\/files\/2022\/09\/2022-05-10-Flohmarkt-Info-Flyer.png\" alt=\"\" class=\"wp-image-1161\" \/><figcaption>FLohmarkt in Up de Heede im Mai 2022<\/figcaption><\/figure>\n\n\n\n<figure class=\"wp-block-image size-large\"><img loading=\"lazy\" decoding=\"async\" width=\"560\" height=\"550\" data-id=\"1160\" src=\"https:\/\/wordpress.nibis.de\/gsbelm\/files\/2022\/09\/Spendenlauf-Unicef.png\" alt=\"\" class=\"wp-image-1160\" \/><figcaption>Spendenlauf Unicef<\/figcaption><\/figure>\n<figcaption class=\"blocks-gallery-caption\">Berichte zu vergangenen Aktionen<\/figcaption><\/figure>\n\n\n\n<h2 class=\"wp-block-heading\">Materialien zum Download<\/h2>\n\n\n\n<div data-wp-interactive=\"core\/file\" class=\"wp-block-file\"><object data-wp-bind--hidden=\"!state.hasPdfPreview\" hidden class=\"wp-block-file__embed\" data=\"https:\/\/wordpress.nibis.de\/gsbelm\/files\/2022\/09\/RSFoerdervereinGSBelm_Flyer2020.pdf\" type=\"application\/pdf\" style=\"width:100%;height:600px\" aria-label=\"Einbettung von Einbettung von RSFoerdervereinGSBelm_Flyer2020..\"><\/object><a id=\"wp-block-file--media-afb0d240-70b5-48b3-98ce-60a033faaf19\" href=\"https:\/\/wordpress.nibis.de\/gsbelm\/files\/2022\/09\/RSFoerdervereinGSBelm_Flyer2020.pdf\">RSFoerdervereinGSBelm_Flyer2020<\/a><a href=\"https:\/\/wordpress.nibis.de\/gsbelm\/files\/2022\/09\/RSFoerdervereinGSBelm_Flyer2020.pdf\" class=\"wp-block-file__button\" download aria-describedby=\"wp-block-file--media-afb0d240-70b5-48b3-98ce-60a033faaf19\">Herunterladen<\/a><\/div>\n\n\n\n<div data-wp-interactive=\"core\/file\" class=\"wp-block-file\"><object data-wp-bind--hidden=\"!state.hasPdfPreview\" hidden class=\"wp-block-file__embed\" data=\"https:\/\/wordpress.nibis.de\/gsbelm\/files\/2022\/09\/VSFoerdervereinGSBelm_Flyer2020.pdf\" type=\"application\/pdf\" style=\"width:100%;height:600px\" aria-label=\"Einbettung von Einbettung von VSFoerdervereinGSBelm_Flyer2020..\"><\/object><a id=\"wp-block-file--media-6f61f54a-6bdc-48cc-9878-cd63815c4fd5\" href=\"https:\/\/wordpress.nibis.de\/gsbelm\/files\/2022\/09\/VSFoerdervereinGSBelm_Flyer2020.pdf\">VSFoerdervereinGSBelm_Flyer2020<\/a><a href=\"https:\/\/wordpress.nibis.de\/gsbelm\/files\/2022\/09\/VSFoerdervereinGSBelm_Flyer2020.pdf\" class=\"wp-block-file__button\" download aria-describedby=\"wp-block-file--media-6f61f54a-6bdc-48cc-9878-cd63815c4fd5\">Herunterladen<\/a><\/div>\n\n\n\n<div data-wp-interactive=\"core\/file\" class=\"wp-block-file\"><object data-wp-bind--hidden=\"!state.hasPdfPreview\" hidden class=\"wp-block-file__embed\" data=\"https:\/\/wordpress.nibis.de\/gsbelm\/files\/2022\/09\/Satzung-Foerderverein-der-Grundschule-Belm.pdf\" type=\"application\/pdf\" style=\"width:100%;height:600px\" aria-label=\"Einbettung von Einbettung von Satzung-Foerderverein-der-Grundschule-Belm..\"><\/object><a id=\"wp-block-file--media-95f594cd-73d6-4b7f-8ab3-71cad2960f11\" href=\"https:\/\/wordpress.nibis.de\/gsbelm\/files\/2022\/09\/Satzung-Foerderverein-der-Grundschule-Belm.pdf\">Satzung-Foerderverein-der-Grundschule-Belm<\/a><a href=\"https:\/\/wordpress.nibis.de\/gsbelm\/files\/2022\/09\/Satzung-Foerderverein-der-Grundschule-Belm.pdf\" class=\"wp-block-file__button\" download aria-describedby=\"wp-block-file--media-95f594cd-73d6-4b7f-8ab3-71cad2960f11\">Herunterladen<\/a><\/div>\n","protected":false},"excerpt":{"rendered":"<p>Schon seit mehr als 25 Jahren gibt es diesen Verein, deren Mitglieder sich besonders f\u00fcr die Kinder und das Schulleben an der Grundschule Belm interessieren und engagieren. Wir organisieren und unterst\u00fctzen mit vielen ehrenamtlichen Helfern Veranstaltungen in und rund um &hellip; <a href=\"https:\/\/wordpress.nibis.de\/gsbelm\/foerderverein\/\">Weiterlesen <span class=\"meta-nav\">&rarr;<\/span><\/a><\/p>\n","protected":false},"author":9193389,"featured_media":0,"parent":0,"menu_order":0,"comment_status":"closed","ping_status":"closed","template":"","meta":{"footnotes":""},"class_list":["post-1174","page","type-page","status-publish","hentry"],"_links":{"self":[{"href":"https:\/\/wordpress.nibis.de\/gsbelm\/wp-json\/wp\/v2\/pages\/1174","targetHints":{"allow":["GET"]}}],"collection":[{"href":"https:\/\/wordpress.nibis.de\/gsbelm\/wp-json\/wp\/v2\/pages"}],"about":[{"href":"https:\/\/wordpress.nibis.de\/gsbelm\/wp-json\/wp\/v2\/types\/page"}],"author":[{"embeddable":true,"href":"https:\/\/wordpress.nibis.de\/gsbelm\/wp-json\/wp\/v2\/users\/9193389"}],"replies":[{"embeddable":true,"href":"https:\/\/wordpress.nibis.de\/gsbelm\/wp-json\/wp\/v2\/comments?post=1174"}],"version-history":[{"count":3,"href":"https:\/\/wordpress.nibis.de\/gsbelm\/wp-json\/wp\/v2\/pages\/1174\/revisions"}],"predecessor-version":[{"id":1231,"href":"https:\/\/wordpress.nibis.de\/gsbelm\/wp-json\/wp\/v2\/pages\/1174\/revisions\/1231"}],"wp:attachment":[{"href":"https:\/\/wordpress.nibis.de\/gsbelm\/wp-json\/wp\/v2\/media?parent=1174"}],"curies":[{"name":"wp","href":"https:\/\/api.w.org\/{rel}","templated":true}]}}