{"id":364,"date":"2020-09-08T16:31:37","date_gmt":"2020-09-08T14:31:37","guid":{"rendered":"https:\/\/wordpress.nibis.de\/gsbelm\/?page_id=364"},"modified":"2026-02-19T22:50:49","modified_gmt":"2026-02-19T21:50:49","slug":"gesunde-stunde","status":"publish","type":"page","link":"https:\/\/wordpress.nibis.de\/gsbelm\/gesunde-stunde\/","title":{"rendered":"Gesunde Stunde"},"content":{"rendered":"\n<figure class=\"wp-block-image size-large\"><img loading=\"lazy\" decoding=\"async\" width=\"331\" height=\"184\" src=\"https:\/\/wordpress.nibis.de\/gsbelm\/files\/2020\/09\/gesundestunde_logo.png\" alt=\"\" class=\"wp-image-357\" \/><\/figure>\n\n\n\n<p>Gesunde Stunde e.V.<\/p>\n<p>Die Gesunde Stunde unterst\u00fctzt Familien, ihre eigenen Lebensgewohnheiten aktiv zu gestalten. Dazu geh\u00f6rt eine t\u00e4gliche Gesunde Stunde ohne Fernseh- und Computerkonsum. Stattdessen hei\u00dft die Devise: Bewegung, Entspannung und ausgewogene Ern\u00e4hrung als gemeinsame Aktivit\u00e4t in der Familie.<\/p>\n<p><a href=\"https:\/\/www.gesundestunde.de\/\">https:\/\/www.gesundestunde.de\/<\/a><\/p>\n\n\n","protected":false},"excerpt":{"rendered":"<p>Gesunde Stunde e.V. Die Gesunde Stunde unterst\u00fctzt Familien, ihre eigenen Lebensgewohnheiten aktiv zu gestalten. Dazu geh\u00f6rt eine t\u00e4gliche Gesunde Stunde ohne Fernseh- und Computerkonsum. Stattdessen hei\u00dft die Devise: Bewegung, Entspannung und ausgewogene Ern\u00e4hrung als gemeinsame Aktivit\u00e4t in der Familie. https:\/\/www.gesundestunde.de\/<\/p>\n","protected":false},"author":9193389,"featured_media":0,"parent":0,"menu_order":0,"comment_status":"closed","ping_status":"closed","template":"","meta":{"footnotes":""},"class_list":["post-364","page","type-page","status-publish","hentry"],"_links":{"self":[{"href":"https:\/\/wordpress.nibis.de\/gsbelm\/wp-json\/wp\/v2\/pages\/364","targetHints":{"allow":["GET"]}}],"collection":[{"href":"https:\/\/wordpress.nibis.de\/gsbelm\/wp-json\/wp\/v2\/pages"}],"about":[{"href":"https:\/\/wordpress.nibis.de\/gsbelm\/wp-json\/wp\/v2\/types\/page"}],"author":[{"embeddable":true,"href":"https:\/\/wordpress.nibis.de\/gsbelm\/wp-json\/wp\/v2\/users\/9193389"}],"replies":[{"embeddable":true,"href":"https:\/\/wordpress.nibis.de\/gsbelm\/wp-json\/wp\/v2\/comments?post=364"}],"version-history":[{"count":5,"href":"https:\/\/wordpress.nibis.de\/gsbelm\/wp-json\/wp\/v2\/pages\/364\/revisions"}],"predecessor-version":[{"id":2584,"href":"https:\/\/wordpress.nibis.de\/gsbelm\/wp-json\/wp\/v2\/pages\/364\/revisions\/2584"}],"wp:attachment":[{"href":"https:\/\/wordpress.nibis.de\/gsbelm\/wp-json\/wp\/v2\/media?parent=364"}],"curies":[{"name":"wp","href":"https:\/\/api.w.org\/{rel}","templated":true}]}}